{"id":9712,"date":"2020-11-13T13:51:48","date_gmt":"2020-11-13T10:51:48","guid":{"rendered":"https:\/\/onlinezooshop.md\/?post_type=product&#038;p=9712"},"modified":"2022-09-30T09:42:56","modified_gmt":"2022-09-30T06:42:56","slug":"australian-parrot-loro-paraque-1kg","status":"publish","type":"product","link":"https:\/\/onlinezooshop.md\/ro\/magazin\/australian-parrot-loro-paraque-1kg\/","title":{"rendered":"Australian Parrot Loro Paraque 1KG"},"content":{"rendered":"<p>Australian Parrot Loro Parque Mix este un amestec de cereale \u00eembog\u0103\u021bit cu substan\u021be nutritive suplimentare concepute special pentru papagalii australieni.<br \/>\nAmestecul este \u00eembog\u0103\u021bit cu vitamine, colin\u0103, biotin\u0103 \u0219i acid folic. Con\u021bine fructe, nuci, fructe de p\u0103dure \u0219i boabe umflate.<br \/>\nM\u00e2ncarea este ideal\u0103 pentru hr\u0103nirea zilnic\u0103.<\/p>\n<div class=\"title\">Ingrediente:<\/div>\n<div class=\"content open\">Semin\u021be de \u0219ofr\u0103nel, gr\u00e2u hri\u0219c\u0103, Maxi granule VAM, gr\u00e2u, orz, orez crud, mei alb, ascu\u021bit o Greutate:, decojite o Greutate:, semin\u021be canare, semin\u021be de c\u00e2nep\u0103, mei galben, Dari, sorg, arahide decojite, nuci de pin, coji de stridii Semin\u021be de floarea-soarelui cu dungi, floricele de porumb, m\u0103ce\u0219e, gr\u00e2u aerisit. Metionin\u0103 3.350 mg \/ kg Lizin\u0103 4.500 mg \/ kg Vitamina A 8.000 UI \/ kg Vitamina D3 1.600 UI \/ kg Vitamina E 20 mg \/ kg<\/div>","protected":false},"excerpt":{"rendered":"<div class=\"woocommerce-product-details__short-description\">\n<p><b>HRAN\u0102 PENTRU PAPAGALI MARI<\/b><\/p>\n<\/div>","protected":false},"featured_media":9713,"template":"","meta":[],"product_cat":[66],"product_tag":[],"_links":{"self":[{"href":"https:\/\/onlinezooshop.md\/ro\/wp-json\/wp\/v2\/product\/9712"}],"collection":[{"href":"https:\/\/onlinezooshop.md\/ro\/wp-json\/wp\/v2\/product"}],"about":[{"href":"https:\/\/onlinezooshop.md\/ro\/wp-json\/wp\/v2\/types\/product"}],"wp:featuredmedia":[{"embeddable":true,"href":"https:\/\/onlinezooshop.md\/ro\/wp-json\/wp\/v2\/media\/9713"}],"wp:attachment":[{"href":"https:\/\/onlinezooshop.md\/ro\/wp-json\/wp\/v2\/media?parent=9712"}],"wp:term":[{"taxonomy":"product_cat","embeddable":true,"href":"https:\/\/onlinezooshop.md\/ro\/wp-json\/wp\/v2\/product_cat?post=9712"},{"taxonomy":"product_tag","embeddable":true,"href":"https:\/\/onlinezooshop.md\/ro\/wp-json\/wp\/v2\/product_tag?post=9712"}],"curies":[{"name":"wp","href":"https:\/\/api.w.org\/{rel}","templated":true}]}}