{"id":9714,"date":"2020-11-13T13:56:42","date_gmt":"2020-11-13T10:56:42","guid":{"rendered":"https:\/\/onlinezooshop.md\/?post_type=product&#038;p=9714"},"modified":"2022-09-30T09:42:29","modified_gmt":"2022-09-30T06:42:29","slug":"big-parakeets-prestige-1kg","status":"publish","type":"product","link":"https:\/\/onlinezooshop.md\/ro\/magazin\/big-parakeets-prestige-1kg\/","title":{"rendered":"Big Parakeets Prestige 1KG"},"content":{"rendered":"<p>Hrana de papagal VERSELE-LAGA Big pentru papagali de dimensiuni medii satisface pe deplin nevoile p\u0103s\u0103rilor. Este o formul\u0103 complet\u0103 pentru dieta ta zilnic\u0103. Conceput pentru a satisface nevoile tuturor tipurilor de papagali de dimensiuni medii.<\/p>\n<div class=\"title\">Ingrediente<\/div>\n<div class=\"content open\">Mei galben 32%, Mei ro\u0219u 10%, Semin\u021be canare 9%, Ov\u0103z decojit 9%, Semin\u021be de floarea soarelui cu dungi 6%, \u0218ofran 5%, Gr\u00e2u 5%, Semin\u021be de rapi\u021b\u0103 4%, Semin\u021be de c\u00e2nep\u0103 4%, Mei alb 4%, Semin\u021be in 3%, semin\u021be albe de floarea-soarelui 3%, orez crud 3%, arahide decojite 1%, mei japonez 1%, nug abisinian 1%.<\/div>","protected":false},"excerpt":{"rendered":"<div class=\"woocommerce-product-details__short-description\">\n<p><b>HRAN\u0102 PENTRU PAPAGALI MEDII<\/b><\/p>\n<\/div>","protected":false},"featured_media":9715,"template":"","meta":[],"product_cat":[66],"product_tag":[],"_links":{"self":[{"href":"https:\/\/onlinezooshop.md\/ro\/wp-json\/wp\/v2\/product\/9714"}],"collection":[{"href":"https:\/\/onlinezooshop.md\/ro\/wp-json\/wp\/v2\/product"}],"about":[{"href":"https:\/\/onlinezooshop.md\/ro\/wp-json\/wp\/v2\/types\/product"}],"wp:featuredmedia":[{"embeddable":true,"href":"https:\/\/onlinezooshop.md\/ro\/wp-json\/wp\/v2\/media\/9715"}],"wp:attachment":[{"href":"https:\/\/onlinezooshop.md\/ro\/wp-json\/wp\/v2\/media?parent=9714"}],"wp:term":[{"taxonomy":"product_cat","embeddable":true,"href":"https:\/\/onlinezooshop.md\/ro\/wp-json\/wp\/v2\/product_cat?post=9714"},{"taxonomy":"product_tag","embeddable":true,"href":"https:\/\/onlinezooshop.md\/ro\/wp-json\/wp\/v2\/product_tag?post=9714"}],"curies":[{"name":"wp","href":"https:\/\/api.w.org\/{rel}","templated":true}]}}