{"id":9716,"date":"2020-11-13T14:00:06","date_gmt":"2020-11-13T11:00:06","guid":{"rendered":"https:\/\/onlinezooshop.md\/?post_type=product&#038;p=9716"},"modified":"2020-11-24T14:26:36","modified_gmt":"2020-11-24T11:26:36","slug":"budgie-premium-1kg","status":"publish","type":"product","link":"https:\/\/onlinezooshop.md\/ro\/magazin\/budgie-premium-1kg\/","title":{"rendered":"Budgie Premium 1kg"},"content":{"rendered":"<p>VERSELE-LAGA PRESTIGE PREMIUM BUDGIES \u2014 un amestec complet de cereale de \u00eenalt\u0103 calitate conceput special pentru muguri.<\/p>\n<p>M\u00e2ncarea con\u021bine fructe \u0219i granule BAM, aminoacizi, vitamine \u0219i prebioticul Florastimul, care ajut\u0103 la normalizarea digestiei p\u0103s\u0103rilor. Cojile de stridii m\u0103cinate vor ajuta la stabilirea unei lucr\u0103ri clare a mu\u0219chilor stomacului \u0219i vor asigura men\u021binerea unui echilibru optim de substan\u021be precum fosforul \u0219i calciul.<\/p>\n<p>Masa pachet: 1 kg.<\/p>\n<p>Ingrediente: semin\u021be (min.2% semin\u021be de chia), cereale, deriva\u021bi vegetali, minerale (min.2% coji de stridii), uleiuri \u0219i gr\u0103simi, fructe, zaharuri, fructo-oligozaharide, DL-metionin\u0103 950 mg \/ kg, L- lizin\u0103 250 mg \/ kg, vitamina A 8.000 UI \/ kg, vitamina D3 1.600 UI \/ kg, vitamina E 20 mg \/ kg, sulfat de cupru (II) 7 mg \/ kg.<\/p>","protected":false},"excerpt":{"rendered":"<p>VERSELE-LAGA PRESTIGE PREMIUM BUDGIES \u2014 \u043f\u043e\u043b\u043d\u043e\u0440\u0430\u0446\u0438\u043e\u043d\u043d\u044b\u0435 \u0432\u044b\u0441\u043e\u043a\u043e\u043a\u0430\u0447\u0435\u0441\u0442\u0432\u0435\u043d\u043d\u044b\u0435 \u0437\u0435\u0440\u043d\u043e\u0432\u0430\u044f \u0441\u043c\u0435\u0441\u044c, \u0440\u0430\u0437\u0440\u0430\u0431\u043e\u0442\u0430\u043d\u043d\u0430\u044f \u0441\u043f\u0435\u0446\u0438\u0430\u043b\u044c\u043d\u043e \u0434\u043b\u044f \u0432\u043e\u043b\u043d\u0438\u0441\u0442\u044b\u0445 \u043f\u043e\u043f\u0443\u0433\u0430\u0435\u0432. \u0412 \u0441\u043e\u0441\u0442\u0430\u0432 \u043a\u043e\u0440\u043c\u0430 \u0432\u0445\u043e\u0434\u044f\u0442 \u0444\u0440\u0443\u043a\u0442\u043e\u0432\u044b\u0435 \u0438<\/p>","protected":false},"featured_media":9717,"template":"","meta":[],"product_cat":[66],"product_tag":[],"_links":{"self":[{"href":"https:\/\/onlinezooshop.md\/ro\/wp-json\/wp\/v2\/product\/9716"}],"collection":[{"href":"https:\/\/onlinezooshop.md\/ro\/wp-json\/wp\/v2\/product"}],"about":[{"href":"https:\/\/onlinezooshop.md\/ro\/wp-json\/wp\/v2\/types\/product"}],"wp:featuredmedia":[{"embeddable":true,"href":"https:\/\/onlinezooshop.md\/ro\/wp-json\/wp\/v2\/media\/9717"}],"wp:attachment":[{"href":"https:\/\/onlinezooshop.md\/ro\/wp-json\/wp\/v2\/media?parent=9716"}],"wp:term":[{"taxonomy":"product_cat","embeddable":true,"href":"https:\/\/onlinezooshop.md\/ro\/wp-json\/wp\/v2\/product_cat?post=9716"},{"taxonomy":"product_tag","embeddable":true,"href":"https:\/\/onlinezooshop.md\/ro\/wp-json\/wp\/v2\/product_tag?post=9716"}],"curies":[{"name":"wp","href":"https:\/\/api.w.org\/{rel}","templated":true}]}}