{"id":9720,"date":"2020-11-13T14:05:09","date_gmt":"2020-11-13T11:05:09","guid":{"rendered":"https:\/\/onlinezooshop.md\/?post_type=product&#038;p=9720"},"modified":"2022-09-30T09:41:49","modified_gmt":"2022-09-30T06:41:49","slug":"budgies-prestige-1kg","status":"publish","type":"product","link":"https:\/\/onlinezooshop.md\/ro\/magazin\/budgies-prestige-1kg\/","title":{"rendered":"Budgies Prestige 1kg"},"content":{"rendered":"<p>Include doar ingrediente naturale, spre deosebire de produsul cu acela\u0219i nume marcat \u201ePremium\u201d, care include \u0219i granule VAM.<\/p>\n<p>Versele-Laga Budgies for Budgerigars este renumit pentru puritatea \u0219i varietatea cerealelor, inclusiv mai multe tipuri de mei (galben 52%, ro\u0219u 16% \u0219i alb 12%), semin\u021be canare 5%, ov\u0103z decojit 9%, semin\u021be de in - 3%, \u0219ofran - 2,5%, \u0219i nuga oleaginoas\u0103 - 0,5%.<\/p>\n<p>Toate feedurile din seria Prestige sunt dezvoltate cu participarea universit\u0103\u021bilor \u0219i a cresc\u0103torilor de top din Europa \u0219i din lume, ceea ce explic\u0103 popularitatea lor \u00een cre\u0219e. Prin urmare, pute\u021bi fi sigur c\u0103 compozi\u021bia excelent\u0103 a amestecului de cereale va oferi perg\u0103riei o nutri\u021bie s\u0103n\u0103toas\u0103 \u0219i de calitate.<\/p>","protected":false},"excerpt":{"rendered":"<p>Hran\u0103 Budgies Prestige- este un amestec echilibrat de \u00eenalt\u0103 calitate, adaptat nevoilor papagalilor Budgies.<\/p>","protected":false},"featured_media":9721,"template":"","meta":[],"product_cat":[66],"product_tag":[],"_links":{"self":[{"href":"https:\/\/onlinezooshop.md\/ro\/wp-json\/wp\/v2\/product\/9720"}],"collection":[{"href":"https:\/\/onlinezooshop.md\/ro\/wp-json\/wp\/v2\/product"}],"about":[{"href":"https:\/\/onlinezooshop.md\/ro\/wp-json\/wp\/v2\/types\/product"}],"wp:featuredmedia":[{"embeddable":true,"href":"https:\/\/onlinezooshop.md\/ro\/wp-json\/wp\/v2\/media\/9721"}],"wp:attachment":[{"href":"https:\/\/onlinezooshop.md\/ro\/wp-json\/wp\/v2\/media?parent=9720"}],"wp:term":[{"taxonomy":"product_cat","embeddable":true,"href":"https:\/\/onlinezooshop.md\/ro\/wp-json\/wp\/v2\/product_cat?post=9720"},{"taxonomy":"product_tag","embeddable":true,"href":"https:\/\/onlinezooshop.md\/ro\/wp-json\/wp\/v2\/product_tag?post=9720"}],"curies":[{"name":"wp","href":"https:\/\/api.w.org\/{rel}","templated":true}]}}