{"id":9724,"date":"2020-11-13T14:11:46","date_gmt":"2020-11-13T11:11:46","guid":{"rendered":"https:\/\/onlinezooshop.md\/?post_type=product&#038;p=9724"},"modified":"2022-09-30T09:41:19","modified_gmt":"2022-09-30T06:41:19","slug":"canaries-prestige-1kg","status":"publish","type":"product","link":"https:\/\/onlinezooshop.md\/ro\/magazin\/canaries-prestige-1kg\/","title":{"rendered":"Canaries Prestige 1KG"},"content":{"rendered":"<p>Ideal pentru a c\u00e2nta canari, cum ar fi scufund\u0103ri \u0219i harzers. Amestec de cereale Prestige al produc\u0103torului belgian Versele-Laga este renumit pentru puritatea cerealelor \u0219i o varietate de compozi\u021bii, inclusiv mai multe tipuri de mei.<\/p>\n<p>Toate furajele Prestige sunt dezvoltate cu participarea universit\u0103\u021bilor \u0219i a cresc\u0103torilor de frunte din Europa \u0219i din lume, ceea ce explic\u0103 popularitatea lor printre cre\u0219e. Compozi\u021bia excelent\u0103 a Canaries Prestige va oferi papagalului o nutri\u021bie s\u0103n\u0103toas\u0103 \u0219i de calitate.<\/p>\n<p><b>Con\u021binut:\u00a0<\/b>semin\u021be de canar 63%, rapi\u021b\u0103 19%, rapi\u021b\u0103 6%, semin\u021be de in 5%, ov\u0103z decojit 3%, semin\u021be de c\u00e2nep\u0103 2,5%, nuga oleaginoas\u0103 1,5%.<\/p>","protected":false},"excerpt":{"rendered":"<p>Versele-Laga Canaries Prestige \u2014 hran\u0103 complet\u0103 pentru toate tipurile de papagali Canaries<\/p>","protected":false},"featured_media":9725,"template":"","meta":[],"product_cat":[66],"product_tag":[],"_links":{"self":[{"href":"https:\/\/onlinezooshop.md\/ro\/wp-json\/wp\/v2\/product\/9724"}],"collection":[{"href":"https:\/\/onlinezooshop.md\/ro\/wp-json\/wp\/v2\/product"}],"about":[{"href":"https:\/\/onlinezooshop.md\/ro\/wp-json\/wp\/v2\/types\/product"}],"wp:featuredmedia":[{"embeddable":true,"href":"https:\/\/onlinezooshop.md\/ro\/wp-json\/wp\/v2\/media\/9725"}],"wp:attachment":[{"href":"https:\/\/onlinezooshop.md\/ro\/wp-json\/wp\/v2\/media?parent=9724"}],"wp:term":[{"taxonomy":"product_cat","embeddable":true,"href":"https:\/\/onlinezooshop.md\/ro\/wp-json\/wp\/v2\/product_cat?post=9724"},{"taxonomy":"product_tag","embeddable":true,"href":"https:\/\/onlinezooshop.md\/ro\/wp-json\/wp\/v2\/product_tag?post=9724"}],"curies":[{"name":"wp","href":"https:\/\/api.w.org\/{rel}","templated":true}]}}