{"id":9730,"date":"2020-11-13T14:47:07","date_gmt":"2020-11-13T11:47:07","guid":{"rendered":"https:\/\/onlinezooshop.md\/?post_type=product&#038;p=9730"},"modified":"2023-05-04T22:52:03","modified_gmt":"2023-05-04T19:52:03","slug":"exotic-fruit-600g","status":"publish","type":"product","link":"https:\/\/onlinezooshop.md\/ro\/magazin\/exotic-fruit-600g\/","title":{"rendered":"Exotic Fruit 600G"},"content":{"rendered":"<p>Exotic Fruit hrana pentru papagalii mari cu fructe este bogat\u0103 \u00een fructe (cais, ananas, papaya etc.) \u0219i este foarte pasionat\u0103 de p\u0103s\u0103rile mari. \u00cen plus, con\u021bine calciu \u0219i fosfor. Poate fi folosit ca supliment la alte feed-uri, ca delicatese sau ca feed principal.<\/p>\n<p>Proteine \u200b\u200bbrute 11,0% Gr\u0103simi brute 19,0% Fibre 13,0% Cenu\u0219\u0103 3,0% Calciu 0,1%<\/p>","protected":false},"excerpt":{"rendered":"<div class=\"woocommerce-product-details__short-description\">\n<p><b>TRATAMENT EXOTIC FRUIT PENTRU PAPAGALII MARI CU FRUCTE<\/b><\/p>\n<\/div>","protected":false},"featured_media":9731,"template":"","meta":[],"product_cat":[66],"product_tag":[],"_links":{"self":[{"href":"https:\/\/onlinezooshop.md\/ro\/wp-json\/wp\/v2\/product\/9730"}],"collection":[{"href":"https:\/\/onlinezooshop.md\/ro\/wp-json\/wp\/v2\/product"}],"about":[{"href":"https:\/\/onlinezooshop.md\/ro\/wp-json\/wp\/v2\/types\/product"}],"wp:featuredmedia":[{"embeddable":true,"href":"https:\/\/onlinezooshop.md\/ro\/wp-json\/wp\/v2\/media\/9731"}],"wp:attachment":[{"href":"https:\/\/onlinezooshop.md\/ro\/wp-json\/wp\/v2\/media?parent=9730"}],"wp:term":[{"taxonomy":"product_cat","embeddable":true,"href":"https:\/\/onlinezooshop.md\/ro\/wp-json\/wp\/v2\/product_cat?post=9730"},{"taxonomy":"product_tag","embeddable":true,"href":"https:\/\/onlinezooshop.md\/ro\/wp-json\/wp\/v2\/product_tag?post=9730"}],"curies":[{"name":"wp","href":"https:\/\/api.w.org\/{rel}","templated":true}]}}