{"id":9732,"date":"2020-11-13T14:49:42","date_gmt":"2020-11-13T11:49:42","guid":{"rendered":"https:\/\/onlinezooshop.md\/?post_type=product&#038;p=9732"},"modified":"2023-05-04T22:51:57","modified_gmt":"2023-05-04T19:51:57","slug":"exotic-nuts-750g","status":"publish","type":"product","link":"https:\/\/onlinezooshop.md\/ro\/magazin\/exotic-nuts-750g\/","title":{"rendered":"Exotic Nuts 750G"},"content":{"rendered":"<p>Papagalii ador\u0103 aceast\u0103 m\u00e2ncare. Pachetul con\u021bine o mul\u021bime de nuci \u00eentregi, precum \u0219i un amestec bogat \u00een vitamine de cereale \u0219i semin\u021be. Se folose\u0219te de obicei ca aliment de baz\u0103, pentru p\u0103s\u0103ri sau ca supliment alimentar.<\/p>\n<p>Delicatese pentru papagalii mari cu nuci. Compozi\u021bie: proteine \u200b\u200bbrute 13,0%, gr\u0103simi brute 20,0%, fibre 14,0%, cenu\u0219\u0103 3,0%, calciu 0,1%, fosfor 0,3%.<\/p>","protected":false},"excerpt":{"rendered":"<div class=\"woocommerce-product-details__short-description\">\n<p><b>TRATAMENT EXOTIC NUTS PENTRU PAPAGALII MARI CU NUCI\u00a0<\/b><\/p>\n<\/div>","protected":false},"featured_media":9733,"template":"","meta":[],"product_cat":[66],"product_tag":[],"_links":{"self":[{"href":"https:\/\/onlinezooshop.md\/ro\/wp-json\/wp\/v2\/product\/9732"}],"collection":[{"href":"https:\/\/onlinezooshop.md\/ro\/wp-json\/wp\/v2\/product"}],"about":[{"href":"https:\/\/onlinezooshop.md\/ro\/wp-json\/wp\/v2\/types\/product"}],"wp:featuredmedia":[{"embeddable":true,"href":"https:\/\/onlinezooshop.md\/ro\/wp-json\/wp\/v2\/media\/9733"}],"wp:attachment":[{"href":"https:\/\/onlinezooshop.md\/ro\/wp-json\/wp\/v2\/media?parent=9732"}],"wp:term":[{"taxonomy":"product_cat","embeddable":true,"href":"https:\/\/onlinezooshop.md\/ro\/wp-json\/wp\/v2\/product_cat?post=9732"},{"taxonomy":"product_tag","embeddable":true,"href":"https:\/\/onlinezooshop.md\/ro\/wp-json\/wp\/v2\/product_tag?post=9732"}],"curies":[{"name":"wp","href":"https:\/\/api.w.org\/{rel}","templated":true}]}}