{"id":9734,"date":"2020-11-13T14:52:39","date_gmt":"2020-11-13T11:52:39","guid":{"rendered":"https:\/\/onlinezooshop.md\/?post_type=product&#038;p=9734"},"modified":"2025-11-11T14:36:41","modified_gmt":"2025-11-11T11:36:41","slug":"hempseed-900g","status":"publish","type":"product","link":"https:\/\/onlinezooshop.md\/ro\/magazin\/hempseed-900g\/","title":{"rendered":"Hempseed 900G"},"content":{"rendered":"<p>Descriere: Semin\u021bele de canabis con\u021bin o protein\u0103 u\u0219or de \u00eens\u0103m\u00e2n\u021bat, ceea ce o face un excelent supliment la dieta principal\u0103.<\/p>","protected":false},"excerpt":{"rendered":"<p>Versele-Laga Hempseed este un aliment versatil pentru p\u0103s\u0103ri, at\u00e2t s\u0103lbatice, c\u00e2t \u0219i \u021binute \u00een afara voin\u021bei.<\/p>","protected":false},"featured_media":9735,"template":"","meta":[],"product_cat":[66],"product_tag":[],"_links":{"self":[{"href":"https:\/\/onlinezooshop.md\/ro\/wp-json\/wp\/v2\/product\/9734"}],"collection":[{"href":"https:\/\/onlinezooshop.md\/ro\/wp-json\/wp\/v2\/product"}],"about":[{"href":"https:\/\/onlinezooshop.md\/ro\/wp-json\/wp\/v2\/types\/product"}],"wp:featuredmedia":[{"embeddable":true,"href":"https:\/\/onlinezooshop.md\/ro\/wp-json\/wp\/v2\/media\/9735"}],"wp:attachment":[{"href":"https:\/\/onlinezooshop.md\/ro\/wp-json\/wp\/v2\/media?parent=9734"}],"wp:term":[{"taxonomy":"product_cat","embeddable":true,"href":"https:\/\/onlinezooshop.md\/ro\/wp-json\/wp\/v2\/product_cat?post=9734"},{"taxonomy":"product_tag","embeddable":true,"href":"https:\/\/onlinezooshop.md\/ro\/wp-json\/wp\/v2\/product_tag?post=9734"}],"curies":[{"name":"wp","href":"https:\/\/api.w.org\/{rel}","templated":true}]}}