{"id":9736,"date":"2020-11-13T14:56:23","date_gmt":"2020-11-13T11:56:23","guid":{"rendered":"https:\/\/onlinezooshop.md\/?post_type=product&#038;p=9736"},"modified":"2022-09-30T09:39:04","modified_gmt":"2022-09-30T06:39:04","slug":"oropharma-insect-patee-800g","status":"publish","type":"product","link":"https:\/\/onlinezooshop.md\/ro\/magazin\/oropharma-insect-patee-800g\/","title":{"rendered":"Oropharma Insect Patee 800G"},"content":{"rendered":"<p>Amestec foarte bogat de proteine \u200b\u200banimale \u0219i insecte uscate, ou\u0103 de furnici \u0219i larve mexicane. Compozi\u021bia include cel pu\u021bin 25% insecte.<\/p>\n<p>Ingrediente: produse de panifica\u021bie, insecte, extracte de proteine \u200b\u200bvegetale, uleiuri \u0219i gr\u0103simi, miere, diferite zaharuri, molu\u0219te \u0219i crustacee, minerale, deriva\u021bi vegetali<\/p>\n<p>COMPONENTE ANALITICE:<br \/>\nProteine \u200b\u200b23,50%, con\u021binut de gr\u0103simi 17,00%, fibre brute 2,00%, cenu\u0219\u0103 brut\u0103 10,00%, calciu 1,20%, fosfor 0,80%, lizin\u0103 1,00%, metionin\u0103 0,55% , treonin\u0103 0,80%, triptofan 0,20%, cistin\u0103 0,35%<\/p>\n<p>Adaosuri\/ kg<br \/>\nSUPLIMENTE NUTRITIVE<br \/>\nVitamina A 9300 UI, \u03b2-caroten 5,00 mg, vitamina D3 1125 UI, vitamina E 205 mg, vitamina K3 1,80 mg, vitamina B1 4,30 mg, vitamina B2 9,60 mg, D-pantotenat de calciu 12 mg , vitamina B6 3,6 mg, vitamina B12 0,02 mg, niacin\u0103 39 mg, vitamina C 45 mg, clorur\u0103 de colin\u0103 1200 mg, acid folic 0,72 mg, biotin\u0103 0,12 mg, 3b202 (iod) 2 mg, E4 (cupru) 10 mg, 3b502 (mangan) 100 mg, 3b605 (zinc) 97 mg, E8 (seleniu) 0,20 mg<\/p>","protected":false},"excerpt":{"rendered":"<p>Hran\u0103 suplimentar\u0103 pentru p\u0103s\u0103ri<strong>\u00a0\u2015 Orlux Insect patee\u00a0<\/strong>\u00a0pentru p\u0103s\u0103ri tropicale, papagali mijlocii \u0219i mari \u0219i loris. Este, de asemenea, un aliment complet pentru toate p\u0103s\u0103rile insectivore.<\/p>","protected":false},"featured_media":9737,"template":"","meta":[],"product_cat":[66],"product_tag":[],"_links":{"self":[{"href":"https:\/\/onlinezooshop.md\/ro\/wp-json\/wp\/v2\/product\/9736"}],"collection":[{"href":"https:\/\/onlinezooshop.md\/ro\/wp-json\/wp\/v2\/product"}],"about":[{"href":"https:\/\/onlinezooshop.md\/ro\/wp-json\/wp\/v2\/types\/product"}],"wp:featuredmedia":[{"embeddable":true,"href":"https:\/\/onlinezooshop.md\/ro\/wp-json\/wp\/v2\/media\/9737"}],"wp:attachment":[{"href":"https:\/\/onlinezooshop.md\/ro\/wp-json\/wp\/v2\/media?parent=9736"}],"wp:term":[{"taxonomy":"product_cat","embeddable":true,"href":"https:\/\/onlinezooshop.md\/ro\/wp-json\/wp\/v2\/product_cat?post=9736"},{"taxonomy":"product_tag","embeddable":true,"href":"https:\/\/onlinezooshop.md\/ro\/wp-json\/wp\/v2\/product_tag?post=9736"}],"curies":[{"name":"wp","href":"https:\/\/api.w.org\/{rel}","templated":true}]}}