{"id":9738,"date":"2020-11-13T14:58:46","date_gmt":"2020-11-13T11:58:46","guid":{"rendered":"https:\/\/onlinezooshop.md\/?post_type=product&#038;p=9738"},"modified":"2021-12-21T11:11:52","modified_gmt":"2021-12-21T08:11:52","slug":"parakeet-premium-2-5kg","status":"publish","type":"product","link":"https:\/\/onlinezooshop.md\/ro\/magazin\/parakeet-premium-2-5kg\/","title":{"rendered":"Parakeet Premium 2.5Kg"},"content":{"rendered":"<p>Parakeet Premium for Budgerigars este un amestec echilibrat de \u00eenalt\u0103 calitate cu granule VAM, special adaptat pentru papagalii mici.<\/p>\n<p>Parakeet Premium con\u021bine cochilii de stridii pentru a v\u0103 ajuta mu\u0219chii stomacului s\u0103 v\u0103 echilibreze fosforul \u0219i calciul \u00een organism \u0219i semin\u021bele de chia ca surs\u0103 de acizi gra\u0219i omega-3. Feedurile din seria Prestige au fost dezvoltate cu participarea universit\u0103\u021bilor \u0219i a cresc\u0103torilor de top din Europa \u0219i din lume, ceea ce le face populare printre cre\u0219e.<\/p>\n<p>COMPOZITIE: Seminte canare 37%, mei galben 19%, mei albi 13%, V.A.M. granule 8%, mei japonez 7%, ov\u0103z decojit 6%, galben panic 4%, coaj\u0103 2%, mei ro\u0219u 2%, semin\u021be de in 1%, chia 1%<\/p>\n<p>COMPONENTE ANALITICE:<br \/>\nProteine \u200b\u200b14%, con\u021binut de gr\u0103simi 6%, fibre brute 6,5%, cenu\u0219\u0103 brut\u0103 6,5%, calciu 0,9%, fosfor 0,4%, lizin\u0103 0,35%, metionin\u0103 0,35%, treonin\u0103 0, 40%<\/p>\n<p>Adaosuri\/ kg<br \/>\nSUPLIMENTE NUTRITIVE<br \/>\nVitamina A 8800 UI, Vitamina D3 1600 UI, Vitamina E 20 mg, Vitamina K 0,96 mg, Vitamina B1 1,30 mg, Vitamina B2 5 mg, Vitamina B3 7 mg, Vitamina B6 2 mg, Vitamina B12 0,02 mg , vitamina PP 26 mg, acid folic 0,50 mg, biotin\u0103 0,04 mg, colin\u0103 350 mg, 3b103 (fier) \u200b\u200b20 mg, 3b202 (iod) 1,5 mg, 3b405 (cupru) 7 mg, 3b502 (mangan) 48 mg, 3b603 (zinc) 45 mg<\/p>\n<p>ADITIVI TEHNOLOGICI<br \/>\nCon\u021bine conservan\u021bi \u0219i antioxidan\u021bi.<\/p>\n<p>ADITIVI SENZORIALI<br \/>\nColoran\u021bi<\/p>","protected":false},"excerpt":{"rendered":"<div class=\"woocommerce-product-details__short-description\">\n<p>Parakeet Premium pentru papagali adul\u021bi<\/p>\n<\/div>\n<form class=\"cart\" action=\"http:\/\/zooroyal.md\/ru\/shop\/%d0%b4%d0%bb%d1%8f-%d0%bf%d1%82%d0%b8%d1%86\/parakeet-premium-2-5kg\/\" enctype=\"multipart\/form-data\" method=\"post\" data-trp-original-action=\"http:\/\/zooroyal.md\/ru\/shop\/%d0%b4%d0%bb%d1%8f-%d0%bf%d1%82%d0%b8%d1%86\/parakeet-premium-2-5kg\/\">\n<div class=\"quantity\"><\/div>\n<input type=\"hidden\" name=\"trp-form-language\" value=\"ro\"\/><\/form>","protected":false},"featured_media":9739,"template":"","meta":[],"product_cat":[66],"product_tag":[],"_links":{"self":[{"href":"https:\/\/onlinezooshop.md\/ro\/wp-json\/wp\/v2\/product\/9738"}],"collection":[{"href":"https:\/\/onlinezooshop.md\/ro\/wp-json\/wp\/v2\/product"}],"about":[{"href":"https:\/\/onlinezooshop.md\/ro\/wp-json\/wp\/v2\/types\/product"}],"wp:featuredmedia":[{"embeddable":true,"href":"https:\/\/onlinezooshop.md\/ro\/wp-json\/wp\/v2\/media\/9739"}],"wp:attachment":[{"href":"https:\/\/onlinezooshop.md\/ro\/wp-json\/wp\/v2\/media?parent=9738"}],"wp:term":[{"taxonomy":"product_cat","embeddable":true,"href":"https:\/\/onlinezooshop.md\/ro\/wp-json\/wp\/v2\/product_cat?post=9738"},{"taxonomy":"product_tag","embeddable":true,"href":"https:\/\/onlinezooshop.md\/ro\/wp-json\/wp\/v2\/product_tag?post=9738"}],"curies":[{"name":"wp","href":"https:\/\/api.w.org\/{rel}","templated":true}]}}