{"id":9741,"date":"2020-11-13T15:20:39","date_gmt":"2020-11-13T12:20:39","guid":{"rendered":"https:\/\/onlinezooshop.md\/?post_type=product&#038;p=9741"},"modified":"2020-11-24T14:24:02","modified_gmt":"2020-11-24T11:24:02","slug":"parrots-premium-1-kg","status":"publish","type":"product","link":"https:\/\/onlinezooshop.md\/ro\/magazin\/parrots-premium-1-kg\/","title":{"rendered":"Parrots Premium 1 kg"},"content":{"rendered":"<p>Prestige Parrots Premium Mix pentru papagali este un amestec de cereale \u00eembog\u0103\u021bit cu nutrien\u021bi suplimentari necesari papagalii pentru a r\u0103m\u00e2ne \u00een stare bun\u0103.<br \/>\nAcest amestec este format din semin\u021be selectate \u0219i este \u00eembog\u0103\u021bit suplimentar cu vitamine, aminoacizi \u0219i minerale ad\u0103ugate la granulele extrase Maxi VAM.<br \/>\n\u00cen plus, delicioasele granule Maxi VAM con\u021bin Florastimul, care garanteaz\u0103 o bun\u0103 func\u021bie a intestinului \u0219i o stare excelent\u0103.<br \/>\nCoaja de stridie m\u0103cinat\u0103 asigur\u0103 buna func\u021bionare a gizzardului \u0219i echilibrul calciu \/ fosfor.<br \/>\nMixture Big Parrots Premium - Parrots Premium este \u00eembog\u0103\u021bit cu:<br \/>\nvitaminele K, B1, B2, B6, B12, C, PP, acid folic, biotin\u0103 \u0219i colin\u0103. Minerale: sodiu, magneziu \u0219i potasiu.<br \/>\n- Oligoelemente: fier, cupru, mangan, zinc, iod \u0219i seleniu.<\/p>\n<div class=\"title\">Ingrediente:<\/div>\n<div class=\"content open\">Semin\u021be de floarea soarelui cu dungi 13,5%, \u0219ofr\u0103n\u0103 12%, hri\u0219c\u0103 9%, orez 9%, ascu\u021bite Greutate: 8%, semin\u021be canare 7%, semin\u021be de floarea soarelui albe 5,5%, semin\u021be de c\u00e2nep\u0103 4%, nuci , Semin\u021be de dovleac, decojite 3%, mei galben 3%, mei ro\u0219ii 2%, Dari 2%, maz\u0103re verde mic\u0103 2%, porumb 2%, floricele 1%, gr\u00e2u aerian 1%, m\u0103ce\u0219 1%, semin\u021be de pin 1%, Ardei ro\u0219u 1%, Maxi Granule VAM 8%, Coji de stridii 2%.<\/div>","protected":false},"excerpt":{"rendered":"<div class=\"woocommerce-product-details__short-description\">\n<p><b>HRAN\u0102 PENTRU PAPAGALI MARI<\/b><\/p>\n<\/div>","protected":false},"featured_media":9742,"template":"","meta":[],"product_cat":[66],"product_tag":[],"_links":{"self":[{"href":"https:\/\/onlinezooshop.md\/ro\/wp-json\/wp\/v2\/product\/9741"}],"collection":[{"href":"https:\/\/onlinezooshop.md\/ro\/wp-json\/wp\/v2\/product"}],"about":[{"href":"https:\/\/onlinezooshop.md\/ro\/wp-json\/wp\/v2\/types\/product"}],"wp:featuredmedia":[{"embeddable":true,"href":"https:\/\/onlinezooshop.md\/ro\/wp-json\/wp\/v2\/media\/9742"}],"wp:attachment":[{"href":"https:\/\/onlinezooshop.md\/ro\/wp-json\/wp\/v2\/media?parent=9741"}],"wp:term":[{"taxonomy":"product_cat","embeddable":true,"href":"https:\/\/onlinezooshop.md\/ro\/wp-json\/wp\/v2\/product_cat?post=9741"},{"taxonomy":"product_tag","embeddable":true,"href":"https:\/\/onlinezooshop.md\/ro\/wp-json\/wp\/v2\/product_tag?post=9741"}],"curies":[{"name":"wp","href":"https:\/\/api.w.org\/{rel}","templated":true}]}}