{"id":9743,"date":"2020-11-13T15:24:01","date_gmt":"2020-11-13T12:24:01","guid":{"rendered":"https:\/\/onlinezooshop.md\/?post_type=product&#038;p=9743"},"modified":"2022-09-30T09:38:00","modified_gmt":"2022-09-30T06:38:00","slug":"parrots-prestige-1kg","status":"publish","type":"product","link":"https:\/\/onlinezooshop.md\/ro\/magazin\/parrots-prestige-1kg\/","title":{"rendered":"Parrots Prestige 1kg"},"content":{"rendered":"<p>M\u00e2ncare ideal\u0103 pentru rasele mari de papagali.<br \/>\nCon\u021bine un num\u0103r mare de boabe din diferite plante, \u00eembog\u0103\u021bite suplimentar cu un complex de vitamine, oligoelemente \u0219i minerale, necesare papagalilor mari pentru o via\u021b\u0103 deplin\u0103.<br \/>\nPerfect pentru utilizarea zilnic\u0103.<\/p>\n<div class=\"title\">Ingrediente<\/div>\n<div class=\"content open\">Semin\u021be de floarea-soarelui cu dungi 25%, semin\u021be de floarea-soarelui albe 20%, porumb 7%, gr\u00e2u 6%, \u0219ofran 5%, arahide decojite 5%, ov\u0103z 5%, hri\u0219c\u0103 5%, orez 4%, arahide \u00eentregi 4%, sorg 3 %, Seminte de canepa 3%, Ovaz decojit 3%, Nuci de pin 2%, Popcorn 2%, Seminte de dovleac 1%<\/div>","protected":false},"excerpt":{"rendered":"<p><b>HRAN\u0102 PENTRU PAPAGALI MARI<\/b><\/p>","protected":false},"featured_media":9744,"template":"","meta":[],"product_cat":[66],"product_tag":[],"_links":{"self":[{"href":"https:\/\/onlinezooshop.md\/ro\/wp-json\/wp\/v2\/product\/9743"}],"collection":[{"href":"https:\/\/onlinezooshop.md\/ro\/wp-json\/wp\/v2\/product"}],"about":[{"href":"https:\/\/onlinezooshop.md\/ro\/wp-json\/wp\/v2\/types\/product"}],"wp:featuredmedia":[{"embeddable":true,"href":"https:\/\/onlinezooshop.md\/ro\/wp-json\/wp\/v2\/media\/9744"}],"wp:attachment":[{"href":"https:\/\/onlinezooshop.md\/ro\/wp-json\/wp\/v2\/media?parent=9743"}],"wp:term":[{"taxonomy":"product_cat","embeddable":true,"href":"https:\/\/onlinezooshop.md\/ro\/wp-json\/wp\/v2\/product_cat?post=9743"},{"taxonomy":"product_tag","embeddable":true,"href":"https:\/\/onlinezooshop.md\/ro\/wp-json\/wp\/v2\/product_tag?post=9743"}],"curies":[{"name":"wp","href":"https:\/\/api.w.org\/{rel}","templated":true}]}}