{"id":9752,"date":"2020-11-16T11:26:27","date_gmt":"2020-11-16T08:26:27","guid":{"rendered":"https:\/\/onlinezooshop.md\/?post_type=product&#038;p=9752"},"modified":"2022-09-30T09:36:43","modified_gmt":"2022-09-30T06:36:43","slug":"tropical-finches-prestige-1kg","status":"publish","type":"product","link":"https:\/\/onlinezooshop.md\/ro\/magazin\/tropical-finches-prestige-1kg\/","title":{"rendered":"Tropical Finches Prestige 1KG"},"content":{"rendered":"<p>Ingredientele din furaje sunt bine echilibrate \u0219i ofer\u0103 o hran\u0103 zilnic\u0103 complet\u0103 pentru p\u0103s\u0103rile medii. Vitaminele \u0219i mineralele vor oferi corpului animalului de companie tot ce are nevoie.<\/p>\n<p>Con\u021binut:<\/p>\n<p>Chumiza galben 48%, mei galben 32%, semin\u021be canare 9%, ro\u0219u Chumiza 6%, mei ro\u0219u 3%, nug abisinian 2%<\/p>","protected":false},"excerpt":{"rendered":"<p>Tropical Finches hran\u0103 pentru tot felul de p\u0103s\u0103ri exotice.<\/p>","protected":false},"featured_media":9753,"template":"","meta":[],"product_cat":[66],"product_tag":[],"_links":{"self":[{"href":"https:\/\/onlinezooshop.md\/ro\/wp-json\/wp\/v2\/product\/9752"}],"collection":[{"href":"https:\/\/onlinezooshop.md\/ro\/wp-json\/wp\/v2\/product"}],"about":[{"href":"https:\/\/onlinezooshop.md\/ro\/wp-json\/wp\/v2\/types\/product"}],"wp:featuredmedia":[{"embeddable":true,"href":"https:\/\/onlinezooshop.md\/ro\/wp-json\/wp\/v2\/media\/9753"}],"wp:attachment":[{"href":"https:\/\/onlinezooshop.md\/ro\/wp-json\/wp\/v2\/media?parent=9752"}],"wp:term":[{"taxonomy":"product_cat","embeddable":true,"href":"https:\/\/onlinezooshop.md\/ro\/wp-json\/wp\/v2\/product_cat?post=9752"},{"taxonomy":"product_tag","embeddable":true,"href":"https:\/\/onlinezooshop.md\/ro\/wp-json\/wp\/v2\/product_tag?post=9752"}],"curies":[{"name":"wp","href":"https:\/\/api.w.org\/{rel}","templated":true}]}}