{"id":9754,"date":"2020-11-16T11:28:06","date_gmt":"2020-11-16T08:28:06","guid":{"rendered":"https:\/\/onlinezooshop.md\/?post_type=product&#038;p=9754"},"modified":"2020-11-24T14:22:56","modified_gmt":"2020-11-24T11:22:56","slug":"tropical-finches-prestige-triumf-1kg","status":"publish","type":"product","link":"https:\/\/onlinezooshop.md\/ro\/magazin\/tropical-finches-prestige-triumf-1kg\/","title":{"rendered":"Tropical Finches Prestige Triumf 1KG"},"content":{"rendered":"<p>Ingredientele din furaje sunt bine echilibrate \u0219i ofer\u0103 o hran\u0103 zilnic\u0103 complet\u0103 pentru p\u0103s\u0103rile medii. Vitaminele \u0219i mineralele vor oferi corpului animalului de companie tot ce are nevoie.<\/p>\n<p>Con\u021binut:<\/p>\n<p>Semin\u021be canare, semin\u021be s\u0103lbatice, rapi\u021b\u0103, semin\u021be de in, semin\u021be de niger, mei galben, mei alb, mei ro\u0219u, galben panicum, ro\u0219u panicum<\/p>\n<p>COMPONENTE ANALITICE:<br \/>\nProteine \u200b\u200b17,00%, con\u021binut de gr\u0103simi 11,50%, fibre brute 6,50%, cenu\u0219\u0103 brut\u0103 4,50%, calciu 0,14%, fosfor 0,50%, lizin\u0103 0,48%, metionin\u0103 0,30% , treonin\u0103 0,48%<\/p>","protected":false},"excerpt":{"rendered":"<p>Tropical Finches hran\u0103 pentru tot felul de p\u0103s\u0103ri exotice.<\/p>","protected":false},"featured_media":9755,"template":"","meta":[],"product_cat":[66],"product_tag":[],"_links":{"self":[{"href":"https:\/\/onlinezooshop.md\/ro\/wp-json\/wp\/v2\/product\/9754"}],"collection":[{"href":"https:\/\/onlinezooshop.md\/ro\/wp-json\/wp\/v2\/product"}],"about":[{"href":"https:\/\/onlinezooshop.md\/ro\/wp-json\/wp\/v2\/types\/product"}],"wp:featuredmedia":[{"embeddable":true,"href":"https:\/\/onlinezooshop.md\/ro\/wp-json\/wp\/v2\/media\/9755"}],"wp:attachment":[{"href":"https:\/\/onlinezooshop.md\/ro\/wp-json\/wp\/v2\/media?parent=9754"}],"wp:term":[{"taxonomy":"product_cat","embeddable":true,"href":"https:\/\/onlinezooshop.md\/ro\/wp-json\/wp\/v2\/product_cat?post=9754"},{"taxonomy":"product_tag","embeddable":true,"href":"https:\/\/onlinezooshop.md\/ro\/wp-json\/wp\/v2\/product_tag?post=9754"}],"curies":[{"name":"wp","href":"https:\/\/api.w.org\/{rel}","templated":true}]}}