{"id":9758,"date":"2020-11-16T11:32:10","date_gmt":"2020-11-16T08:32:10","guid":{"rendered":"https:\/\/onlinezooshop.md\/?post_type=product&#038;p=9758"},"modified":"2022-09-30T09:44:50","modified_gmt":"2022-09-30T06:44:50","slug":"uni-patee-universal-softbillfood-orlux-1kg","status":"publish","type":"product","link":"https:\/\/onlinezooshop.md\/ro\/magazin\/uni-patee-universal-softbillfood-orlux-1kg\/","title":{"rendered":"Uni Patee \u2014 Universal Softbillfood Orlux 1Kg"},"content":{"rendered":"<p>Ingrediente: produse de panifica\u021bie, extracte de proteine \u200b\u200bvegetale, uleiuri \u0219i gr\u0103simi, miere, diferite zaharuri, semin\u021be, fructe, minerale, crustacee \u0219i crustacee.<\/p>\n<p>COMPONENTE ANALITICE:<br \/>\nProteine \u200b\u200b15,50%, con\u021binut de gr\u0103simi 16%, fibre brute 2%, cenu\u0219\u0103 brut\u0103 6%, calciu 1,30%, fosfor 0,70%, lizin\u0103 0,70%, metionin\u0103 0,30%, treonin\u0103 0,50% , triptofan 0,15%, cistin\u0103 0,30%<\/p>\n<p>Adaosuri\/ kg<br \/>\nSUPLIMENTE NUTRITIVE<br \/>\nVitamina A 8400 UI, \u03b2-caroten 4,65 mg, vitamina D3 1000 UI, vitamina E 185 mg, vitamina K3 1,60 mg, vitamina B1 3,85 mg, vitamina B2 8,60 mg, D-pantotenat de calciu 10, 50 mg, vitamina B6 3,20 mg, vitamina B12 0,02 mg, niacin\u0103 35 mg, vitamina C 40 mg, clorur\u0103 de colin\u0103 1200 mg, acid folic 0,65 mg, biotin\u0103 0,11 mg, 3b202 (iod) 2 mg , E4 (cupru) 10 mg, 3b502 (mangan) 100 mg, 3b605 (zinc)) 97 mg, E8 (seleniu) 0,20 mg<\/p>","protected":false},"excerpt":{"rendered":"<p>Uni Patee \u2014hran\u0103 complet\u0103 \u0219i echilibrat\u0103 pentru p\u0103s\u0103rile care se hr\u0103nesc cu fructe \u0219i insectivore. Furaje universale cu valoare nutritiv\u0103 ridicat\u0103.<\/p>","protected":false},"featured_media":9759,"template":"","meta":[],"product_cat":[66],"product_tag":[],"_links":{"self":[{"href":"https:\/\/onlinezooshop.md\/ro\/wp-json\/wp\/v2\/product\/9758"}],"collection":[{"href":"https:\/\/onlinezooshop.md\/ro\/wp-json\/wp\/v2\/product"}],"about":[{"href":"https:\/\/onlinezooshop.md\/ro\/wp-json\/wp\/v2\/types\/product"}],"wp:featuredmedia":[{"embeddable":true,"href":"https:\/\/onlinezooshop.md\/ro\/wp-json\/wp\/v2\/media\/9759"}],"wp:attachment":[{"href":"https:\/\/onlinezooshop.md\/ro\/wp-json\/wp\/v2\/media?parent=9758"}],"wp:term":[{"taxonomy":"product_cat","embeddable":true,"href":"https:\/\/onlinezooshop.md\/ro\/wp-json\/wp\/v2\/product_cat?post=9758"},{"taxonomy":"product_tag","embeddable":true,"href":"https:\/\/onlinezooshop.md\/ro\/wp-json\/wp\/v2\/product_tag?post=9758"}],"curies":[{"name":"wp","href":"https:\/\/api.w.org\/{rel}","templated":true}]}}