{"id":9760,"date":"2020-11-16T11:35:36","date_gmt":"2020-11-16T08:35:36","guid":{"rendered":"https:\/\/onlinezooshop.md\/?post_type=product&#038;p=9760"},"modified":"2026-04-01T14:01:23","modified_gmt":"2026-04-01T11:01:23","slug":"chinchilla-degu-complete-500g","status":"publish","type":"product","link":"https:\/\/onlinezooshop.md\/ro\/magazin\/chinchilla-degu-complete-500g\/","title":{"rendered":"Chinchilla &#038; Degu Complete, 500\u0433"},"content":{"rendered":"<p>Nutri\u021bie natural\u0103 \u0219i echilibrat\u0103, f\u0103r\u0103 zah\u0103r.<\/p>\n<p>Con\u021bine semin\u021be de in - o surs\u0103 de acizi gra\u0219i Omega-3 pentru un strat s\u0103n\u0103tos. \u00centreaga fibr\u0103 lung\u0103 de lucern\u0103, timotei \u0219i alte plante favorizeaz\u0103 digestia optim\u0103.<\/p>\n<p><b>Caracteristici suplimentare:<\/b><\/p>\n<p><b>Ingrediente:<\/b><br \/>\nProteine \u200b\u200b- 17% gr\u0103simi - 3% fibre brute - 20% cenu\u0219\u0103 brut\u0103 - 7% calciu - 0,8% fosfor - 0,6% vitamina A 25.000 UI \/ kg vitamina D3 2.000 UI \/ kg vitamina E 150 mg \/ kg vitamina C 50 mg \/ kg Sulfat de cupru (II) 20 mg \/ kg Taurin\u0103 2.000 mg \/ kg Beta-caroten 10 mg \/ kg<\/p>","protected":false},"excerpt":{"rendered":"<p>M\u00e2ncare complet\u0103 \u0219i gustoas\u0103 pentru chinchilla \u0219i degus, const\u00e2nd din pelete extrudate 100% u\u0219or digerabile.<\/p>","protected":false},"featured_media":12320,"template":"","meta":[],"product_cat":[147],"product_tag":[],"_links":{"self":[{"href":"https:\/\/onlinezooshop.md\/ro\/wp-json\/wp\/v2\/product\/9760"}],"collection":[{"href":"https:\/\/onlinezooshop.md\/ro\/wp-json\/wp\/v2\/product"}],"about":[{"href":"https:\/\/onlinezooshop.md\/ro\/wp-json\/wp\/v2\/types\/product"}],"wp:featuredmedia":[{"embeddable":true,"href":"https:\/\/onlinezooshop.md\/ro\/wp-json\/wp\/v2\/media\/12320"}],"wp:attachment":[{"href":"https:\/\/onlinezooshop.md\/ro\/wp-json\/wp\/v2\/media?parent=9760"}],"wp:term":[{"taxonomy":"product_cat","embeddable":true,"href":"https:\/\/onlinezooshop.md\/ro\/wp-json\/wp\/v2\/product_cat?post=9760"},{"taxonomy":"product_tag","embeddable":true,"href":"https:\/\/onlinezooshop.md\/ro\/wp-json\/wp\/v2\/product_tag?post=9760"}],"curies":[{"name":"wp","href":"https:\/\/api.w.org\/{rel}","templated":true}]}}