{"id":9770,"date":"2020-11-16T11:42:39","date_gmt":"2020-11-16T08:42:39","guid":{"rendered":"https:\/\/onlinezooshop.md\/?post_type=product&#038;p=9770"},"modified":"2026-04-01T13:58:07","modified_gmt":"2026-04-01T10:58:07","slug":"crispy-muesli-guinea-pigs-400g","status":"publish","type":"product","link":"https:\/\/onlinezooshop.md\/ro\/magazin\/crispy-muesli-guinea-pigs-400g\/","title":{"rendered":"Crispy Muesli Guinea Pigs, 400\u0433"},"content":{"rendered":"<p>Muesli Crispy - Cobai, hran\u0103 cu vitamina C pentru cobai, este un muesli crocant \u0219i delicios care, pe l\u00e2ng\u0103 gustul s\u0103u excelent, te va ajuta s\u0103 ai grij\u0103 de s\u0103n\u0103tatea animalului t\u0103u de companie. Datorit\u0103 acestui aliment, cobaiul t\u0103u nu va avea niciodat\u0103 probleme cu digestia sau din\u021bii.<\/p>\n<p>COMPOZITIE: produse vegetale, cereale, legume, minerale, seminte;<br \/>\nINGREDIENTE ANALITICE: 15% proteine, 3% gr\u0103simi, 13% fibre brute, 7% cenu\u0219\u0103 brut\u0103, 1% calciu, 0,55% fosfor;<br \/>\nADITIVI \/ kg: Aditivi alimentari: 11100 I \/ e vitamina A, 1100 I \/ e vitamina D3, 75 mg Vitamina E, 380 mg Vitamina C, 90 mg E1 (Fier), 1,9 mg E2 (Iod), 9 mg E4 (cupru), 68 mg E5 (Mangan), 65 mg E6 (Zinc), 0,18 mg E8 (Seleniu), coloran\u021bi, antioxidan\u021bi<\/p>","protected":false},"excerpt":{"rendered":"<p>Crispy Muesli \u2014 Guinea Pigs, \u043a\u043e\u0440\u043c \u0434\u043b\u044f \u043c\u043e\u0440\u0441\u043a\u0438\u0445 \u0441\u0432\u0438\u043d\u043e\u043a \u0441 \u0432\u0438\u0442\u0430\u043c\u0438\u043d\u043e\u043c \u0421, \u2014 \u044d\u0442\u043e \u0445\u0440\u0443\u0441\u0442\u044f\u0449\u0438\u0435 \u0438 \u0432\u043a\u0443\u0441\u043d\u044b\u0435 \u043c\u044e\u0441\u043b\u0438, \u043a\u043e\u0442\u043e\u0440\u044b\u0435, \u043a\u0440\u043e\u043c\u0435<\/p>","protected":false},"featured_media":12328,"template":"","meta":[],"product_cat":[147],"product_tag":[],"_links":{"self":[{"href":"https:\/\/onlinezooshop.md\/ro\/wp-json\/wp\/v2\/product\/9770"}],"collection":[{"href":"https:\/\/onlinezooshop.md\/ro\/wp-json\/wp\/v2\/product"}],"about":[{"href":"https:\/\/onlinezooshop.md\/ro\/wp-json\/wp\/v2\/types\/product"}],"wp:featuredmedia":[{"embeddable":true,"href":"https:\/\/onlinezooshop.md\/ro\/wp-json\/wp\/v2\/media\/12328"}],"wp:attachment":[{"href":"https:\/\/onlinezooshop.md\/ro\/wp-json\/wp\/v2\/media?parent=9770"}],"wp:term":[{"taxonomy":"product_cat","embeddable":true,"href":"https:\/\/onlinezooshop.md\/ro\/wp-json\/wp\/v2\/product_cat?post=9770"},{"taxonomy":"product_tag","embeddable":true,"href":"https:\/\/onlinezooshop.md\/ro\/wp-json\/wp\/v2\/product_tag?post=9770"}],"curies":[{"name":"wp","href":"https:\/\/api.w.org\/{rel}","templated":true}]}}