{"id":9777,"date":"2020-11-16T11:50:40","date_gmt":"2020-11-16T08:50:40","guid":{"rendered":"https:\/\/onlinezooshop.md\/?post_type=product&#038;p=9777"},"modified":"2026-04-01T14:07:44","modified_gmt":"2026-04-01T11:07:44","slug":"cuni-junior-complete-500g","status":"publish","type":"product","link":"https:\/\/onlinezooshop.md\/ro\/magazin\/cuni-junior-complete-500g\/","title":{"rendered":"Cuni Junior Complete, 500\u0433"},"content":{"rendered":"<p>\u041f\u043e\u043b\u043d\u043e\u0446\u0435\u043d\u043d\u044b\u0439 \u043a\u043e\u043c\u043f\u043b\u0435\u043a\u0441\u043d\u044b\u0439 \u043a\u043e\u0440\u043c \u0434\u043b\u044f \u043a\u0430\u0440\u043b\u0438\u043a\u043e\u0432\u044b\u0445 \u0438 \u0434\u043e\u043c\u0430\u0448\u043d\u0438\u0445 \u043a\u0440\u043e\u043b\u0438\u043a\u043e\u0432 \u0434\u043e 8 \u043c\u0435\u0441\u044f\u0446\u0435\u0432. 100%-\u0439 \u044d\u043a\u0441\u0442\u0440\u0443\u0434\u0438\u0440\u043e\u0432\u0430\u043d\u043d\u044b\u0439 \u043c\u043e\u043d\u043e\u043a\u043e\u043c\u043f\u043e\u043d\u0435\u043d\u0442\u043d\u044b\u0439 \u043a\u043e\u0440\u043c \u0441 \u043f\u043e\u0432\u044b\u0448\u0435\u043d\u043d\u044b\u043c \u0441\u043e\u0434\u0435\u0440\u0436\u0430\u043d\u0438\u0435\u043c \u0431\u0435\u043b\u043a\u043e\u0432 \u0434\u043b\u044f \u043e\u0431\u0435\u0441\u043f\u0435\u0447\u0435\u043d\u0438\u044f \u043e\u043f\u0442\u0438\u043c\u0430\u043b\u044c\u043d\u043e\u0433\u043e \u0440\u043e\u0441\u0442\u0430.<\/p>\n<ul>\n<li>F\u0103r\u0103 cereale.<\/li>\n<\/ul>\n<p>Con\u021bine fibre lungi de fibre pentru a men\u021bine un echilibru optim al sistemului digestiv, cantitatea necesar\u0103 de vitamine, antioxidan\u021bi. Cu ad\u0103ugarea de fenicul, balsam de l\u0103m\u00e2ie \u0219i ment\u0103.<\/p>\n<p>Produse vegetale (35% lucern\u0103), extracte de proteine \u200b\u200bvegetale, semin\u021be (2% semin\u021be de in), minerale, fructo-oligozaharide (0,3%), calendula, yucca.<\/p>\n<p><strong>Con\u021binut la kg:<\/strong>\u00a0vit. A - 12000 UI, vit. D3 - 1400 UI, vit. E - 95 mg, vit. C - 100 mg, E1 (fier) \u200b\u200b- 120 mg, E2 (iod) - 2,5 mg, E4 (cupru) - 12 mg, E5 (mangan) - 90 mg, E6 (zinc) - 84 mg, E8 (seleniu) ) - 0,24 mg; Antioxidan\u021bi<\/p>\n<p><strong>Compozi\u021bie analitic\u0103<\/strong>: proteine \u200b\u200b- 175, gr\u0103simi - 3%, fibre brute - 20%, cenu\u0219\u0103 brut\u0103 - 8%, calciu - 1%, fosfor - 0,8%.<\/p>\n<p><b>Norma: 30-50 gr\/zi<\/b><\/p>","protected":false},"excerpt":{"rendered":"<p>M\u00e2ncare pentru iepuri tineri.<\/p>","protected":false},"featured_media":12323,"template":"","meta":[],"product_cat":[147],"product_tag":[],"_links":{"self":[{"href":"https:\/\/onlinezooshop.md\/ro\/wp-json\/wp\/v2\/product\/9777"}],"collection":[{"href":"https:\/\/onlinezooshop.md\/ro\/wp-json\/wp\/v2\/product"}],"about":[{"href":"https:\/\/onlinezooshop.md\/ro\/wp-json\/wp\/v2\/types\/product"}],"wp:featuredmedia":[{"embeddable":true,"href":"https:\/\/onlinezooshop.md\/ro\/wp-json\/wp\/v2\/media\/12323"}],"wp:attachment":[{"href":"https:\/\/onlinezooshop.md\/ro\/wp-json\/wp\/v2\/media?parent=9777"}],"wp:term":[{"taxonomy":"product_cat","embeddable":true,"href":"https:\/\/onlinezooshop.md\/ro\/wp-json\/wp\/v2\/product_cat?post=9777"},{"taxonomy":"product_tag","embeddable":true,"href":"https:\/\/onlinezooshop.md\/ro\/wp-json\/wp\/v2\/product_tag?post=9777"}],"curies":[{"name":"wp","href":"https:\/\/api.w.org\/{rel}","templated":true}]}}