{"id":9791,"date":"2020-11-16T12:08:44","date_gmt":"2020-11-16T09:08:44","guid":{"rendered":"https:\/\/onlinezooshop.md\/?post_type=product&#038;p=9791"},"modified":"2026-04-01T14:02:27","modified_gmt":"2026-04-01T11:02:27","slug":"gerbil-nature-700g","status":"publish","type":"product","link":"https:\/\/onlinezooshop.md\/ro\/magazin\/gerbil-nature-700g\/","title":{"rendered":"Gerbil Nature, 700\u0433"},"content":{"rendered":"<p>F\u0103r\u0103 granule comprimate. Con\u021bine legume, fructe, nuci \u0219i to\u021bi nutrien\u021bii esen\u021biali, fibre, vitamine, minerale \u0219i aminoacizi pentru ca animalul dvs. de companie s\u0103 fie fericit \u0219i s\u0103n\u0103tos. Con\u021binutul ridicat de fibre ajut\u0103 la prevenirea form\u0103rii de bile de p\u0103r \u00een stomac. Yucca Shidigera - ajut\u0103 la reducerea mirosului de excremente.<\/p>\n<p>Ingrediente: cereale (porumb 17%), derivate vegetale, legume (maz\u0103re 12%, ardei ro\u0219u 2%, morcovi 2%), semin\u021be, fructe (banane 1%, stafide 1%), extracte de proteine \u200b\u200bvegetale, insecte (viermi de mas\u0103) 4%). ), nuci, minerale, drojdie, ierburi, uleiuri \u0219i gr\u0103simi, calendula, FOS, MOS, semin\u021be de struguri, alge, yucca<\/p>\n<p>COMPONENTE ANALITICE:<br \/>\nProteine \u200b\u200b16,5%, con\u021binut de gr\u0103simi 7,0%, fibre brute 7,5%, cenu\u0219\u0103 brut\u0103 6,0%, calciu 0,8%, fosfor 0,45%<\/p>\n<p>Adaosuri\/ kg<br \/>\nSUPLIMENTE NUTRITIVE<br \/>\nVitamina A 10950 UI, vitamina D3 1450 UI, vitamina E 74 mg, 3b103 (fier) \u200b\u200b91 mg, 3b202 (iod) 2 mg, E4 (cupru) 10 mg, 3b502 (mangan) 77 mg, 3b603 (zinc) 72 mg, E8 (seleniu) 0,22 mg, 3b815 (seleniu) 0,28 mg<\/p>\n<p>ADITIVI TEHNOLOGICI<br \/>\nAntioxodan\u021bi.<\/p>","protected":false},"excerpt":{"rendered":"<p>Alimente de baz\u0103 complete pentru gerbile, preparate din ingrediente naturale, \u021bin\u00e2nd cont de cerin\u021bele nutri\u021bionale naturale ale gerbilelor.<\/p>","protected":false},"featured_media":9792,"template":"","meta":[],"product_cat":[147],"product_tag":[],"_links":{"self":[{"href":"https:\/\/onlinezooshop.md\/ro\/wp-json\/wp\/v2\/product\/9791"}],"collection":[{"href":"https:\/\/onlinezooshop.md\/ro\/wp-json\/wp\/v2\/product"}],"about":[{"href":"https:\/\/onlinezooshop.md\/ro\/wp-json\/wp\/v2\/types\/product"}],"wp:featuredmedia":[{"embeddable":true,"href":"https:\/\/onlinezooshop.md\/ro\/wp-json\/wp\/v2\/media\/9792"}],"wp:attachment":[{"href":"https:\/\/onlinezooshop.md\/ro\/wp-json\/wp\/v2\/media?parent=9791"}],"wp:term":[{"taxonomy":"product_cat","embeddable":true,"href":"https:\/\/onlinezooshop.md\/ro\/wp-json\/wp\/v2\/product_cat?post=9791"},{"taxonomy":"product_tag","embeddable":true,"href":"https:\/\/onlinezooshop.md\/ro\/wp-json\/wp\/v2\/product_tag?post=9791"}],"curies":[{"name":"wp","href":"https:\/\/api.w.org\/{rel}","templated":true}]}}