{"id":9793,"date":"2020-11-16T12:12:29","date_gmt":"2020-11-16T09:12:29","guid":{"rendered":"https:\/\/onlinezooshop.md\/?post_type=product&#038;p=9793"},"modified":"2026-04-01T14:11:21","modified_gmt":"2026-04-01T11:11:21","slug":"hamster-nature-700g","status":"publish","type":"product","link":"https:\/\/onlinezooshop.md\/ro\/magazin\/hamster-nature-700g\/","title":{"rendered":"Hamster Nature, 700\u0433"},"content":{"rendered":"<p>Este un amestec de \u00eenalt\u0103 calitate de ingrediente naturale care con\u021bine to\u021bi nutrien\u021bii, vitaminele, mineralele \u0219i aminoacizii de care organismul are nevoie pentru o via\u021b\u0103 vesel\u0103 \u0219i s\u0103n\u0103toas\u0103 a animalului dvs. de companie.<\/p>\n<p>Con\u021bine cereale suplimentare, semin\u021be, nuci, fructe, ierburi, legume \u0219i aditivi care promoveaz\u0103 s\u0103n\u0103tatea pentru o digestie superioar\u0103, igiena oral\u0103, un strat str\u0103lucitor \u0219i o s\u0103n\u0103tate excelent\u0103. O mare varietate de ingrediente garanteaz\u0103 gustul \u0219i digestibilitatea excelente.<\/p>\n<p><b>Con\u021binut:<\/b><\/p>\n<p>proteine \u200b\u200bbrute 17%, gr\u0103simi brute 8,5%, fibre brute 7%, cenu\u0219\u0103 brut\u0103 4%, calciu 0,45%, fosfor 0,45%, lizin\u0103 0,79%, metionin\u0103 0,33%, Vit. A 12,000 UI \/ kg, Vit. D3 1.500 UI \/ kg, Vit. E 40 mg \/ kg, Sulfat de cupru (II) 9 mg \/ kg.<\/p>\n<p><b>Ingrediente:<\/b><\/p>\n<p>deriva\u021bi vegetali, cereale, legume, extracte de proteine \u200b\u200bvegetale, semin\u021be, fructe, nuci, minerale, drojdie, fructo-oligozaharide, extract de calendula, ierburi, calendula.<\/p>","protected":false},"excerpt":{"rendered":"<p>Este un aliment de baz\u0103 complet pentru hamsteri, formulat \u00een func\u021bie de nevoile lor nutri\u021bionale.<\/p>","protected":false},"featured_media":12318,"template":"","meta":[],"product_cat":[147],"product_tag":[],"_links":{"self":[{"href":"https:\/\/onlinezooshop.md\/ro\/wp-json\/wp\/v2\/product\/9793"}],"collection":[{"href":"https:\/\/onlinezooshop.md\/ro\/wp-json\/wp\/v2\/product"}],"about":[{"href":"https:\/\/onlinezooshop.md\/ro\/wp-json\/wp\/v2\/types\/product"}],"wp:featuredmedia":[{"embeddable":true,"href":"https:\/\/onlinezooshop.md\/ro\/wp-json\/wp\/v2\/media\/12318"}],"wp:attachment":[{"href":"https:\/\/onlinezooshop.md\/ro\/wp-json\/wp\/v2\/media?parent=9793"}],"wp:term":[{"taxonomy":"product_cat","embeddable":true,"href":"https:\/\/onlinezooshop.md\/ro\/wp-json\/wp\/v2\/product_cat?post=9793"},{"taxonomy":"product_tag","embeddable":true,"href":"https:\/\/onlinezooshop.md\/ro\/wp-json\/wp\/v2\/product_tag?post=9793"}],"curies":[{"name":"wp","href":"https:\/\/api.w.org\/{rel}","templated":true}]}}