{"id":9795,"date":"2020-11-16T12:14:01","date_gmt":"2020-11-16T09:14:01","guid":{"rendered":"https:\/\/onlinezooshop.md\/?post_type=product&#038;p=9795"},"modified":"2026-04-01T14:10:56","modified_gmt":"2026-04-01T11:10:56","slug":"mini-hamster-nature-400g","status":"publish","type":"product","link":"https:\/\/onlinezooshop.md\/ro\/magazin\/mini-hamster-nature-400g\/","title":{"rendered":"Mini Hamster Nature, 2.3\u043a\u0433"},"content":{"rendered":"<p class=\"item_detailed_descr_title\">Este un amestec de \u00eenalt\u0103 calitate de ingrediente naturale care con\u021bine to\u021bi nutrien\u021bii, vitaminele, mineralele \u0219i aminoacizii de care organismul are nevoie pentru o via\u021b\u0103 vesel\u0103 \u0219i s\u0103n\u0103toas\u0103 a animalului dvs. de companie. M\u00e2ncarea con\u021bine cereale suplimentare, semin\u021be, nuci, fructe, ierburi, legume \u0219i aditivi importan\u021bi pentru s\u0103n\u0103tate: asigur\u0103 o digestie excelent\u0103, igien\u0103 oral\u0103, un strat str\u0103lucitor \u0219i o s\u0103n\u0103tate excelent\u0103. O mare varietate de ingrediente garanteaz\u0103 gustul \u0219i digestibilitatea excelente.<\/p>\n<div class=\"item_detailed_descr_text\">\n<p><b>Con\u021binut:<\/b><\/p>\n<p>cereale (42%), semin\u021be (23,5%, din care 15% sunt semin\u021be de in), legume (10%, din care 1% morcovi, 10% p\u0103st\u00e2rnac, 5% ro\u0219ii \u0219i 5% boia), produse vegetale, extract de proteine \u200b\u200bvegetale, fructe (4,5%, din care 21% m\u0103r, 21% ananas \u0219i 52,5% stafide), nuci (3% arahide), minerale, uleiuri \u0219i gr\u0103simi, drojdie, ierburi, calendula, fructe -oligozaharide.<\/p>\n<p><b>Valoarea nutritiv\u0103:<\/b><\/p>\n<p>proteine \u200b\u200b- 14%, gr\u0103simi - 7,5%, fibre brute - 5,5%, cenu\u0219\u0103 brut\u0103 - 4%, calciu - 0,35%, fosfor - 0,4%, lizin\u0103 - 0,66%, metionin\u0103 - 0 , 44%.<\/p>\n<p><b>Substan\u021be ad\u0103ugate:<\/b><\/p>\n<p>vitamina A - 11840 UI \/ kg, vitamina D3 - 2000 UI \/ kg, vitamina E - 35 mg \/ kg, vitamina C - 38 mg \/ kg, fier - 130 mg \/ kg, iod - 1,9 mg \/ kg, cupru - 9 mg \/ kg, mangan - 68 mg \/ kg, zinc - 63 mg \/ kg, seleniu - 0,25 mg \/ kg, coloran\u021bi, antioxidan\u021bi.<\/p>\n<\/div>","protected":false},"excerpt":{"rendered":"<p>Este un aliment de baz\u0103 complet pentru hamsterii pitici, formulat \u00een func\u021bie de necesit\u0103\u021bile lor nutri\u021bionale.<\/p>","protected":false},"featured_media":12317,"template":"","meta":[],"product_cat":[147],"product_tag":[],"_links":{"self":[{"href":"https:\/\/onlinezooshop.md\/ro\/wp-json\/wp\/v2\/product\/9795"}],"collection":[{"href":"https:\/\/onlinezooshop.md\/ro\/wp-json\/wp\/v2\/product"}],"about":[{"href":"https:\/\/onlinezooshop.md\/ro\/wp-json\/wp\/v2\/types\/product"}],"wp:featuredmedia":[{"embeddable":true,"href":"https:\/\/onlinezooshop.md\/ro\/wp-json\/wp\/v2\/media\/12317"}],"wp:attachment":[{"href":"https:\/\/onlinezooshop.md\/ro\/wp-json\/wp\/v2\/media?parent=9795"}],"wp:term":[{"taxonomy":"product_cat","embeddable":true,"href":"https:\/\/onlinezooshop.md\/ro\/wp-json\/wp\/v2\/product_cat?post=9795"},{"taxonomy":"product_tag","embeddable":true,"href":"https:\/\/onlinezooshop.md\/ro\/wp-json\/wp\/v2\/product_tag?post=9795"}],"curies":[{"name":"wp","href":"https:\/\/api.w.org\/{rel}","templated":true}]}}