{"id":9801,"date":"2020-11-16T12:19:08","date_gmt":"2020-11-16T09:19:08","guid":{"rendered":"https:\/\/onlinezooshop.md\/?post_type=product&#038;p=9801"},"modified":"2026-04-01T14:08:53","modified_gmt":"2026-04-01T11:08:53","slug":"nature-fibrefood-cuni-1kg","status":"publish","type":"product","link":"https:\/\/onlinezooshop.md\/ro\/magazin\/nature-fibrefood-cuni-1kg\/","title":{"rendered":"Nature Cuni, 0.7\u043a\u0433"},"content":{"rendered":"<p>Amestecul este umplut cu diferite tipuri de plante special selectate pentru o bun\u0103 s\u0103n\u0103tate dentar\u0103 \u0219i intestinal\u0103. Complet f\u0103r\u0103 cereale pentru o digestie optim\u0103.<\/p>\n<p>Compozi\u021bie: deriva\u021bi de origine vegetal\u0103 (cereale \u0219i ierburi 28%: timoteu, arici, raigr\u0103 englez\u0103, albastru de paji\u0219te, p\u0103iu\u0219 de paji\u0219te, p\u0103dure de stuf, trifoi alb, trifoi ro\u0219u, coad\u0103 de vulpe de lunc\u0103, p\u0103ianjen lanceolat, p\u0103p\u0103die, \u0219arpe), legume (maz\u0103re 12 , 7%, morcovi 8%), fructe, semin\u021be, extracte din proteine \u200b\u200bvegetale, minerale, uleiuri \u0219i gr\u0103simi, fructooligozaharide, calendula, MOS, alge, yucca.<\/p>\n<p>INGREDIENTE ANALITICE: proteine \u200b\u200b15,5%, con\u021binut de gr\u0103simi 3,5%, fibre brute 17,5%, cenu\u0219\u0103 brut\u0103 8,5%, calciu 0,75%, fosfor 0,55%.<\/p>\n<p>Adaosuri\/ kg<br \/>\nSuplimente alimentare: vitamina A 11580 UI, vitamina D3 1390 UI, vitamina E 92 mg, vitamina C 36 mg, 3b103 (fier) \u200b\u200b115 mg, 3b202 (iod) 2 mg, E4 (cupru) 11 mg, 3b502 (mangan) 86 mg , 3b603 (zinc) 81 mg, E8 (seleniu) 0,20 mg<\/p>\n<p>ADITIVI TEHNOLOGICI<br \/>\nAntioxodan\u021bi.<\/p>","protected":false},"excerpt":{"rendered":"<p>Un amestec bogat \u00een fibre, cu doar cele mai bune ingrediente digerabile, cum ar fi timothy \u0219i morcovii.<\/p>","protected":false},"featured_media":12314,"template":"","meta":[],"product_cat":[147],"product_tag":[],"_links":{"self":[{"href":"https:\/\/onlinezooshop.md\/ro\/wp-json\/wp\/v2\/product\/9801"}],"collection":[{"href":"https:\/\/onlinezooshop.md\/ro\/wp-json\/wp\/v2\/product"}],"about":[{"href":"https:\/\/onlinezooshop.md\/ro\/wp-json\/wp\/v2\/types\/product"}],"wp:featuredmedia":[{"embeddable":true,"href":"https:\/\/onlinezooshop.md\/ro\/wp-json\/wp\/v2\/media\/12314"}],"wp:attachment":[{"href":"https:\/\/onlinezooshop.md\/ro\/wp-json\/wp\/v2\/media?parent=9801"}],"wp:term":[{"taxonomy":"product_cat","embeddable":true,"href":"https:\/\/onlinezooshop.md\/ro\/wp-json\/wp\/v2\/product_cat?post=9801"},{"taxonomy":"product_tag","embeddable":true,"href":"https:\/\/onlinezooshop.md\/ro\/wp-json\/wp\/v2\/product_tag?post=9801"}],"curies":[{"name":"wp","href":"https:\/\/api.w.org\/{rel}","templated":true}]}}