{"id":9803,"date":"2020-11-16T12:21:35","date_gmt":"2020-11-16T09:21:35","guid":{"rendered":"https:\/\/onlinezooshop.md\/?post_type=product&#038;p=9803"},"modified":"2026-04-01T13:42:49","modified_gmt":"2026-04-01T10:42:49","slug":"sticks-guinea-pigs-chinchillas-citrus-fruit","status":"publish","type":"product","link":"https:\/\/onlinezooshop.md\/ro\/magazin\/sticks-guinea-pigs-chinchillas-citrus-fruit\/","title":{"rendered":"Sticks Guinea Pigs-Chinchillas Citrus Fruit"},"content":{"rendered":"<p>Combina\u021bia de portocal\u0103 \u0219i l\u0103m\u00e2ie confer\u0103 bastoanelor un gust minunat care nu va l\u0103sa animalul s\u0103 se \u00eentristeze.<\/p>\n<p>COMPOZITIE: cereale, seminte, produse de panificatie, miere, zaharuri diverse, fructe (portocala, lamaie), uleiuri si grasimi<\/p>\n<p>COMPONENTE ANALITICE:<br \/>\nProteine \u200b\u200b10,6%, con\u021binut de gr\u0103simi 6,4%, fibre brute 4,6%, cenu\u0219\u0103 brut\u0103 2,0%<\/p>\n<p>Adaosuri\/ kg<br \/>\nADITIVI TEHNOLOGICI<br \/>\nConservan\u021bi<\/p>\n<p>ADITIVI SENZORIALI<br \/>\nColoran\u021bi<\/p>","protected":false},"excerpt":{"rendered":"<p>B\u0103uturile la cuptor cu portocal\u0103, l\u0103m\u00e2ie \u0219i alte ingrediente benefice pentru cobai \u0219i chinchilla sunt recomandate ca hran\u0103 complementar\u0103 sau recompens\u0103.<\/p>","protected":false},"featured_media":12313,"template":"","meta":[],"product_cat":[147],"product_tag":[],"_links":{"self":[{"href":"https:\/\/onlinezooshop.md\/ro\/wp-json\/wp\/v2\/product\/9803"}],"collection":[{"href":"https:\/\/onlinezooshop.md\/ro\/wp-json\/wp\/v2\/product"}],"about":[{"href":"https:\/\/onlinezooshop.md\/ro\/wp-json\/wp\/v2\/types\/product"}],"wp:featuredmedia":[{"embeddable":true,"href":"https:\/\/onlinezooshop.md\/ro\/wp-json\/wp\/v2\/media\/12313"}],"wp:attachment":[{"href":"https:\/\/onlinezooshop.md\/ro\/wp-json\/wp\/v2\/media?parent=9803"}],"wp:term":[{"taxonomy":"product_cat","embeddable":true,"href":"https:\/\/onlinezooshop.md\/ro\/wp-json\/wp\/v2\/product_cat?post=9803"},{"taxonomy":"product_tag","embeddable":true,"href":"https:\/\/onlinezooshop.md\/ro\/wp-json\/wp\/v2\/product_tag?post=9803"}],"curies":[{"name":"wp","href":"https:\/\/api.w.org\/{rel}","templated":true}]}}