{"id":9845,"date":"2020-11-18T15:18:28","date_gmt":"2020-11-18T12:18:28","guid":{"rendered":"https:\/\/onlinezooshop.md\/?post_type=product&#038;p=9845"},"modified":"2025-12-05T15:48:35","modified_gmt":"2025-12-05T12:48:35","slug":"gourmet-gold-pashtet-c-indejkoj-85-gr24sht","status":"publish","type":"product","link":"https:\/\/onlinezooshop.md\/ro\/magazin\/gourmet-gold-pashtet-c-indejkoj-85-gr24sht\/","title":{"rendered":"Gourmet Gold \u043f\u0430\u0448\u0442\u0435\u0442 c \u0438\u043d\u0434\u0435\u0439\u043a\u043e\u0439, 85\u0433*24\u0448\u0442."},"content":{"rendered":"<p>La urma urmei, re\u021betele Gourmet sunt dezvoltate cu grij\u0103, dragoste \u0219i cuno\u0219tin\u021be, cu care buc\u0103tarii celor mai bune restaurante \u00ee\u0219i creeaz\u0103 crea\u021biile. R\u0103sf\u0103\u021ba\u021bi-v\u0103 pisica cu noi delicatese gourmet pentru micul dejun, pr\u00e2nz \u0219i cin\u0103, iar iubitul dvs. gourmet va ronroi cu pl\u0103cere.<\/p>\n<p>Hran\u0103 umed\u0103 complet\u0103 pentru pisici de 1 an \u0219i peste.<\/p>\n<ul>\n<li>Hran\u0103 umed\u0103 pentru pisici\u00a0<strong>Gourmet<\/strong>\u00a0poate fi folosit at\u00e2t ca hran\u0103 complet\u0103 zilnic\u0103, c\u00e2t \u0219i ca un plus gustos pentru hrana uscat\u0103.<\/li>\n<li>M\u00e2ncarea satisface pe deplin toate nevoile energetice ale corpului pisicii.<\/li>\n<\/ul>\n<p><strong>Con\u021binut:<\/strong>\u00a0Carne \u0219i m\u0103runtaie (curcan 4%), produse vegetale, minerale, zaharuri, conservan\u021bi.<\/p>\n<p><strong>Substan\u021be ad\u0103ugate:\u00a0<\/strong>UI \/ kg: vitamina A: 1440; vitamina D3: 220. mg \/ kg: fier: 10; iod: 0,2; cupru: 0,9; mangan: 1,9; zinc: 10.<\/p>\n<p><strong>Analiza hranei:\u00a0<\/strong><\/p>\n<ul>\n<li>Umeditate 80,5%<\/li>\n<li>Proteine \u200b\u200bbrute 9,0%<\/li>\n<li>Gr\u0103sime brut\u0103 5,0%<\/li>\n<li>Cenu\u0219\u0103 3,0%<\/li>\n<li>Fibre brute 0,1%<\/li>\n<\/ul>\n<p><strong>Recomand\u0103ri pentru hr\u0103nire:\u00a0<\/strong><\/p>\n<p>O pisic\u0103 adult\u0103 cu greutate medie (4 kg) necesit\u0103 3-4 cutii de GOURMET\u00ae GOLD pe zi. Hr\u0103nirea trebuie \u00eemp\u0103r\u021bit\u0103 \u00een cel pu\u021bin dou\u0103 mese. Nevoile individuale ale unui animal pot varia, deci ratele de hr\u0103nire trebuie ajustate pentru a men\u021bine greutatea optim\u0103 a pisicii tale. Pentru pisicile gravide \u0219i care al\u0103pteaz\u0103 - hr\u0103nire nelimitat\u0103. Servi\u021bi m\u00e2ncarea la temperatura camerei.<\/p>\n<p>Asigura\u021bi-v\u0103 c\u0103 pisica dvs. are \u00eentotdeauna ap\u0103 potabil\u0103 curat\u0103 \u0219i proasp\u0103t\u0103.<\/p>","protected":false},"excerpt":{"rendered":"<p>Pentru pisica ta\u00a0<strong>Gourmet\u00a0<\/strong>- o adev\u0103rat\u0103 s\u0103rb\u0103toare a gusturilor, aromelor \u0219i senza\u021biilor pl\u0103cute noi.<\/p>","protected":false},"featured_media":12382,"template":"","meta":[],"product_cat":[68,109,110],"product_tag":[],"_links":{"self":[{"href":"https:\/\/onlinezooshop.md\/ro\/wp-json\/wp\/v2\/product\/9845"}],"collection":[{"href":"https:\/\/onlinezooshop.md\/ro\/wp-json\/wp\/v2\/product"}],"about":[{"href":"https:\/\/onlinezooshop.md\/ro\/wp-json\/wp\/v2\/types\/product"}],"wp:featuredmedia":[{"embeddable":true,"href":"https:\/\/onlinezooshop.md\/ro\/wp-json\/wp\/v2\/media\/12382"}],"wp:attachment":[{"href":"https:\/\/onlinezooshop.md\/ro\/wp-json\/wp\/v2\/media?parent=9845"}],"wp:term":[{"taxonomy":"product_cat","embeddable":true,"href":"https:\/\/onlinezooshop.md\/ro\/wp-json\/wp\/v2\/product_cat?post=9845"},{"taxonomy":"product_tag","embeddable":true,"href":"https:\/\/onlinezooshop.md\/ro\/wp-json\/wp\/v2\/product_tag?post=9845"}],"curies":[{"name":"wp","href":"https:\/\/api.w.org\/{rel}","templated":true}]}}