{"id":9857,"date":"2020-11-18T15:37:21","date_gmt":"2020-11-18T12:37:21","guid":{"rendered":"https:\/\/onlinezooshop.md\/?post_type=product&#038;p=9857"},"modified":"2025-12-05T15:51:56","modified_gmt":"2025-12-05T12:51:56","slug":"gourmet-gold-pashtet-s-tuncom-skumbriej-85-gr24sht","status":"publish","type":"product","link":"https:\/\/onlinezooshop.md\/ro\/magazin\/gourmet-gold-pashtet-s-tuncom-skumbriej-85-gr24sht\/","title":{"rendered":"Gourmet Gold \u043f\u0430\u0448\u0442\u0435\u0442 \u0441 \u0442\u0443\u043d\u0446\u043e\u043c \u0438 \u0441\u043a\u0443\u043c\u0431\u0440\u0438\u0435\u0439, 85\u0433*24\u0448\u0442."},"content":{"rendered":"<p><strong>Ingrediente<\/strong>: Carne \u0219i produse din carne procesate (din care ton \u0219i macrou minimum 4%), minerale, aminoacizi, produse din materii prime vegetale, agen\u021bi de \u00eengro\u0219are, zaharuri, vitamine, coloran\u021bi, conservan\u021bi.<\/p>\n<p><strong>Substan\u021be ad\u0103ugate:<\/strong>: UI \/ kg: vitamina A: 990; vitamina D3: 140 mg \/ kg: fier: 10,4; iod: 0,26; cupru: 0,90; mangan: 2,0; zinc: 18,7.<\/p>\n<p><strong>Aditivi tehnologici<\/strong>: Nu se adaug\u0103 conservan\u021bi artificiali, culori sau arome.<\/p>\n<p><strong>Indicatori garanta\u021bi<\/strong>: Umiditate - 77,5%, proteine \u200b\u200b- 10,5%, gr\u0103simi - 7,0%, cenu\u0219\u0103 brut\u0103 - 3,2%, fibre brute - 0,05%.<\/p>\n<p>&nbsp;<\/p>\n<p><strong>Recomand\u0103ri pentru hr\u0103nire:<\/strong>\u00a0Pentru o pisic\u0103 adult\u0103 cu greutate medie (4 kg), sunt necesare 3 cutii pe zi. Hr\u0103nirea trebuie \u00eemp\u0103r\u021bit\u0103 \u00een cel pu\u021bin dou\u0103 mese. Acest DV se bazeaz\u0103 pe pisici adulte moderat active care tr\u0103iesc la temperaturi ambientale normale. \u00cen func\u021bie de nevoile individuale ale pisicii tale, rata de hr\u0103nire poate fi ajustat\u0103 pentru a men\u021bine greutatea normal\u0103 a pisicii tale.<\/p>\n<p>Se serve\u0219te la temperatura camerei. Asigura\u021bi-v\u0103 c\u0103 pisica dvs. are \u00eentotdeauna ap\u0103 potabil\u0103 curat\u0103 \u0219i proasp\u0103t\u0103.<\/p>\n<p><strong>Conditii de depozitare:<\/strong>P\u0103stra\u021bi borcanul \u00eenchis \u00eentr-un loc r\u0103coros \u0219i uscat. Dup\u0103 deschidere, p\u0103stra\u021bi borcanul la frigider pentru maximum 24 de ore<\/p>","protected":false},"excerpt":{"rendered":"<p><strong>Gourmet Gold 85 gr pate cu ton, macrou pentru pisici<\/strong><\/p>","protected":false},"featured_media":12378,"template":"","meta":[],"product_cat":[68,109,110],"product_tag":[],"_links":{"self":[{"href":"https:\/\/onlinezooshop.md\/ro\/wp-json\/wp\/v2\/product\/9857"}],"collection":[{"href":"https:\/\/onlinezooshop.md\/ro\/wp-json\/wp\/v2\/product"}],"about":[{"href":"https:\/\/onlinezooshop.md\/ro\/wp-json\/wp\/v2\/types\/product"}],"wp:featuredmedia":[{"embeddable":true,"href":"https:\/\/onlinezooshop.md\/ro\/wp-json\/wp\/v2\/media\/12378"}],"wp:attachment":[{"href":"https:\/\/onlinezooshop.md\/ro\/wp-json\/wp\/v2\/media?parent=9857"}],"wp:term":[{"taxonomy":"product_cat","embeddable":true,"href":"https:\/\/onlinezooshop.md\/ro\/wp-json\/wp\/v2\/product_cat?post=9857"},{"taxonomy":"product_tag","embeddable":true,"href":"https:\/\/onlinezooshop.md\/ro\/wp-json\/wp\/v2\/product_tag?post=9857"}],"curies":[{"name":"wp","href":"https:\/\/api.w.org\/{rel}","templated":true}]}}