{"id":9861,"date":"2020-11-18T16:01:09","date_gmt":"2020-11-18T13:01:09","guid":{"rendered":"https:\/\/onlinezooshop.md\/?post_type=product&#038;p=9861"},"modified":"2025-12-05T15:53:05","modified_gmt":"2025-12-05T12:53:05","slug":"gourmet-perle-duo-s-telyatinoj-i-utkoj-85-gr24sht","status":"publish","type":"product","link":"https:\/\/onlinezooshop.md\/ro\/magazin\/gourmet-perle-duo-s-telyatinoj-i-utkoj-85-gr24sht\/","title":{"rendered":"Gourmet Perle Duo \u0441 \u0442\u0435\u043b\u044f\u0442\u0438\u043d\u043e\u0439 \u0438 \u0443\u0442\u043a\u043e\u0439, 85\u0433*26\u0448\u0442."},"content":{"rendered":"<p>Pisica ta iube\u0219te delicate\u021bea \u0219i \u00ee\u021bi place s\u0103 \u00eei hr\u0103ne\u0219ti m\u00e2nc\u0103ruri delicioase, care sunt f\u0103cute cu ingrediente simple \u0219i de \u00eenalt\u0103 calitate. De aceea a fost creat Gourmet Perle Duo - o re\u021bet\u0103 dubl\u0103 \u00eenc\u00e2ntare pentru iubitorii de delicatese fine pentru fiecare zi. O combina\u021bie de felii delicate, selec\u021bionate, tocate \u00een mini fileuri cu dou\u0103 arome de pe\u0219te sau carne, servite \u00eentr-un sos delicios pentru a-\u021bi \u00eenc\u00e2nta animalul de cas\u0103.<\/p>\n<p><strong>Con\u021binut:\u00a0<\/strong>carne \u0219i organe de origine animal\u0103, extracte de proteine \u200b\u200bvegetale, pe\u0219te \u0219i produse din pe\u0219te (din care vi\u021bel 4%, ra\u021b\u0103 4%), vitamine \u0219i minerale, zah\u0103r.<\/p>\n<p><strong>Vitamine\u00a0<\/strong>(UI \/ kg): vitamina A: 650; vitamina D3: 99.<\/p>\n<p><strong>Minerale<\/strong>\u00a0(mg \/ kg): sulfat feros: 23; iodat de calciu: 0,29; sulfat de cupru: 2,5; sulfat de mangan 4,4; sulfat de zinc: 37.<\/p>\n<p><strong>Indicatori garanta\u021bi<\/strong>\u00a0(%): umiditate: 80,0; proteine: 12,5; gr\u0103sime 2,5; cenu\u0219\u0103 brut\u0103: 2,5; fibre brute: 0,05.<\/p>\n<p><strong>Valoarea energetic\u0103\u00a0<\/strong>(con\u021binut caloric): 74 kcal \/ 100 g.<\/p>","protected":false},"excerpt":{"rendered":"<p>Tot sortimentul Gourmet Perle nu con\u021bin coloran\u021bi artificiali, conservan\u021bi sau arome ad\u0103ugate.<\/p>","protected":false},"featured_media":12384,"template":"","meta":[],"product_cat":[68,109,110],"product_tag":[],"_links":{"self":[{"href":"https:\/\/onlinezooshop.md\/ro\/wp-json\/wp\/v2\/product\/9861"}],"collection":[{"href":"https:\/\/onlinezooshop.md\/ro\/wp-json\/wp\/v2\/product"}],"about":[{"href":"https:\/\/onlinezooshop.md\/ro\/wp-json\/wp\/v2\/types\/product"}],"wp:featuredmedia":[{"embeddable":true,"href":"https:\/\/onlinezooshop.md\/ro\/wp-json\/wp\/v2\/media\/12384"}],"wp:attachment":[{"href":"https:\/\/onlinezooshop.md\/ro\/wp-json\/wp\/v2\/media?parent=9861"}],"wp:term":[{"taxonomy":"product_cat","embeddable":true,"href":"https:\/\/onlinezooshop.md\/ro\/wp-json\/wp\/v2\/product_cat?post=9861"},{"taxonomy":"product_tag","embeddable":true,"href":"https:\/\/onlinezooshop.md\/ro\/wp-json\/wp\/v2\/product_tag?post=9861"}],"curies":[{"name":"wp","href":"https:\/\/api.w.org\/{rel}","templated":true}]}}