{"id":9871,"date":"2020-11-19T11:10:16","date_gmt":"2020-11-19T08:10:16","guid":{"rendered":"https:\/\/onlinezooshop.md\/?post_type=product&#038;p=9871"},"modified":"2025-12-05T14:56:49","modified_gmt":"2025-12-05T11:56:49","slug":"friskies-s-govyadinoj-85gr26-sht","status":"publish","type":"product","link":"https:\/\/onlinezooshop.md\/ro\/magazin\/friskies-s-govyadinoj-85gr26-sht\/","title":{"rendered":"Friskies Adult \u0441 \u0433\u043e\u0432\u044f\u0434\u0438\u043d\u043e\u0439, 85\u0433*26\u0448\u0442."},"content":{"rendered":"<p>Hrana pentru pisici Friskies este f\u0103cut\u0103 cu ingrediente atent selectate, pentru a v\u0103 asigura c\u0103 pisica dvs. prime\u0219te doar cele mai bune. Alimentele conservate con\u021bin proteine \u200b\u200bde \u00eenalt\u0103 calitate, vitamine, minerale \u0219i alte ingrediente gustoase \u0219i s\u0103n\u0103toase. Acest aliment este o diet\u0103 complet\u0103 \u0219i echilibrat\u0103 pentru fiecare zi.<br \/>\nFriskies sunt special formulate pentru a oferi pisicii tale substan\u021bele nutritive esen\u021biale pentru ao men\u021bine s\u0103n\u0103toas\u0103 \u0219i fericit\u0103 \u00een fiecare zi.<\/p>\n<p><strong>Con\u021binut:<\/strong>\u00a0carne \u0219i produse prelucrate din carne (din care 4% carne de vit\u0103), cereale, minerale, zaharuri, vitamine.<\/p>\n<p><b>Valoarea nutritiv\u0103:<\/b>\u00a0umiditate 84%, proteine \u200b\u200b6,5%, gr\u0103simi 2,5%, cenu\u0219\u0103 brut\u0103 2%, fibre brute 0,1%, acid linoleic (acizi gra\u0219i omega 6) 0,4%.<br \/>\nAditivi: vitamina A 620 UI \/ kg, vitamina D3 90 UI \/ kg, fier 7,2 mg \/ kg, iod 0,18 mg \/ kg, cupru 0,6 mg \/ kg, mangan 1,4 mg \/ kg, zinc 13 mg \/ kg, taurin\u0103 390 mg \/ kg<\/p>","protected":false},"excerpt":{"rendered":"<p>\u041a\u043e\u043d\u0441\u0435\u0440\u0432\u044b \u0434\u043b\u044f \u043a\u043e\u0448\u0435\u043a &#171;Friskies&#187; \u043f\u0440\u0438\u0433\u043e\u0442\u043e\u0432\u043b\u0435\u043d\u044b \u0438\u0437 \u0442\u0449\u0430\u0442\u0435\u043b\u044c\u043d\u043e \u043e\u0442\u043e\u0431\u0440\u0430\u043d\u043d\u044b\u0445 \u0438\u043d\u0433\u0440\u0435\u0434\u0438\u0435\u043d\u0442\u043e\u0432 \u0434\u043b\u044f \u0442\u043e\u0433\u043e, \u0447\u0442\u043e\u0431\u044b \u0432\u0430\u0448\u0430 \u043a\u043e\u0448\u043a\u0430 \u043f\u043e\u043b\u0443\u0447\u0430\u043b\u0430 \u0442\u043e\u043b\u044c\u043a\u043e \u043b\u0443\u0447\u0448\u0435\u0435. \u041a\u043e\u043d\u0441\u0435\u0440\u0432\u044b \u0441\u043e\u0434\u0435\u0440\u0436\u0430\u0442 \u043a\u0430\u0447\u0435\u0441\u0442\u0432\u0435\u043d\u043d\u044b\u0439<\/p>","protected":false},"featured_media":12360,"template":"","meta":[],"product_cat":[68,116,110],"product_tag":[],"_links":{"self":[{"href":"https:\/\/onlinezooshop.md\/ro\/wp-json\/wp\/v2\/product\/9871"}],"collection":[{"href":"https:\/\/onlinezooshop.md\/ro\/wp-json\/wp\/v2\/product"}],"about":[{"href":"https:\/\/onlinezooshop.md\/ro\/wp-json\/wp\/v2\/types\/product"}],"wp:featuredmedia":[{"embeddable":true,"href":"https:\/\/onlinezooshop.md\/ro\/wp-json\/wp\/v2\/media\/12360"}],"wp:attachment":[{"href":"https:\/\/onlinezooshop.md\/ro\/wp-json\/wp\/v2\/media?parent=9871"}],"wp:term":[{"taxonomy":"product_cat","embeddable":true,"href":"https:\/\/onlinezooshop.md\/ro\/wp-json\/wp\/v2\/product_cat?post=9871"},{"taxonomy":"product_tag","embeddable":true,"href":"https:\/\/onlinezooshop.md\/ro\/wp-json\/wp\/v2\/product_tag?post=9871"}],"curies":[{"name":"wp","href":"https:\/\/api.w.org\/{rel}","templated":true}]}}