{"id":9873,"date":"2020-11-19T11:17:25","date_gmt":"2020-11-19T08:17:25","guid":{"rendered":"https:\/\/onlinezooshop.md\/?post_type=product&#038;p=9873"},"modified":"2025-12-05T14:55:44","modified_gmt":"2025-12-05T11:55:44","slug":"friskies-junior-s-kuricej-85gr26sht","status":"publish","type":"product","link":"https:\/\/onlinezooshop.md\/ro\/magazin\/friskies-junior-s-kuricej-85gr26sht\/","title":{"rendered":"Friskies Junior \u0441 \u043a\u0443\u0440\u0438\u0446\u0435\u0439, 85\u0433*26\u0448\u0442."},"content":{"rendered":"<p><strong>Recomand\u0103ri pentru hr\u0103nire<\/strong><br \/>\nHr\u0103nirea trebuie \u00eemp\u0103r\u021bit\u0103 \u00een 2-3 mese. Se serve\u0219te la temperatura camerei: 6 p\u00e2n\u0103 la 12 s\u0103pt\u0103m\u00e2ni - 1,5 p\u00e2n\u0103 la 5 plicuri pe zi 12 p\u00e2n\u0103 la 6 s\u0103pt\u0103m\u00e2ni - 3 p\u00e2n\u0103 la 6 plicuri pe zi 26 p\u00e2n\u0103 la 52 de s\u0103pt\u0103m\u00e2ni - 3 p\u00e2n\u0103 la 6 plicuri pe zi<\/p>\n<p><strong>Ingrediente<\/strong><br \/>\ncarne \u0219i produse de prelucrare (din care pui 4%), cereale, pe\u0219te \u0219i produse de prelucrare, minerale, aminoacizi, agen\u021bi de \u00eengro\u0219are, zaharuri, vitamine.<\/p>\n<p><strong>Substan\u021be ad\u0103ugate:<\/strong><br \/>\nUI \/ kg: vitamina A: 660; vitamina D3: 100; mg \/ kg: fier: 7,6; iod: 0,19; cupru: 0,6; mangan: 1,4; zinc: 13.<\/p>\n<p><strong>Indicatori garanta\u021bi:<\/strong><br \/>\numiditate: 82,5%, proteine: 7,5%, con\u021binut de gr\u0103simi: 3,2%, cenu\u0219\u0103 brut\u0103: 2,1%, fibre brute: 0,07%<\/p>","protected":false},"excerpt":{"rendered":"<p>FRISKIES\u00ae pentru pisoi este o diet\u0103 complet\u0103 echilibrat\u0103 special formulat\u0103 pentru dezvoltarea s\u0103n\u0103toas\u0103 a unui pisoi.<\/p>","protected":false},"featured_media":12372,"template":"","meta":[],"product_cat":[68,116,110],"product_tag":[],"_links":{"self":[{"href":"https:\/\/onlinezooshop.md\/ro\/wp-json\/wp\/v2\/product\/9873"}],"collection":[{"href":"https:\/\/onlinezooshop.md\/ro\/wp-json\/wp\/v2\/product"}],"about":[{"href":"https:\/\/onlinezooshop.md\/ro\/wp-json\/wp\/v2\/types\/product"}],"wp:featuredmedia":[{"embeddable":true,"href":"https:\/\/onlinezooshop.md\/ro\/wp-json\/wp\/v2\/media\/12372"}],"wp:attachment":[{"href":"https:\/\/onlinezooshop.md\/ro\/wp-json\/wp\/v2\/media?parent=9873"}],"wp:term":[{"taxonomy":"product_cat","embeddable":true,"href":"https:\/\/onlinezooshop.md\/ro\/wp-json\/wp\/v2\/product_cat?post=9873"},{"taxonomy":"product_tag","embeddable":true,"href":"https:\/\/onlinezooshop.md\/ro\/wp-json\/wp\/v2\/product_tag?post=9873"}],"curies":[{"name":"wp","href":"https:\/\/api.w.org\/{rel}","templated":true}]}}