{"id":9881,"date":"2020-11-19T11:35:23","date_gmt":"2020-11-19T08:35:23","guid":{"rendered":"https:\/\/onlinezooshop.md\/?post_type=product&#038;p=9881"},"modified":"2025-12-05T15:00:53","modified_gmt":"2025-12-05T12:00:53","slug":"felix-s-kuricej-100gr20sht","status":"publish","type":"product","link":"https:\/\/onlinezooshop.md\/ro\/magazin\/felix-s-kuricej-100gr20sht\/","title":{"rendered":"Felix \u0441 \u043a\u0443\u0440\u0438\u0446\u0435\u0439, 85\u0433*26\u0448\u0442."},"content":{"rendered":"<p style=\"font-weight: 400;\">FELIX buc\u0103\u021bele apetisante- este o m\u00e2ncare foarte special\u0103 pentru pisici. Are un aspect \u0219i o arom\u0103 at\u00e2t de \u00eembucur\u0103toare, de parc\u0103 ai fi f\u0103cut-o singur! FELIX este creat dup\u0103 o re\u021bet\u0103 special dezvoltat\u0103: acestea sunt cele mai fragede buc\u0103\u021bi cu carne sau pe\u0219te, acoperite cu jeleu suculent.<\/p>\n<p style=\"font-weight: 400;\"><b><strong>Recomand\u0103ri pentru hr\u0103nire:<\/strong><\/b><\/p>\n<p style=\"font-weight: 400;\">Pentru pisici adulte cu greutate medie (4 kg), sunt necesare aproximativ 3-4 pungi cu alimente umede pe zi. Hr\u0103nirea trebuie \u00eemp\u0103r\u021bit\u0103 \u00een cel pu\u021bin dou\u0103 mese. Aceste valori se bazeaz\u0103 pe pisici moderat active la temperaturi ambientale normale. Nevoile individuale ale unei pisici pot varia, iar cantitatea zilnic\u0103 de hran\u0103 ar trebui ajustat\u0103 pentru a se potrivi cu nevoia de a men\u021bine greutatea optim\u0103 a pisicii. Se serve\u0219te la temperatura camerei. Asigura\u021bi-v\u0103 c\u0103 pisica dvs. are \u00eentotdeauna ap\u0103 potabil\u0103 curat\u0103 \u0219i proasp\u0103t\u0103.<\/p>\n<table style=\"font-weight: 400;\">\n<tbody>\n<tr>\n<td><b><strong>Substan\u021be hr\u0103nitoare:<\/strong><\/b><\/td>\n<td><b><strong>\u0421\u043e\u0434\u0435\u0440\u0436\u0430\u043d\u0438\u0435<\/strong><\/b><\/td>\n<\/tr>\n<tr>\n<td>Proteine<\/td>\n<td>13%<\/td>\n<\/tr>\n<tr>\n<td>Gr\u0103simi<\/td>\n<td>3%<\/td>\n<\/tr>\n<tr>\n<td>Cenu\u0219\u0103<\/td>\n<td>2.2%<\/td>\n<\/tr>\n<tr>\n<td>Celuloz\u0103<\/td>\n<td>0.5%<\/td>\n<\/tr>\n<tr>\n<td>Vitamina A<\/td>\n<td>1490 ME\/gr<\/td>\n<\/tr>\n<tr>\n<td>Vitamina D3<\/td>\n<td>230 ME\/kg<\/td>\n<\/tr>\n<\/tbody>\n<\/table>","protected":false},"excerpt":{"rendered":"<p>FELIX\u00a0\u0410\u043f\u043f\u0435\u0442\u0438\u0442\u043d\u044b\u0435 \u041a\u0443\u0441\u043e\u0447\u043a\u0438 &#8212; \u044d\u0442\u043e \u0441\u043e\u0432\u0435\u0440\u0448\u0435\u043d\u043d\u043e \u043e\u0441\u043e\u0431\u0435\u043d\u043d\u044b\u0439 \u043a\u043e\u0440\u043c \u0434\u043b\u044f \u043a\u043e\u0448\u0435\u043a. \u0423 \u043d\u0435\u0433\u043e \u0442\u0430\u043a\u043e\u0439 \u0430\u043f\u043f\u0435\u0442\u0438\u0442\u043d\u044b\u0439 \u0432\u0438\u0434 \u0438 \u0430\u0440\u043e\u043c\u0430\u0442, \u0441\u043b\u043e\u0432\u043d\u043e \u0435\u0433\u043e \u043f\u0440\u0438\u0433\u043e\u0442\u043e\u0432\u0438\u043b\u0438 \u0432\u044b<\/p>","protected":false},"featured_media":12355,"template":"","meta":[],"product_cat":[68,114,110],"product_tag":[],"_links":{"self":[{"href":"https:\/\/onlinezooshop.md\/ro\/wp-json\/wp\/v2\/product\/9881"}],"collection":[{"href":"https:\/\/onlinezooshop.md\/ro\/wp-json\/wp\/v2\/product"}],"about":[{"href":"https:\/\/onlinezooshop.md\/ro\/wp-json\/wp\/v2\/types\/product"}],"wp:featuredmedia":[{"embeddable":true,"href":"https:\/\/onlinezooshop.md\/ro\/wp-json\/wp\/v2\/media\/12355"}],"wp:attachment":[{"href":"https:\/\/onlinezooshop.md\/ro\/wp-json\/wp\/v2\/media?parent=9881"}],"wp:term":[{"taxonomy":"product_cat","embeddable":true,"href":"https:\/\/onlinezooshop.md\/ro\/wp-json\/wp\/v2\/product_cat?post=9881"},{"taxonomy":"product_tag","embeddable":true,"href":"https:\/\/onlinezooshop.md\/ro\/wp-json\/wp\/v2\/product_tag?post=9881"}],"curies":[{"name":"wp","href":"https:\/\/api.w.org\/{rel}","templated":true}]}}