{"id":9891,"date":"2020-11-19T11:46:11","date_gmt":"2020-11-19T08:46:11","guid":{"rendered":"https:\/\/onlinezooshop.md\/?post_type=product&#038;p=9891"},"modified":"2025-12-05T15:03:04","modified_gmt":"2025-12-05T12:03:04","slug":"felix-sensation-govyadina-s-tomat-100gr20sht","status":"publish","type":"product","link":"https:\/\/onlinezooshop.md\/ro\/magazin\/felix-sensation-govyadina-s-tomat-100gr20sht\/","title":{"rendered":"Felix Sensation \u0433\u043e\u0432\u044f\u0434\u0438\u043d\u0430 \u0441 \u0442\u043e\u043c\u0430\u0442\u0430\u043c\u0438, 85\u0433*26\u0448\u0442."},"content":{"rendered":"<p>Felix \u0219tie c\u0103 o pisic\u0103 fericit\u0103 este o pisic\u0103 s\u0103n\u0103toas\u0103, motiv pentru care Felix\u00ae Sensations con\u021bine acizi gra\u0219i Omega 6 \u0219i amestecul potrivit de proteine \u200b\u200b\u0219i vitamine de care animalul de companie are nevoie \u00een fiecare zi. Ce gust are senza\u021bia? Pisica Felix este sigur\u0103: arat\u0103 ca Felix\u00ae Sensations!<\/p>\n<p><strong>Recomand\u0103ri pentru hr\u0103nire<\/strong><br \/>\nPentru o pisic\u0103 adult\u0103 cu greutate medie (4 kg), sunt necesare aproximativ 3-4 pungi cu alimente umede pe zi. Hr\u0103nirea trebuie \u00eemp\u0103r\u021bit\u0103 \u00een cel pu\u021bin dou\u0103 mese. Aceste valori se bazeaz\u0103 pe pisici moderat active la temperaturi ambientale normale. Nevoile individuale ale unei pisici pot varia, iar cantitatea zilnic\u0103 de hran\u0103 ar trebui ajustat\u0103 pentru a se potrivi cu nevoia de a men\u021bine greutatea optim\u0103 a pisicii. Se serve\u0219te la temperatura camerei. Asigura\u021bi-v\u0103 c\u0103 pisica dvs. are \u00eentotdeauna ap\u0103 potabil\u0103 curat\u0103 \u0219i proasp\u0103t\u0103.<\/p>\n<p><strong>Ingrediente<\/strong><br \/>\nCarne \u0219i produse din carne procesate (19%, din care carne de vit\u0103 4%), extract de proteine \u200b\u200bvegetale, pe\u0219te \u0219i subproduse din pe\u0219te, legume (ro\u0219ii 4% \u00een jeleu), minerale, zaharuri, coloran\u021bi, vitamine<\/p>\n<p><strong>Substan\u021be ad\u0103ugate:<\/strong><br \/>\nUI \/ kg: vitamina A: 720; vitamina D3: 110; vitamina E: 15; mg \/ kg: fier: 8; iod: 0,2; cupru: 0,7; mangan: 1,6; zinc: 15.<\/p>","protected":false},"excerpt":{"rendered":"<p>Felix \u0437\u043d\u0430\u0435\u0442, \u0447\u0442\u043e \u0441\u0447\u0430\u0441\u0442\u043b\u0438\u0432\u044b\u0439 \u043a\u043e\u0442 \u2013 \u044d\u0442\u043e \u0437\u0434\u043e\u0440\u043e\u0432\u044b\u0439 \u043a\u043e\u0442, \u043f\u043e\u044d\u0442\u043e\u043c\u0443 \u0432 \u043a\u043e\u0440\u043c\u0435 Felix\u00ae Sensations \u0441\u043e\u0434\u0435\u0440\u0436\u0430\u0442\u0441\u044f \u041e\u043c\u0435\u0433\u0430 6 \u0436\u0438\u0440\u043d\u044b\u0435 \u043a\u0438\u0441\u043b\u043e\u0442\u044b, \u0430<\/p>","protected":false},"featured_media":12347,"template":"","meta":[],"product_cat":[68,114,110],"product_tag":[],"_links":{"self":[{"href":"https:\/\/onlinezooshop.md\/ro\/wp-json\/wp\/v2\/product\/9891"}],"collection":[{"href":"https:\/\/onlinezooshop.md\/ro\/wp-json\/wp\/v2\/product"}],"about":[{"href":"https:\/\/onlinezooshop.md\/ro\/wp-json\/wp\/v2\/types\/product"}],"wp:featuredmedia":[{"embeddable":true,"href":"https:\/\/onlinezooshop.md\/ro\/wp-json\/wp\/v2\/media\/12347"}],"wp:attachment":[{"href":"https:\/\/onlinezooshop.md\/ro\/wp-json\/wp\/v2\/media?parent=9891"}],"wp:term":[{"taxonomy":"product_cat","embeddable":true,"href":"https:\/\/onlinezooshop.md\/ro\/wp-json\/wp\/v2\/product_cat?post=9891"},{"taxonomy":"product_tag","embeddable":true,"href":"https:\/\/onlinezooshop.md\/ro\/wp-json\/wp\/v2\/product_tag?post=9891"}],"curies":[{"name":"wp","href":"https:\/\/api.w.org\/{rel}","templated":true}]}}