{"id":9893,"date":"2020-11-19T11:48:07","date_gmt":"2020-11-19T08:48:07","guid":{"rendered":"https:\/\/onlinezooshop.md\/?post_type=product&#038;p=9893"},"modified":"2025-12-05T15:02:12","modified_gmt":"2025-12-05T12:02:12","slug":"felix-sensation-utka-i-shpinat-100gr20sht","status":"publish","type":"product","link":"https:\/\/onlinezooshop.md\/ro\/magazin\/felix-sensation-utka-i-shpinat-100gr20sht\/","title":{"rendered":"Felix Sensation \u0443\u0442\u043a\u0430 \u0438 \u0448\u043f\u0438\u043d\u0430\u0442, 85\u0433*26\u0448\u0442."},"content":{"rendered":"<p>Conserve de m\u00e2ncare pentru pisici \u201eFelix\u201d cu ra\u021b\u0103 \u00een jeleu cu spanac este un aliment complet pentru pisicile adulte. Acestea sunt buc\u0103\u021bi fragede cu carne sau pe\u0219te, acoperite cu jeleu suculent cu diferite arome: ro\u0219ii, morcovi, spanac \u0219i altele. Jeleurile aromatice fac m\u00e2ncarea deosebit de apetisant\u0103 \u0219i atractiv\u0103 pentru animalul dvs. de companie. Pisica ta va m\u00e2nca acest deliciu delicios \u00een fiecare zi - la micul dejun, pr\u00e2nz \u0219i cin\u0103.<\/p>\n<p><strong>Recomand\u0103ri pentru hr\u0103nire:<\/strong><br \/>\nPentru pisici adulte cu greutate medie (4 kg), sunt necesare aproximativ 3 plicuri pe zi. Hr\u0103nirea trebuie \u00eemp\u0103r\u021bit\u0103 \u00een dou\u0103 mese. Pentru pisicile \u00eens\u0103rcinate sau care al\u0103pteaz\u0103, hr\u0103nirea este nelimitat\u0103. Se serve\u0219te la temperatura camerei. Asigura\u021bi-v\u0103 c\u0103 pisica dvs. are \u00eentotdeauna ap\u0103 potabil\u0103 curat\u0103 \u0219i proasp\u0103t\u0103.<\/p>\n<p><strong>Con\u021binut:<\/strong>\u00a0carne \u0219i produse din carne procesate (19%, din care ra\u021b\u0103 4%), extract de proteine \u200b\u200bvegetale, pe\u0219te \u0219i m\u0103runtaie de pe\u0219te, legume (spanac 4% \u00een jeleu), minerale, zaharuri, vitamine.<\/p>\n<p><b>Substan\u021be ad\u0103ugate:<\/b>\u00a0UI \/ kg: vitamina A: 720, vitamina D3: 110, vitamina E: 15; mg \/ kg: fier: 8, iod: 0,2, cupru: 0,7, mangan: 1,6, zinc: 15.<\/p>","protected":false},"excerpt":{"rendered":"<p>\u041a\u043e\u043d\u0441\u0435\u0440\u0432\u0438\u0440\u043e\u0432\u0430\u043d\u043d\u044b\u0439 \u043a\u043e\u0440\u043c \u0434\u043b\u044f \u043a\u043e\u0448\u0435\u043a &#171;Felix&#187; \u0441 \u0443\u0442\u043a\u043e\u0439 \u0432 \u0436\u0435\u043b\u0435 \u0441\u043e \u0448\u043f\u0438\u043d\u0430\u0442\u043e\u043c &#8212; \u043f\u043e\u043b\u043d\u043e\u0440\u0430\u0446\u0438\u043e\u043d\u043d\u044b\u0439 \u043a\u043e\u0440\u043c \u0434\u043b\u044f \u0432\u0437\u0440\u043e\u0441\u043b\u044b\u0445 \u043a\u043e\u0448\u0435\u043a. \u042d\u0442\u043e \u043d\u0435\u0436\u043d\u044b\u0435 \u043a\u0443\u0441\u043e\u0447\u043a\u0438<\/p>","protected":false},"featured_media":12346,"template":"","meta":[],"product_cat":[68,114,110],"product_tag":[],"_links":{"self":[{"href":"https:\/\/onlinezooshop.md\/ro\/wp-json\/wp\/v2\/product\/9893"}],"collection":[{"href":"https:\/\/onlinezooshop.md\/ro\/wp-json\/wp\/v2\/product"}],"about":[{"href":"https:\/\/onlinezooshop.md\/ro\/wp-json\/wp\/v2\/types\/product"}],"wp:featuredmedia":[{"embeddable":true,"href":"https:\/\/onlinezooshop.md\/ro\/wp-json\/wp\/v2\/media\/12346"}],"wp:attachment":[{"href":"https:\/\/onlinezooshop.md\/ro\/wp-json\/wp\/v2\/media?parent=9893"}],"wp:term":[{"taxonomy":"product_cat","embeddable":true,"href":"https:\/\/onlinezooshop.md\/ro\/wp-json\/wp\/v2\/product_cat?post=9893"},{"taxonomy":"product_tag","embeddable":true,"href":"https:\/\/onlinezooshop.md\/ro\/wp-json\/wp\/v2\/product_tag?post=9893"}],"curies":[{"name":"wp","href":"https:\/\/api.w.org\/{rel}","templated":true}]}}