{"id":9900,"date":"2020-11-19T15:20:54","date_gmt":"2020-11-19T12:20:54","guid":{"rendered":"https:\/\/onlinezooshop.md\/?post_type=product&#038;p=9900"},"modified":"2025-12-05T16:23:55","modified_gmt":"2025-12-05T13:23:55","slug":"one-indoor-formula-s-indejkoj-200gr10sht","status":"publish","type":"product","link":"https:\/\/onlinezooshop.md\/ro\/magazin\/one-indoor-formula-s-indejkoj-200gr10sht\/","title":{"rendered":"One Indoor Formula \u0441 \u0438\u043d\u0434\u0435\u0439\u043a\u043e\u0439, 200\u0433*10\u0448\u0442."},"content":{"rendered":"<p><strong>Caracteristici:<\/strong><\/p>\n<ul>\n<li>Special conceput pentru pisici de interior. Acest aliment ajut\u0103, de asemenea, la reducerea form\u0103rii de bile de p\u0103r \u00een sistemul digestiv al pisicilor.<\/li>\n<li>Cu fibre pentru a sp\u0103la de dou\u0103 ori mai multe bile de p\u0103r din tractul digestiv \u00een 14 zile<\/li>\n<li>Con\u021bine cicoare, un ingredient natural pentru a ajuta la reducerea mirosului de a\u0219ternut de pisic\u0103<\/li>\n<li>Siluet\u0103 sub\u021bire \u0219i corp s\u0103n\u0103tos datorit\u0103 raportului adaptat de proteine \u200b\u200b\u0219i gr\u0103simi<\/li>\n<\/ul>\n<p><strong>Con\u021binut:<\/strong><br \/>\nCurcan (17%), cereale integrale (17%), gluten de porumb, proteine \u200b\u200bde pas\u0103re deshidratate, porumb, gr\u0103simi animale, pulp\u0103 de sfecl\u0103 uscat\u0103, r\u0103d\u0103cin\u0103 de cicoare uscat\u0103 (2%), vitamine \u0219i minerale, digest, drojdie (1%) , ulei de pe\u0219te, antioxidan\u021bi (E310, E320, E321)<\/p>\n<p><strong>Vitamine:<\/strong><br \/>\nVitamina A: 36960 UI \/ kg Vitamina D3: 1120 UI \/ kg Vitamina E 670 UI \/ kg Vitamina C 140 mg \/ kg Taurin\u0103: 780 mg \/ kg<\/p>\n<p><strong>Minerale:<\/strong><br \/>\nFier: 253, iod 3,2, cupru 50, mangan: 120, zinc: 428, seleniu: 0,29<\/p>\n<p><strong>Analiz\u0103 tipic\u0103:<\/strong><br \/>\nProteine \u200b\u200bbrute: 34, gr\u0103simi brute: 13,0, cenu\u0219\u0103 brut\u0103: 7,5, umiditate 6,0, fibre brute 6,0<\/p>\n<p><strong>Valoarea energetic\u0103 (calorii):<\/strong>\u00a0347kkal\/100g<\/p>\n<p><strong>Recomand\u0103ri de hr\u0103nire (g \/ zi):<\/strong>\u00a0vezi tabelul de pe ambalaj. Doza zilnic\u0103 de hr\u0103nire, se bazeaz\u0103 pe pisici adulte cu activitate medie \u00een condi\u021bii normale de mediu. Apa potabil\u0103 proasp\u0103t\u0103 \u0219i curat\u0103 trebuie s\u0103 fie disponibil\u0103 \u00een permanen\u021b\u0103 animalului<\/p>","protected":false},"excerpt":{"rendered":"<p>Hran\u0103 pentru pisici de cas\u0103\u00a0<strong>Purina One Indoor Formula Cat<\/strong> cu curcan \u0219i cereale integrale are, de asemenea, un efect pozitiv asupra nivelului de activitate al animalului, care uneori nu trece pragul casei de-a lungul vie\u021bii sale.<\/p>","protected":false},"featured_media":12385,"template":"","meta":[],"product_cat":[68,115,110],"product_tag":[],"_links":{"self":[{"href":"https:\/\/onlinezooshop.md\/ro\/wp-json\/wp\/v2\/product\/9900"}],"collection":[{"href":"https:\/\/onlinezooshop.md\/ro\/wp-json\/wp\/v2\/product"}],"about":[{"href":"https:\/\/onlinezooshop.md\/ro\/wp-json\/wp\/v2\/types\/product"}],"wp:featuredmedia":[{"embeddable":true,"href":"https:\/\/onlinezooshop.md\/ro\/wp-json\/wp\/v2\/media\/12385"}],"wp:attachment":[{"href":"https:\/\/onlinezooshop.md\/ro\/wp-json\/wp\/v2\/media?parent=9900"}],"wp:term":[{"taxonomy":"product_cat","embeddable":true,"href":"https:\/\/onlinezooshop.md\/ro\/wp-json\/wp\/v2\/product_cat?post=9900"},{"taxonomy":"product_tag","embeddable":true,"href":"https:\/\/onlinezooshop.md\/ro\/wp-json\/wp\/v2\/product_tag?post=9900"}],"curies":[{"name":"wp","href":"https:\/\/api.w.org\/{rel}","templated":true}]}}