{"id":9907,"date":"2020-11-19T15:37:46","date_gmt":"2020-11-19T12:37:46","guid":{"rendered":"https:\/\/onlinezooshop.md\/?post_type=product&#038;p=9907"},"modified":"2025-12-05T16:29:33","modified_gmt":"2025-12-05T13:29:33","slug":"one-steril-cat-govyadina-i-pshenica-800gr","status":"publish","type":"product","link":"https:\/\/onlinezooshop.md\/ro\/magazin\/one-steril-cat-govyadina-i-pshenica-800gr\/","title":{"rendered":"One Steril Cat \u0433\u043e\u0432\u044f\u0434\u0438\u043d\u0430 \u0438 \u043f\u0448\u0435\u043d\u0438\u0446\u0430, 750\u0433*8\u0448\u0442."},"content":{"rendered":"<p>Ajut\u0103 la men\u021binerea unei siluete sub\u021biri \u0219i la men\u021binerea greut\u0103\u021bii corpului pisicii sub control, \u00een timp ce o formul\u0103 mineral\u0103 echilibrat\u0103 ajut\u0103 la men\u021binerea s\u0103n\u0103t\u0103\u021bii sistemului urinar al pisicii.<\/p>\n<p><strong>Ingrediente de baz\u0103:<\/strong><\/p>\n<p>Ingrediente: carne de vit\u0103 (16%), pudr\u0103 de proteine \u200b\u200bde pas\u0103re, gr\u00e2u (14%), f\u0103in\u0103 de soia, porumb, gluten de porumb, gluten de gr\u00e2u, gr\u0103sime animal\u0103, pulp\u0103 de sfecl\u0103 uscat\u0103, r\u0103d\u0103cin\u0103 de cicoare uscat\u0103, proteine \u200b\u200buscate de pe\u0219te, vitamine \u0219i minerale, digest (cu ad\u0103ugarea unei culturi de lactobacili \u00een pulbere 0,025%), drojdie, conservant (acid fosforic), antioxidan\u021bi (e310, e320, e321).<\/p>\n<p>Vitamine (UI \/ kg): vitamina a: 36 960; vitamina d3: 1200; vitamina e: 460; vitamina c: 140 mg \/ kg. Taurin\u0103: 780 mg \/ kg<br \/>\nMinerale (mg \/ kg): sulfat feros: 230; iodat de calciu: 2,9; sulfat de cupru: 46; sulfat de mangan: 110; sulfat de zinc: 390; selenit de sodiu: 0,27.<\/p>\n<p>Indicatori garantati (%): proteine: 37; gr\u0103sime: 13,0; cenu\u0219\u0103 brut\u0103: 7,5; fibre brute: 4,0; acizi gra\u0219i omega-6: 2,0; umiditate: 6,0. Valoare energetic\u0103: 354 kcal \/ 100<\/p>","protected":false},"excerpt":{"rendered":"<p>Formula\u00a0<strong>Purina ONE Sterilcat<\/strong>are o formulare nutritiv\u0103 adaptat\u0103 pentru pisici castrate \/ castrate \u0219i niveluri de proteine \u200b\u200b\u0219i gr\u0103simi special adaptate pentru a sus\u021bine rata metabolic\u0103 s\u0103n\u0103toas\u0103 a pisicilor castrate \/ castrate.<\/p>","protected":false},"featured_media":12387,"template":"","meta":[],"product_cat":[68,115,110],"product_tag":[],"_links":{"self":[{"href":"https:\/\/onlinezooshop.md\/ro\/wp-json\/wp\/v2\/product\/9907"}],"collection":[{"href":"https:\/\/onlinezooshop.md\/ro\/wp-json\/wp\/v2\/product"}],"about":[{"href":"https:\/\/onlinezooshop.md\/ro\/wp-json\/wp\/v2\/types\/product"}],"wp:featuredmedia":[{"embeddable":true,"href":"https:\/\/onlinezooshop.md\/ro\/wp-json\/wp\/v2\/media\/12387"}],"wp:attachment":[{"href":"https:\/\/onlinezooshop.md\/ro\/wp-json\/wp\/v2\/media?parent=9907"}],"wp:term":[{"taxonomy":"product_cat","embeddable":true,"href":"https:\/\/onlinezooshop.md\/ro\/wp-json\/wp\/v2\/product_cat?post=9907"},{"taxonomy":"product_tag","embeddable":true,"href":"https:\/\/onlinezooshop.md\/ro\/wp-json\/wp\/v2\/product_tag?post=9907"}],"curies":[{"name":"wp","href":"https:\/\/api.w.org\/{rel}","templated":true}]}}