{"id":9909,"date":"2020-11-19T16:45:47","date_gmt":"2020-11-19T13:45:47","guid":{"rendered":"https:\/\/onlinezooshop.md\/?post_type=product&#038;p=9909"},"modified":"2025-12-08T14:10:34","modified_gmt":"2025-12-08T11:10:34","slug":"pro-plan-junior-s-indejkoj-85gr26sht","status":"publish","type":"product","link":"https:\/\/onlinezooshop.md\/ro\/magazin\/pro-plan-junior-s-indejkoj-85gr26sht\/","title":{"rendered":"Pro Plan Junior \u0441 \u0438\u043d\u0434\u0435\u0439\u043a\u043e\u0439, 85\u0433*26\u0448\u0442."},"content":{"rendered":"<ul>\n<li style=\"font-weight: 400;\">Buc\u0103\u021bi fragede special concepute \u00eentr-un sos pentru pisoi u\u0219or de mestecat;<\/li>\n<li style=\"font-weight: 400;\">Datorit\u0103 con\u021binutului de PUFA (acizi gra\u0219i polinesatura\u021bi), acesta sus\u021bine dezvoltarea complet\u0103 a ochilor \u0219i creierului pisoiului;<\/li>\n<li style=\"font-weight: 400;\">Formularea alimentelor asigur\u0103 o diet\u0103 echilibrat\u0103 datorit\u0103 con\u021binutului tuturor substan\u021belor nutritive necesare dezvolt\u0103rii s\u0103n\u0103toase a pisoilor \u00een cre\u0219tere;<\/li>\n<li style=\"font-weight: 400;\">Con\u021binutul ridicat de proteine \u200b\u200b\u0219i compozi\u021bia mineral\u0103 optim\u0103 contribuie la dezvoltarea s\u0103n\u0103toas\u0103 a oaselor \u0219i a masei musculare a pisoiului.<\/li>\n<\/ul>\n<p style=\"font-weight: 400;\"><b><strong>Con\u021binut:<\/strong><\/b><\/p>\n<p style=\"font-weight: 400;\">Carne \u0219i produse din carne procesate (inclusiv curcan 4%), extracte din proteine \u200b\u200bvegetale, pe\u0219te \u0219i produse prelucrate din pe\u0219te, materii prime vegetale, gr\u0103simi vegetale \u0219i animale, minerale, coloran\u021bi, zaharuri, vitamine.<\/p>","protected":false},"excerpt":{"rendered":"<p>Pro Plan Junior (p\u00e2n\u0103 la 1 an) este o diet\u0103 complet\u0103 \u0219i echilibrat\u0103 pentru pisoi care con\u021bine to\u021bi nutrien\u021bii \u0219i vitaminele necesare pentru dezvoltarea s\u0103n\u0103toas\u0103 a unui pisoi. Buc\u0103\u021bile delicate din sos combin\u0103 nu numai beneficiile, ci \u0219i gustul pe care animalul de companie \u00eel va iubi.<\/p>","protected":false},"featured_media":12403,"template":"","meta":[],"product_cat":[68,111,110],"product_tag":[],"_links":{"self":[{"href":"https:\/\/onlinezooshop.md\/ro\/wp-json\/wp\/v2\/product\/9909"}],"collection":[{"href":"https:\/\/onlinezooshop.md\/ro\/wp-json\/wp\/v2\/product"}],"about":[{"href":"https:\/\/onlinezooshop.md\/ro\/wp-json\/wp\/v2\/types\/product"}],"wp:featuredmedia":[{"embeddable":true,"href":"https:\/\/onlinezooshop.md\/ro\/wp-json\/wp\/v2\/media\/12403"}],"wp:attachment":[{"href":"https:\/\/onlinezooshop.md\/ro\/wp-json\/wp\/v2\/media?parent=9909"}],"wp:term":[{"taxonomy":"product_cat","embeddable":true,"href":"https:\/\/onlinezooshop.md\/ro\/wp-json\/wp\/v2\/product_cat?post=9909"},{"taxonomy":"product_tag","embeddable":true,"href":"https:\/\/onlinezooshop.md\/ro\/wp-json\/wp\/v2\/product_tag?post=9909"}],"curies":[{"name":"wp","href":"https:\/\/api.w.org\/{rel}","templated":true}]}}