{"id":9911,"date":"2020-11-19T16:48:49","date_gmt":"2020-11-19T13:48:49","guid":{"rendered":"https:\/\/onlinezooshop.md\/?post_type=product&#038;p=9911"},"modified":"2025-12-08T13:57:10","modified_gmt":"2025-12-08T10:57:10","slug":"pro-plan-steril-s-kuricej-85gr24sht","status":"publish","type":"product","link":"https:\/\/onlinezooshop.md\/ro\/magazin\/pro-plan-steril-s-kuricej-85gr24sht\/","title":{"rendered":"PRO PLAN Steril \u0441 \u043a\u0443\u0440\u0438\u0446\u0435\u0439, 85\u0433*26\u0448\u0442."},"content":{"rendered":"<ul>\n<li style=\"font-weight: 400;\">Ajut\u0103 la men\u021binerea s\u0103n\u0103t\u0103\u021bii urinare la pisicile castrate \u0219i sterilizate;<\/li>\n<li style=\"font-weight: 400;\">Ajut\u0103 la men\u021binerea greut\u0103\u021bii corporale optime a pisicii;<\/li>\n<li style=\"font-weight: 400;\">Ajut\u0103 la sus\u021binerea ap\u0103r\u0103rii naturale a organismului datorit\u0103 con\u021binutului s\u0103u de antioxidan\u021bi, cum ar fi vitamina E;<\/li>\n<li style=\"font-weight: 400;\">Buc\u0103\u021bi delicate \u00eentr-un sos s\u0103rat au un gust bun datorit\u0103 tehnologiei patentate Nestle Purina.<\/li>\n<\/ul>\n<p style=\"font-weight: 400;\"><b><strong>Con\u021binut:<\/strong><\/b><\/p>\n<p style=\"font-weight: 400;\">carne \u0219i produse de prelucrare a c\u0103rnii (inclusiv pui 4%), extracte de proteine \u200b\u200bvegetale, pe\u0219te \u0219i produse din pe\u0219te, produse de prelucrare a materiilor prime vegetale, gr\u0103simi vegetale \u0219i animale, minerale, coloran\u021bi, zaharuri, vitamine, antioxidan\u021bi.<\/p>","protected":false},"excerpt":{"rendered":"<p>Pro Plan STERIL (1-6 ani) este o diet\u0103 complet\u0103, echilibrat\u0103, care con\u021bine to\u021bi nutrien\u021bii \u0219i vitaminele necesare pentru pisicile sterilizate \u0219i pisicile castrate. Buc\u0103\u021bile delicate din sos combin\u0103 nu numai beneficiile, ci \u0219i gustul pe care animalul de companie \u00eel va iubi.<\/p>","protected":false},"featured_media":12395,"template":"","meta":[],"product_cat":[68,111,110],"product_tag":[],"_links":{"self":[{"href":"https:\/\/onlinezooshop.md\/ro\/wp-json\/wp\/v2\/product\/9911"}],"collection":[{"href":"https:\/\/onlinezooshop.md\/ro\/wp-json\/wp\/v2\/product"}],"about":[{"href":"https:\/\/onlinezooshop.md\/ro\/wp-json\/wp\/v2\/types\/product"}],"wp:featuredmedia":[{"embeddable":true,"href":"https:\/\/onlinezooshop.md\/ro\/wp-json\/wp\/v2\/media\/12395"}],"wp:attachment":[{"href":"https:\/\/onlinezooshop.md\/ro\/wp-json\/wp\/v2\/media?parent=9911"}],"wp:term":[{"taxonomy":"product_cat","embeddable":true,"href":"https:\/\/onlinezooshop.md\/ro\/wp-json\/wp\/v2\/product_cat?post=9911"},{"taxonomy":"product_tag","embeddable":true,"href":"https:\/\/onlinezooshop.md\/ro\/wp-json\/wp\/v2\/product_tag?post=9911"}],"curies":[{"name":"wp","href":"https:\/\/api.w.org\/{rel}","templated":true}]}}