{"id":9915,"date":"2020-11-19T16:53:36","date_gmt":"2020-11-19T13:53:36","guid":{"rendered":"https:\/\/onlinezooshop.md\/?post_type=product&#038;p=9915"},"modified":"2025-12-08T13:59:16","modified_gmt":"2025-12-08T10:59:16","slug":"pro-plan-delicat-s-indejkoj-85gr26sht","status":"publish","type":"product","link":"https:\/\/onlinezooshop.md\/ro\/magazin\/pro-plan-delicat-s-indejkoj-85gr26sht\/","title":{"rendered":"Pro Plan Delicat \u0441 \u0438\u043d\u0434\u0435\u0439\u043a\u043e\u0439, 85\u0433*26\u0448\u0442."},"content":{"rendered":"<ul>\n<li style=\"font-weight: 400;\">Ingrediente de calitate precum codul, p\u0103s\u0103rile de curte \u0219i curcanul ajut\u0103 la digerarea temeinic\u0103 a alimentelor;<\/li>\n<li style=\"font-weight: 400;\">Ajut\u0103 la reducerea reac\u021biilor cutanate asociate cu intoleran\u021bele alimentare;<\/li>\n<li style=\"font-weight: 400;\">Buc\u0103\u021bi delicate \u00eentr-un sos s\u0103rat sunt foarte atractive pentru pisici datorit\u0103 tehnologiei brevetate de produc\u021bie a departamentului Purina din Nestl\u00e9;<\/li>\n<li style=\"font-weight: 400;\">Dovedit pentru a \u00eembun\u0103t\u0103\u021bi digestia cu inulin\u0103, un prebiotic care ajut\u0103 la echilibrarea florei intestinale a pisicilor sensibile.<\/li>\n<\/ul>\n<p style=\"font-weight: 400;\"><b><strong>Con\u021binut:<\/strong><\/b>\u00a0carne \u0219i produse prelucrate din carne (inclusiv curcan 4%), extracte de proteine \u200b\u200bvegetale, pe\u0219te \u0219i produse prelucrate din pe\u0219te, produse din materii prime vegetale, gr\u0103simi vegetale \u0219i animale, minerale, coloran\u021bi, zaharuri, vitamine.<\/p>","protected":false},"excerpt":{"rendered":"<p>Pro Plan DELICATE (1-6 ani) este o diet\u0103 complet\u0103, echilibrat\u0103, care con\u021bine to\u021bi nutrien\u021bii \u0219i vitaminele esen\u021biale pentru pisicile cu digestie sensibil\u0103. Buc\u0103\u021bile delicate din sos combin\u0103 nu numai beneficiile, ci \u0219i gustul pe care animalul de companie \u00eel va iubi.<\/p>","protected":false},"featured_media":12397,"template":"","meta":[],"product_cat":[68,111,110],"product_tag":[],"_links":{"self":[{"href":"https:\/\/onlinezooshop.md\/ro\/wp-json\/wp\/v2\/product\/9915"}],"collection":[{"href":"https:\/\/onlinezooshop.md\/ro\/wp-json\/wp\/v2\/product"}],"about":[{"href":"https:\/\/onlinezooshop.md\/ro\/wp-json\/wp\/v2\/types\/product"}],"wp:featuredmedia":[{"embeddable":true,"href":"https:\/\/onlinezooshop.md\/ro\/wp-json\/wp\/v2\/media\/12397"}],"wp:attachment":[{"href":"https:\/\/onlinezooshop.md\/ro\/wp-json\/wp\/v2\/media?parent=9915"}],"wp:term":[{"taxonomy":"product_cat","embeddable":true,"href":"https:\/\/onlinezooshop.md\/ro\/wp-json\/wp\/v2\/product_cat?post=9915"},{"taxonomy":"product_tag","embeddable":true,"href":"https:\/\/onlinezooshop.md\/ro\/wp-json\/wp\/v2\/product_tag?post=9915"}],"curies":[{"name":"wp","href":"https:\/\/api.w.org\/{rel}","templated":true}]}}