{"id":9926,"date":"2020-11-20T11:47:16","date_gmt":"2020-11-20T08:47:16","guid":{"rendered":"https:\/\/onlinezooshop.md\/?post_type=product&#038;p=9926"},"modified":"2025-12-08T13:58:14","modified_gmt":"2025-12-08T10:58:14","slug":"pro-plan-adult-c-kuricej-10kg","status":"publish","type":"product","link":"https:\/\/onlinezooshop.md\/ro\/magazin\/pro-plan-adult-c-kuricej-10kg\/","title":{"rendered":"Pro Plan Adult c \u043a\u0443\u0440\u0438\u0446\u0435\u0439, 10\u043a\u0433"},"content":{"rendered":"<p>Puiul, ingredientul principal, ofer\u0103 o surs\u0103 rafinat\u0103 de proteine \u200b\u200bpentru dezvoltarea mu\u0219chilor puternici \u0219i s\u0103n\u0103to\u0219i. M\u00e2ncarea este special formulat\u0103 pentru a \u00eent\u0103ri sistemele de ap\u0103rare de baz\u0103 ale pisicii - imune, digestive, excretoare, piele \u0219i blana - \u0219i pentru a satisface nevoile energetice \u0219i nutri\u021bionale ale unei pisici adulte.<\/p>\n<p>PRO PLAN\u00ae Adult combin\u0103 to\u021bi nutrien\u021bii esen\u021biali, inclusiv vitaminele A, C \u0219i E, precum \u0219i acizii gra\u0219i omega-3 \u0219i omega-6 \u0219i un prebiotic natural, pentru a oferi o hran\u0103 nutritiv\u0103 de \u00eenalt\u0103 calitate pentru pisici<\/p>\n<ul>\n<li>Sprijin\u0103 s\u0103n\u0103tatea rinichilor:\u00a0<em>Con\u021bine OPTIRENAL\u00ae, un amestec special de nutrien\u021bi, inclusiv antioxidan\u021bi, arginin\u0103 \u0219i acizi gra\u0219i omega-3.<\/em><\/li>\n<li>Sprijin\u0103 articula\u021biile s\u0103n\u0103toase \u0219i mobilitatea:\u00a0<em>Are un con\u021binut ridicat de proteine \u200b\u200b(36%) pentru s\u0103n\u0103tatea muscular\u0103 \u0219i men\u021binerea masei corporale slabe.<\/em><\/li>\n<li>Sprijin\u0103 un sistem imunitar s\u0103n\u0103tos:\u00a0<em>Are un con\u021binut ridicat de proteine \u200b\u200b(36%) \u0219i vitaminele C \u0219i E.<\/em><\/li>\n<li>Ajut\u0103 la protejarea din\u021bilor de formarea pl\u0103cii \u0219i a tartrului. Reduce formarea tartrului cu 40%.:<em>Granulele sunt acoperite cu o substan\u021b\u0103 special\u0103 care leag\u0103 calciul, astfel \u00eenc\u00e2t calciu salivar nu este disponibil pentru formarea calculului.<\/em><\/li>\n<\/ul>\n<p><strong>Ingrediente:<\/strong>\u00a0Pui (21%), pudr\u0103 de proteine \u200b\u200bde pas\u0103re, gr\u00e2u, orez, gluten de porumb, gr\u0103sime animal\u0103, ou\u0103 praf, r\u0103d\u0103cin\u0103 uscat\u0103 de cicoare * (2%), porumb, gluten de gr\u00e2u, minerale, ulei de pe\u0219te, aditiv furajer aromat, drojdie, conservan\u021bi, vitamine, antioxidan\u021bi. * Prebiotic natural.<\/p>\n<p><strong>Aditivi:<\/strong>\u00a0Vitamina A 21000 UI \/ kg Vitamina D3 1700 UI \/ kg Vitamina E (tocoferol) 550 mg \/ kg Vitamina C (acid ascorbic) 70 mg \/ kg Taurin\u0103 1500 mg \/ kg<br \/>\n<strong>Analiz\u0103 garantat\u0103:<\/strong><br \/>\nProteine \u200b\u200bbrute 36,0% Gr\u0103simi brute 16,0% Cenu\u0219\u0103 7,0% Fibre brute 1,5% Calciu 1,2% Fosfor 1,0% Magneziu 0,1% Acid linoleic 1,0%<\/p>","protected":false},"excerpt":{"rendered":"<p>Hrana\u00a0<strong>Pro Plan Adult cu pui \u0219i orez 10kg<\/strong>\u00a0pentru pisicile adulte este fabricat din carne de pui de cea mai \u00eenalt\u0103 calitate \u0219i orez u\u0219or digerabil, care confer\u0103 m\u00e2nc\u0103rii o valoare nutri\u021bional\u0103 \u0219i un gust excep\u021bionale.<\/p>","protected":false},"featured_media":12396,"template":"","meta":[],"product_cat":[68,111],"product_tag":[],"_links":{"self":[{"href":"https:\/\/onlinezooshop.md\/ro\/wp-json\/wp\/v2\/product\/9926"}],"collection":[{"href":"https:\/\/onlinezooshop.md\/ro\/wp-json\/wp\/v2\/product"}],"about":[{"href":"https:\/\/onlinezooshop.md\/ro\/wp-json\/wp\/v2\/types\/product"}],"wp:featuredmedia":[{"embeddable":true,"href":"https:\/\/onlinezooshop.md\/ro\/wp-json\/wp\/v2\/media\/12396"}],"wp:attachment":[{"href":"https:\/\/onlinezooshop.md\/ro\/wp-json\/wp\/v2\/media?parent=9926"}],"wp:term":[{"taxonomy":"product_cat","embeddable":true,"href":"https:\/\/onlinezooshop.md\/ro\/wp-json\/wp\/v2\/product_cat?post=9926"},{"taxonomy":"product_tag","embeddable":true,"href":"https:\/\/onlinezooshop.md\/ro\/wp-json\/wp\/v2\/product_tag?post=9926"}],"curies":[{"name":"wp","href":"https:\/\/api.w.org\/{rel}","templated":true}]}}