{"id":9930,"date":"2020-11-20T12:25:50","date_gmt":"2020-11-20T09:25:50","guid":{"rendered":"https:\/\/onlinezooshop.md\/?post_type=product&#038;p=9930"},"modified":"2025-12-08T14:21:10","modified_gmt":"2025-12-08T11:21:10","slug":"pro-plan-junior-c-kuricej-10kg","status":"publish","type":"product","link":"https:\/\/onlinezooshop.md\/ro\/magazin\/pro-plan-junior-c-kuricej-10kg\/","title":{"rendered":"Pro Plan Junior c \u043a\u0443\u0440\u0438\u0446\u0435\u0439, 10\u043a\u0433"},"content":{"rendered":"<p>Pisoii merg adesea la bolurile lor \u0219i m\u0103n\u00e2nc\u0103 pu\u021bin c\u00e2te pu\u021bin. Este destul de normal. Prin natura sa, un pisoi, spre deosebire de un c\u00e2ine, este destul de greu de supraalimentat. A\u0219adar, nu v\u0103 l\u0103sa\u021bi intimida\u021bi de op\u021biunea de a v\u0103 supraalimenta pisoiul.<\/p>\n<p><strong>Caracteristici nutri\u021bionale<\/strong><\/p>\n<ul>\n<li>Con\u021bine OPTISTART\u00ae cu colostru bovin, care stabilizeaz\u0103 \u00een mod fiabil microflora intestinal\u0103 \u00een timpul stresului la pisici.<\/li>\n<li>Con\u021bine OPTISTART\u00ae cu colostru bovin, care \u00eent\u0103re\u0219te \u00een mod fiabil sistemul imunitar al pisoiilor la nivel local \u0219i sistemic: cre\u0219te produc\u021bia de imunoglobulin\u0103 secretorie A (IgA) \u00een intestin \u0219i cre\u0219te, de asemenea, nivelurile circulante ale imunoglobulinei G specifice (VG) dup\u0103 vaccinare.<\/li>\n<li>Con\u021bine o surs\u0103 natural\u0103 de DHA (acid docosahexaenoic), care joac\u0103 un rol critic \u00een dezvoltarea optim\u0103 a celulelor \u0219i neuronilor retinieni.<\/li>\n<li>Con\u021binut ridicat de proteine \u200b\u200b(40%) pentru dezvoltarea \u00eembun\u0103t\u0103\u021bit\u0103 a masei corporale slabe.<\/li>\n<li>Complex mineral echilibrat pentru o cre\u0219tere s\u0103n\u0103toas\u0103 a oaselor.<\/li>\n<\/ul>\n<p><strong>Con\u021binut:\u00a0<\/strong>Pui (20%), praf de proteine \u200b\u200bde pas\u0103re, gluten de porumb, orez, gr\u0103sime animal\u0103, porumb, gluten de gr\u00e2u, praf de ou\u0103, minerale, aditiv alimentar aromatizant, ulei de pe\u0219te, colostru (0,1%)<\/p>\n<p><strong>Substan\u021be ad\u0103ugate, UI \/ kg:<\/strong><span class=\"Apple-converted-space\">\u00a0<\/span>vitamina A: 36 400; vitamina D3: 1.180; vitamina E: 750 mg \/ kg: vitamina C: 140; fier: 335; iod: 4,0; cupru: 68; mangan: 160; zinc: 570; seleniu: 0,38. Cu antioxidan\u021bi<\/p>\n<p><strong>Analiza:<\/strong><span class=\"Apple-converted-space\">\u00a0<\/span>proteine: 40%, gr\u0103simi: 20%, cenu\u0219\u0103 brut\u0103: 6,5%, fibre brute: 0,5%, DHA: 0,1%<\/p>\n<p>Transfera\u021bi pisoiul \u00een alimentele Pro Plan\u00ae JUNIOR la \u200b\u200bv\u00e2rsta de 3-4 s\u0103pt\u0103m\u00e2ni. Pentru un consum mai u\u0219or, furajele trebuie amestecate cu ap\u0103. Reduce\u021bi treptat cantitatea de ap\u0103 ad\u0103ugat\u0103 pentru a se \u00eenmuia p\u00e2n\u0103 c\u00e2nd pisoiul poate m\u00e2nca m\u00e2ncarea ne\u00eenmuit\u0103. Respecta\u021bi 2-3 mese pe zi sau hr\u0103ni\u021bi-le dup\u0103 cum este necesar. Pentru<span class=\"Apple-converted-space\">\u00a0<\/span><strong>pisici \u00eens\u0103rcinate<\/strong><span class=\"Apple-converted-space\">\u00a0<\/span>diurna minim\u0103 zilnic\u0103 este de 90 g \/ zi, pentru asisten\u021b\u0103 medical\u0103 - diurna minim\u0103 zilnic\u0103 este de 180 g \/ zi sau dup\u0103 cum este necesar. Consulta\u021bi medicul veterinar pentru o explica\u021bie mai detaliat\u0103.<\/p>","protected":false},"excerpt":{"rendered":"<p>Hr\u0103nirea unui pisoi este diferit\u0103 de hr\u0103nirea unei pisici sau pisici adulte. Un pisoi are nevoie de mult mai multe proteine \u200b\u200b(proteine) \u0219i calciu dec\u00e2t o pisic\u0103 adult\u0103. \u00cen primul r\u00e2nd, pisoii ca copii mici pentru dezvoltarea cu succes \u0219i cre\u0219terea \u00een greutate trebuie s\u0103 m\u0103n\u00e2nce des.<\/p>","protected":false},"featured_media":12406,"template":"","meta":[],"product_cat":[68,111],"product_tag":[],"_links":{"self":[{"href":"https:\/\/onlinezooshop.md\/ro\/wp-json\/wp\/v2\/product\/9930"}],"collection":[{"href":"https:\/\/onlinezooshop.md\/ro\/wp-json\/wp\/v2\/product"}],"about":[{"href":"https:\/\/onlinezooshop.md\/ro\/wp-json\/wp\/v2\/types\/product"}],"wp:featuredmedia":[{"embeddable":true,"href":"https:\/\/onlinezooshop.md\/ro\/wp-json\/wp\/v2\/media\/12406"}],"wp:attachment":[{"href":"https:\/\/onlinezooshop.md\/ro\/wp-json\/wp\/v2\/media?parent=9930"}],"wp:term":[{"taxonomy":"product_cat","embeddable":true,"href":"https:\/\/onlinezooshop.md\/ro\/wp-json\/wp\/v2\/product_cat?post=9930"},{"taxonomy":"product_tag","embeddable":true,"href":"https:\/\/onlinezooshop.md\/ro\/wp-json\/wp\/v2\/product_tag?post=9930"}],"curies":[{"name":"wp","href":"https:\/\/api.w.org\/{rel}","templated":true}]}}