{"id":9932,"date":"2020-11-20T12:31:00","date_gmt":"2020-11-20T09:31:00","guid":{"rendered":"https:\/\/onlinezooshop.md\/?post_type=product&#038;p=9932"},"modified":"2025-12-08T13:48:40","modified_gmt":"2025-12-08T10:48:40","slug":"pro-plan-sterilized-s-krolikom-10kg","status":"publish","type":"product","link":"https:\/\/onlinezooshop.md\/ro\/magazin\/pro-plan-sterilized-s-krolikom-10kg\/","title":{"rendered":"Pro Plan Sterilized \u0441 \u043a\u0440\u043e\u043b\u0438\u043a\u043e\u043c, 10\u043a\u0433"},"content":{"rendered":"<p>O diet\u0103 proteic\u0103 de \u00eenalt\u0103 calitate \u0219i alimente cu con\u021binut sc\u0103zut de gr\u0103simi care combin\u0103 to\u021bi nutrien\u021bii esen\u021biali, inclusiv vitaminele A, C \u0219i E, precum \u0219i acizii gra\u0219i Omega-3 \u0219i Omega-6. Echilibreaz\u0103 pH-ul urinei.<\/p>\n<h4>Caracteristici<\/h4>\n<ul>\n<li>Pro Plan Sterilized este ideal pentru men\u021binerea s\u0103n\u0103t\u0103\u021bii pisicilor sterilizate \u0219i castrate<\/li>\n<li>Con\u021bine Optirenal\u00ae, un complex unic pentru sus\u021binerea s\u0103n\u0103t\u0103\u021bii rinichilor<\/li>\n<li>Sus\u021bine s\u0103n\u0103tatea urinar\u0103 la pisicile castrate \u0219i la pisicile castrate, prevenind riscul bolilor tractului urinar inferior<\/li>\n<li>Ajut\u0103 la protejarea din\u021bilor \u00eempotriva form\u0103rii pl\u0103cii \u0219i tartrului<\/li>\n<li>Ajut\u0103 la men\u021binerea unei greut\u0103\u021bi s\u0103n\u0103toase<\/li>\n<li>Cu con\u021binut sporit de carne de iepure<\/li>\n<\/ul>\n<p>Dieta con\u021bine formula OPTIRENAL\u00ae - o combina\u021bie special\u0103 de nutrien\u021bi, inclusiv antioxidan\u021bi, arginin\u0103 \u0219i acizi gra\u0219i omega-3, care sus\u021bin s\u0103n\u0103tatea rinichilor. Sus\u021bine s\u0103n\u0103tatea urinar\u0103 la pisicile castrate cu risc crescut de urolitiaz\u0103. Ajut\u0103 la men\u021binerea greut\u0103\u021bii corporale ideale printr-un echilibru exact de proteine, gr\u0103simi \u0219i carbohidra\u021bi. Con\u021binut ridicat de proteine \u200b\u200b\u0219i con\u021binut sc\u0103zut de gr\u0103simi.<\/p>\n<h4><strong>Ingrediente<\/strong><\/h4>\n<p>Pui, gluten de porumb, orez, praf de proteine \u200b\u200bde pas\u0103re, porumb, concentrat de proteine \u200b\u200bdin maz\u0103re, gluten de gr\u00e2u, fibre de gr\u00e2u, iepure (4%), minerale, praf de ou\u0103, gr\u0103sime animal\u0103, ulei de pe\u0219te, aditiv furajer aromat, drojdie.<\/p>\n<h4><strong>Substan\u021be ad\u0103ugate:<\/strong><\/h4>\n<p>UI \/ kg: vitamina A: 35.000; vitamina D3: 1 100; vitamina E: 900 mg \/ kg: vitamina C: 160; fier: 60; iod: 1,9; cupru: 12; mangan: 15; zinc: 145; seleniu: 0,12. Cu antioxidan\u021bi.<\/p>\n<h4><strong>Indicatori garanta\u021bi<\/strong><\/h4>\n<p>proteine: 41,0%, gr\u0103simi: 12,0%, cenu\u0219\u0103 brut\u0103: 7,0%, fibre brute: 4,5%, acizi gra\u0219i omega-3: 0,5%; acizi gra\u0219i omega 6: 2,0%<\/p>","protected":false},"excerpt":{"rendered":"<p>Hran\u0103 uscat\u0103 Purina Pro Plan Sterilised pentru pisici de iepure sterilizate, sterilizate, con\u021bine o combina\u021bie special\u0103 de ingrediente pentru a men\u021bine pisicile s\u0103n\u0103toase \u00een timp.<\/p>","protected":false},"featured_media":12390,"template":"","meta":[],"product_cat":[68,111],"product_tag":[],"_links":{"self":[{"href":"https:\/\/onlinezooshop.md\/ro\/wp-json\/wp\/v2\/product\/9932"}],"collection":[{"href":"https:\/\/onlinezooshop.md\/ro\/wp-json\/wp\/v2\/product"}],"about":[{"href":"https:\/\/onlinezooshop.md\/ro\/wp-json\/wp\/v2\/types\/product"}],"wp:featuredmedia":[{"embeddable":true,"href":"https:\/\/onlinezooshop.md\/ro\/wp-json\/wp\/v2\/media\/12390"}],"wp:attachment":[{"href":"https:\/\/onlinezooshop.md\/ro\/wp-json\/wp\/v2\/media?parent=9932"}],"wp:term":[{"taxonomy":"product_cat","embeddable":true,"href":"https:\/\/onlinezooshop.md\/ro\/wp-json\/wp\/v2\/product_cat?post=9932"},{"taxonomy":"product_tag","embeddable":true,"href":"https:\/\/onlinezooshop.md\/ro\/wp-json\/wp\/v2\/product_tag?post=9932"}],"curies":[{"name":"wp","href":"https:\/\/api.w.org\/{rel}","templated":true}]}}