{"id":9934,"date":"2020-11-20T12:41:05","date_gmt":"2020-11-20T09:41:05","guid":{"rendered":"https:\/\/onlinezooshop.md\/?post_type=product&#038;p=9934"},"modified":"2025-12-08T13:49:28","modified_gmt":"2025-12-08T10:49:28","slug":"pro-plan-sterilized-s-lososem-10kg","status":"publish","type":"product","link":"https:\/\/onlinezooshop.md\/ro\/magazin\/pro-plan-sterilized-s-lososem-10kg\/","title":{"rendered":"Pro Plan Sterilized \u0441 \u043b\u043e\u0441\u043e\u0441\u0435\u043c, 10\u043a\u0433"},"content":{"rendered":"<p>PRO PLAN pentru pisici castrate \u0219i sterilizate este un aliment bogat \u00een proteine, cu con\u021binut sc\u0103zut de gr\u0103simi, care combin\u0103 to\u021bi nutrien\u021bii esen\u021biali, inclusiv vitaminele A, C \u0219i E, precum \u0219i acizii gra\u0219i Omega 3 \u0219i Omega 6. Asigur\u0103 echilibrul pH-ului \u00een urin\u0103.<\/p>\n<ul>\n<li>Men\u021bine s\u0103n\u0103tatea rinichilor:\u00a0<em>Con\u021bine OPTIRENAL\u00ae, un amestec special de nutrien\u021bi, inclusiv antioxidan\u021bi, arginin\u0103 \u0219i acizi gra\u0219i omega-3.<\/em><\/li>\n<li><em>Ajut\u0103 la reducerea riscului apari\u021biei bolii tractului urinar la pisici (LUTS): ALF \u0219i CPA \u00een urin\u0103 sunt men\u021binute la un nivel insaturat sau sc\u0103zut metastabil pentru struvit \u0219i oxalat de calciu.<\/em><\/li>\n<li><em>Ajut\u0103 la men\u021binerea greut\u0103\u021bii corporale ideale: bogat \u00een proteine \u200b\u200b(41%), s\u0103rac \u00een carbohidra\u021bi \u0219i bogat \u00een fibre.\u00a0<\/em><\/li>\n<li><em>Ghidul de hr\u0103nire a fost compilat av\u00e2nd \u00een vedere cerin\u021bele de energie reduse ale pisicilor \/ pisicilor castrate \/ castrate.<\/em><\/li>\n<li><em>Ajut\u0103 la protejarea din\u021bilor de formarea pl\u0103cii \u0219i tartrului: Granulele crocante reduc depozitele de plac\u0103 \u0219i tartru prin ac\u021biune mecanic\u0103.<\/em><\/li>\n<\/ul>\n<p><strong>Con\u021binut:\u00a0<\/strong>Somon (20%), pudr\u0103 de proteine \u200b\u200bde pas\u0103re, orez, gluten de porumb, gluten de gr\u00e2u, porumb, fibre de gr\u00e2u, praf de ou\u0103, minerale, gr\u0103simi animale, conservan\u021bi, aditiv furajer aromat, drojdie, vitamine, ulei de pe\u0219te, antioxidan\u021bi.<\/p>\n<p><strong>Aditivi \u00a0<\/strong>: Vitamina A: 35.000 UI \/ kg; vitamina D3: 900 UI \/ kg; vitamina E: 160. UI \/ kg, vitamina C: 160 mg \/ kg;<br \/>\nfier: 60mg \/ kg; iod: 1,9 mg \/ kg; cupru: 12mg \/ kg; mangan: 15mg \/ kg; zinc: 145mg \/ kg; seleniu: 0,12 mg \/ kg.<\/p>\n<p><strong>Analiz\u0103 garantat\u0103:<\/strong>\u00a0Proteine \u200b\u200b41,0% Gr\u0103simi 12,0% Cenu\u0219\u0103 7,0% Fibre 4,5% Calciu 1,3% Fosfor 1,1% Acid linoleic 1,8% Taurin\u0103 1500 mg \/ kg, acizi gra\u0219i omega-3: 0,7%, acizi gra\u0219i omega-6: 1,6%<\/p>\n<p><strong>Ghid de hr\u0103nire:<\/strong><\/p>\n<table>\n<tbody>\n<tr>\n<td><strong>Greutate corporal\u0103 (kg)<\/strong><\/td>\n<td><strong>Cantitatea zilnic\u0103 de furaje (g)<\/strong><\/td>\n<\/tr>\n<tr>\n<td>2 \u2013 4<\/td>\n<td>30 \u2013 60<\/td>\n<\/tr>\n<tr>\n<td>4 \u2013 6<\/td>\n<td>60 \u2013 90<\/td>\n<\/tr>\n<tr>\n<td>6 \u2013 8<\/td>\n<td>90 \u2013 120<\/td>\n<\/tr>\n<\/tbody>\n<\/table>\n<p>Recomand\u0103rile de hr\u0103nire pentru a v\u0103 ajuta s\u0103 v\u0103 men\u021bine\u021bi forma ideal\u0103 pot varia \u00een func\u021bie de v\u00e2rsta, activitatea \u0219i condi\u021biile de mediu ale animalului. Monitoriza\u021bi greutatea pisicii dvs. \u0219i ajusta\u021bi cantitatea de hran\u0103 dat\u0103. Asigura\u021bi-v\u0103 c\u0103 pisica dvs. are \u00eentotdeauna ap\u0103 potabil\u0103 curat\u0103 \u0219i proasp\u0103t\u0103. Pentru s\u0103n\u0103tatea pisicii dvs., consulta\u021bi medicul veterinar \u00een mod regulat.<\/p>","protected":false},"excerpt":{"rendered":"<p>Hrana\u00a0<strong>Pro Plan Sterilized<\/strong>\u00a0con\u021bine o combina\u021bie special\u0103, dezvoltat\u0103 \u0219tiin\u021bific de ingrediente pentru a men\u021bine pisicile s\u0103n\u0103toase \u00een timp.<\/p>","protected":false},"featured_media":12391,"template":"","meta":[],"product_cat":[68,111],"product_tag":[],"_links":{"self":[{"href":"https:\/\/onlinezooshop.md\/ro\/wp-json\/wp\/v2\/product\/9934"}],"collection":[{"href":"https:\/\/onlinezooshop.md\/ro\/wp-json\/wp\/v2\/product"}],"about":[{"href":"https:\/\/onlinezooshop.md\/ro\/wp-json\/wp\/v2\/types\/product"}],"wp:featuredmedia":[{"embeddable":true,"href":"https:\/\/onlinezooshop.md\/ro\/wp-json\/wp\/v2\/media\/12391"}],"wp:attachment":[{"href":"https:\/\/onlinezooshop.md\/ro\/wp-json\/wp\/v2\/media?parent=9934"}],"wp:term":[{"taxonomy":"product_cat","embeddable":true,"href":"https:\/\/onlinezooshop.md\/ro\/wp-json\/wp\/v2\/product_cat?post=9934"},{"taxonomy":"product_tag","embeddable":true,"href":"https:\/\/onlinezooshop.md\/ro\/wp-json\/wp\/v2\/product_tag?post=9934"}],"curies":[{"name":"wp","href":"https:\/\/api.w.org\/{rel}","templated":true}]}}