{"id":9935,"date":"2020-11-20T12:46:44","date_gmt":"2020-11-20T09:46:44","guid":{"rendered":"https:\/\/onlinezooshop.md\/?post_type=product&#038;p=9935"},"modified":"2025-12-08T14:22:26","modified_gmt":"2025-12-08T11:22:26","slug":"pro-plan-original-adult-s-lososem-1-5kg","status":"publish","type":"product","link":"https:\/\/onlinezooshop.md\/ro\/magazin\/pro-plan-original-adult-s-lososem-1-5kg\/","title":{"rendered":"Pro Plan Original Adult \u0441 \u043b\u043e\u0441\u043e\u0441\u0435\u043c, 1.5\u043a\u0433"},"content":{"rendered":"<ul>\n<li>Proteinele \u0219i carbohidra\u021bii din somonul pentru adul\u021bi Pro Plan Original sunt u\u0219or de digerat \u0219i ofer\u0103 un aport bun de nutrien\u021bi.<\/li>\n<li>O parte proteic\u0103 crescut\u0103, care promoveaz\u0103 formarea de anticorpi \u0219i antioxidan\u021bi eficien\u021bi - pentru a men\u021bine puterea de protec\u021bie.<\/li>\n<li>Carnea de somon de \u00eenalt\u0103 calitate ca ingredient principal pentru a \u00eembun\u0103t\u0103\u021bi aportul nutri\u021bional al pisicii tale.<\/li>\n<li>Forma \u0219i textura unic\u0103 a crochetului ajut\u0103 la reducerea riscului de formare a pl\u0103cii \u0219i tartrului cu 40%.<\/li>\n<\/ul>\n<p><strong>Con\u021binut:\u00a0<\/strong>Somon (18%), carne de pas\u0103re deshidratat\u0103, gr\u00e2u, orez, f\u0103in\u0103 de gluten de porumb, f\u0103in\u0103 de gluten de gr\u00e2u, gr\u0103sime animal\u0103, praf de ou uscat, porumb, minerale, r\u0103d\u0103cin\u0103 de cicoare uscat\u0103, fibre, drojdie, ulei de pe\u0219te.<br \/>\nConservan\u021bi, aminoacizi, ulei de pe\u0219te, vitamine.<\/p>\n<p><strong>Aditivi:\u00a0<\/strong><em>Suplimente nutritive:\u00a0<\/em>Vitamina A (37.000 UI \/ kg), Vitamina D3 (1200 UI \/ kg), Vitamina E (670 UI \/ kg), Vitamina C (160 mg \/ kg), Sulfat de fier (II) Monohidrat (81 mg \/ kg) Iodat anhidru calciu (2,0 mg \/ kg), sulfat de cupru pentahidrat (12 mg \/ kg), sulfat de mangan monohidrat (38 mg \/ kg), sulfat de zinc monohidrat (130 mg \/ kg), selenit de sodiu (0,12 mg \/ kg) ...<br \/>\nCon\u021bine antioxidan\u021bi.<\/p>","protected":false},"excerpt":{"rendered":"<p>Hrana<strong>\u00a0Pro Plan Original Adult<\/strong>\u00a0cu somon - pentru pisicile adulte cu activitate normal\u0103, con\u021bine somon proasp\u0103t, care contribuie la str\u0103lucirea hainei, reduce formarea tartrului \u0219i \u00eent\u0103re\u0219te rinichii.<\/p>","protected":false},"featured_media":12407,"template":"","meta":[],"product_cat":[68,111],"product_tag":[],"_links":{"self":[{"href":"https:\/\/onlinezooshop.md\/ro\/wp-json\/wp\/v2\/product\/9935"}],"collection":[{"href":"https:\/\/onlinezooshop.md\/ro\/wp-json\/wp\/v2\/product"}],"about":[{"href":"https:\/\/onlinezooshop.md\/ro\/wp-json\/wp\/v2\/types\/product"}],"wp:featuredmedia":[{"embeddable":true,"href":"https:\/\/onlinezooshop.md\/ro\/wp-json\/wp\/v2\/media\/12407"}],"wp:attachment":[{"href":"https:\/\/onlinezooshop.md\/ro\/wp-json\/wp\/v2\/media?parent=9935"}],"wp:term":[{"taxonomy":"product_cat","embeddable":true,"href":"https:\/\/onlinezooshop.md\/ro\/wp-json\/wp\/v2\/product_cat?post=9935"},{"taxonomy":"product_tag","embeddable":true,"href":"https:\/\/onlinezooshop.md\/ro\/wp-json\/wp\/v2\/product_tag?post=9935"}],"curies":[{"name":"wp","href":"https:\/\/api.w.org\/{rel}","templated":true}]}}