{"id":9937,"date":"2020-11-20T12:51:57","date_gmt":"2020-11-20T09:51:57","guid":{"rendered":"https:\/\/onlinezooshop.md\/?post_type=product&#038;p=9937"},"modified":"2025-12-08T14:17:10","modified_gmt":"2025-12-08T11:17:10","slug":"pro-plan-original-kitten-s-kuricej-1-5kg","status":"publish","type":"product","link":"https:\/\/onlinezooshop.md\/ro\/magazin\/pro-plan-original-kitten-s-kuricej-1-5kg\/","title":{"rendered":"Pro Plan Original Kitten \u0441 \u043a\u0443\u0440\u0438\u0446\u0435\u0439, 1.5\u043a\u0433"},"content":{"rendered":"<p>Potrivit pentru hr\u0103nirea pisoiilor castrati \u0219i castrati, precum \u0219i recomandat pentru pisicile gravide \u0219i care al\u0103pteaz\u0103.<\/p>\n<p><strong>Ingrediente<\/strong>pui (20%), pudr\u0103 de proteine \u200b\u200bde pas\u0103re, orez, gluten de gr\u00e2u, gr\u0103sime animal\u0103, gluten de porumb, concentrat de proteine \u200b\u200bdin maz\u0103re, amidon de porumb, ou\u0103 pudr\u0103, minerale, aditiv furajer aromat, drojdie, ulei de pe\u0219te, conservan\u021bi, vitamine, aminoacizi, colostru (0,1%)<\/p>","protected":false},"excerpt":{"rendered":"<p><strong>Pro Plan Junior<\/strong>\u00a0 - hran\u0103 complet\u0103 uscat\u0103 pentru pisoi pe baz\u0103 de pui \u0219i orez ca surs\u0103 principal\u0103 de carbohidra\u021bi cu ad\u0103ugarea unui complex\u00a0<strong>OPTISTART<\/strong>, stimuleaz\u0103 r\u0103spunsul imun \u0219i ajut\u0103 la \u00eent\u0103rirea imunit\u0103\u021bii necesare puii \u00een cre\u0219tere.<\/p>","protected":false},"featured_media":12405,"template":"","meta":[],"product_cat":[68,111],"product_tag":[],"_links":{"self":[{"href":"https:\/\/onlinezooshop.md\/ro\/wp-json\/wp\/v2\/product\/9937"}],"collection":[{"href":"https:\/\/onlinezooshop.md\/ro\/wp-json\/wp\/v2\/product"}],"about":[{"href":"https:\/\/onlinezooshop.md\/ro\/wp-json\/wp\/v2\/types\/product"}],"wp:featuredmedia":[{"embeddable":true,"href":"https:\/\/onlinezooshop.md\/ro\/wp-json\/wp\/v2\/media\/12405"}],"wp:attachment":[{"href":"https:\/\/onlinezooshop.md\/ro\/wp-json\/wp\/v2\/media?parent=9937"}],"wp:term":[{"taxonomy":"product_cat","embeddable":true,"href":"https:\/\/onlinezooshop.md\/ro\/wp-json\/wp\/v2\/product_cat?post=9937"},{"taxonomy":"product_tag","embeddable":true,"href":"https:\/\/onlinezooshop.md\/ro\/wp-json\/wp\/v2\/product_tag?post=9937"}],"curies":[{"name":"wp","href":"https:\/\/api.w.org\/{rel}","templated":true}]}}