{"id":9939,"date":"2020-11-20T12:55:49","date_gmt":"2020-11-20T09:55:49","guid":{"rendered":"https:\/\/onlinezooshop.md\/?post_type=product&#038;p=9939"},"modified":"2025-12-08T13:47:46","modified_gmt":"2025-12-08T10:47:46","slug":"pro-plan-sterilised-s-krolikom-1-5kg","status":"publish","type":"product","link":"https:\/\/onlinezooshop.md\/ro\/magazin\/pro-plan-sterilised-s-krolikom-1-5kg\/","title":{"rendered":"Pro Plan Sterilised \u0441 \u043a\u0440\u043e\u043b\u0438\u043a\u043e\u043c, 1.5\u043a\u0433"},"content":{"rendered":"<ul>\n<li>Hran\u0103 complet\u0103 pentru pisici adulte castrate \u0219i castrate<\/li>\n<li>Formulat special pentru a satisface nevoile specifice pisicilor dup\u0103 castrare<\/li>\n<li><strong>Formula OptiRenal:<\/strong>\u00a0contribuie la men\u021binerea s\u0103n\u0103t\u0103\u021bii rinichilor \u0219i a sistemului urinar, precum \u0219i a acidit\u0103\u021bii normale a urinei<\/li>\n<li><strong>Compozi\u021bie optim\u0103 a nutrien\u021bilor:<\/strong>\u00a0amestecul de componente con\u021bine toate mineralele necesare, vitaminele A, C \u0219i E, acizi gra\u0219i omega-3 \u0219i omega-6 \u0219i antioxidan\u021bi<\/li>\n<li><strong>Iepure:<\/strong>\u00a0 surse de proteine \u200b\u200bu\u0219or digerabile<\/li>\n<li><strong>Raport ideal dintre proteine \u200b\u200b\u0219i gr\u0103simi<\/strong>\u00a0contribuie la men\u021binerea masei musculare ideale \u0219i a greut\u0103\u021bii dorite<\/li>\n<li><strong>Reduce probabilitatea form\u0103rii tartrului<\/strong>\u00a0\u0219i placa dentar\u0103<\/li>\n<li><strong>Formula dezvoltat\u0103 \u0219tiin\u021bific<\/strong>, creat cu participarea medicilor veterinari \u0219i nutri\u021bioni\u0219ti, are un efect pozitiv asupra s\u0103n\u0103t\u0103\u021bii<\/li>\n<li><strong>Piele \u0219i blan\u0103 s\u0103n\u0103toas\u0103<\/strong>\u00a0datorit\u0103 acizilor gra\u0219i nesatura\u021bi din uleiul de pe\u0219te<\/li>\n<\/ul>\n<p><strong>Con\u021binut:\u00a0<\/strong>Iepure, proteine \u200b\u200bde pas\u0103re deshidratate, orez, gluten de f\u0103in\u0103 de porumb, gluten de f\u0103in\u0103 de gr\u00e2u, gr\u00e2u, fibre de gr\u00e2u, carne de iepure (4%), gr\u0103simi animale, ou uscat, porumb, ulei de pe\u0219te, minerale, autolizat, drojdie.<br \/>\n<strong>Adaosuri la kg:\u00a0<\/strong>Vitamina A (32000 UI), vitamina D3 (1000 UI), vitamina E (670 UI), vitamina C (140 mg), fier [E1] (76 mg), iod [E2] (1,9 mg), cupru [ E4] (12 mg), mangan [E5] (36 mg), zinc [E6] (120 mg), seleniu [E8] (0,11 mg).<\/p>","protected":false},"excerpt":{"rendered":"<p class=\"producttitle\">Pro Plan Sterilizat cu Iepure este un aliment complet pentru pisici sterilizate.<\/p>","protected":false},"featured_media":12389,"template":"","meta":[],"product_cat":[68,111],"product_tag":[],"_links":{"self":[{"href":"https:\/\/onlinezooshop.md\/ro\/wp-json\/wp\/v2\/product\/9939"}],"collection":[{"href":"https:\/\/onlinezooshop.md\/ro\/wp-json\/wp\/v2\/product"}],"about":[{"href":"https:\/\/onlinezooshop.md\/ro\/wp-json\/wp\/v2\/types\/product"}],"wp:featuredmedia":[{"embeddable":true,"href":"https:\/\/onlinezooshop.md\/ro\/wp-json\/wp\/v2\/media\/12389"}],"wp:attachment":[{"href":"https:\/\/onlinezooshop.md\/ro\/wp-json\/wp\/v2\/media?parent=9939"}],"wp:term":[{"taxonomy":"product_cat","embeddable":true,"href":"https:\/\/onlinezooshop.md\/ro\/wp-json\/wp\/v2\/product_cat?post=9939"},{"taxonomy":"product_tag","embeddable":true,"href":"https:\/\/onlinezooshop.md\/ro\/wp-json\/wp\/v2\/product_tag?post=9939"}],"curies":[{"name":"wp","href":"https:\/\/api.w.org\/{rel}","templated":true}]}}