{"id":9941,"date":"2020-11-20T12:58:55","date_gmt":"2020-11-20T09:58:55","guid":{"rendered":"https:\/\/onlinezooshop.md\/?post_type=product&#038;p=9941"},"modified":"2025-12-08T14:04:59","modified_gmt":"2025-12-08T11:04:59","slug":"pro-plan-elegant-s-lososem-1-5kg","status":"publish","type":"product","link":"https:\/\/onlinezooshop.md\/ro\/magazin\/pro-plan-elegant-s-lososem-1-5kg\/","title":{"rendered":"Pro Plan Elegant \u0441 \u043b\u043e\u0441\u043e\u0441\u0435\u043c, 1.5\u043a\u0433"},"content":{"rendered":"<ul>\n<li>Blan\u0103 m\u0103t\u0103soas\u0103 \u0219i lucioas\u0103<\/li>\n<li>Ajut\u0103 la reducerea caderii excesive a p\u0103rului<\/li>\n<li>Controleaz\u0103 formarea bilelor de p\u0103r, \u00eendep\u0103rteaz\u0103 \u00een siguran\u021b\u0103 \u0219i u\u0219or p\u0103rul din tractul digestiv<\/li>\n<li>F\u0103cut cu buc\u0103\u021bi de somon<\/li>\n<\/ul>\n<p>Pisica ta va sim\u021bi diferen\u021ba<\/p>\n<p><strong>Ingrediente<\/strong>Somon (16%), gluten de porumb, gr\u00e2u, concentrat proteic de maz\u0103re, porumb, gr\u0103sime animal\u0103, gluten de gr\u00e2u, protein\u0103 de somon uscat, pulp\u0103 de sfecl\u0103 uscat\u0103, praf de ou\u0103, minerale, r\u0103d\u0103cin\u0103 de cicoare uscat\u0103, aditiv furajer aromat, drojdie.<\/p>\n<p><strong>Substan\u021be ad\u0103ugate:\u00a0<\/strong>vitamina A 32600 UI \/ kg vitamina D3 1060 UI \/ kg vitamina E 720 mg \/ kg vitamina C 140 UI \/ kg Fier 60 UI \/ kg Iod 1,9 UI \/ kg Cupru 11 UI \/ kg Mangan 9 UI \/ kg Zinc 140 UI \/ kg Seleniu 0,12 UI \/ kg Con\u021binut de nutrien\u021bi Proteine \u200b\u200b36,0% Gr\u0103simi 16,0% Cenu\u0219\u0103 6,5% Fibre 6,0% Omega 6 2,% Omega 3 0,8%<\/p>","protected":false},"excerpt":{"rendered":"<p><strong>Pro Plan Elegant<\/strong>\u00a0pentru pielea sensibil\u0103 cu somon Derma Plus - combin\u0103 to\u021bi nutrien\u021bii esen\u021biali, inclusiv vitaminele B, vitamina E \u0219i zincul, precum \u0219i acizii gra\u0219i Omega-3 \u0219i Omega-6 \u0219i fibrele dietetice.<\/p>","protected":false},"featured_media":12401,"template":"","meta":[],"product_cat":[68,111],"product_tag":[],"_links":{"self":[{"href":"https:\/\/onlinezooshop.md\/ro\/wp-json\/wp\/v2\/product\/9941"}],"collection":[{"href":"https:\/\/onlinezooshop.md\/ro\/wp-json\/wp\/v2\/product"}],"about":[{"href":"https:\/\/onlinezooshop.md\/ro\/wp-json\/wp\/v2\/types\/product"}],"wp:featuredmedia":[{"embeddable":true,"href":"https:\/\/onlinezooshop.md\/ro\/wp-json\/wp\/v2\/media\/12401"}],"wp:attachment":[{"href":"https:\/\/onlinezooshop.md\/ro\/wp-json\/wp\/v2\/media?parent=9941"}],"wp:term":[{"taxonomy":"product_cat","embeddable":true,"href":"https:\/\/onlinezooshop.md\/ro\/wp-json\/wp\/v2\/product_cat?post=9941"},{"taxonomy":"product_tag","embeddable":true,"href":"https:\/\/onlinezooshop.md\/ro\/wp-json\/wp\/v2\/product_tag?post=9941"}],"curies":[{"name":"wp","href":"https:\/\/api.w.org\/{rel}","templated":true}]}}