{"id":9943,"date":"2020-11-20T13:15:14","date_gmt":"2020-11-20T10:15:14","guid":{"rendered":"https:\/\/onlinezooshop.md\/?post_type=product&#038;p=9943"},"modified":"2025-12-08T14:02:41","modified_gmt":"2025-12-08T11:02:41","slug":"pro-plan-delicate-s-indejkoj-400gr","status":"publish","type":"product","link":"https:\/\/onlinezooshop.md\/ro\/magazin\/pro-plan-delicate-s-indejkoj-400gr\/","title":{"rendered":"Pro Plan Delicate \u0441 \u0438\u043d\u0434\u0435\u0439\u043a\u043e\u0439, 400\u0433*8\u0448\u0442."},"content":{"rendered":"<ul>\n<li>Men\u021bine s\u0103n\u0103tatea rinichilor:\u00a0<em>Con\u021bine OPTIRENAL\u00ae, un amestec special de nutrien\u021bi, inclusiv antioxidan\u021bi, arginin\u0103 \u0219i acizi gra\u0219i omega-3.<\/em><\/li>\n<li>Sprijin\u0103 un sistem imunitar s\u0103n\u0103tos:\u00a0<em>Are un con\u021binut ridicat de proteine \u200b\u200b(40%) \u0219i vitamine E \u0219i C.<\/em><\/li>\n<li>Ajut\u0103 la \u00eembun\u0103t\u0103\u021birea toleran\u021bei alimentare:\u00a0<em>Formula proteic\u0103 limitat\u0103, cu ingrediente de \u00eenalt\u0103 calitate.<\/em><\/li>\n<li>Re\u021bet\u0103 cu calit\u0103\u021bi gustative \u00eenalte:\u00a0<em>Fabricat din ingrediente de \u00eenalt\u0103 calitate, cu o coaj\u0103 special\u0103 de granule.<\/em><\/li>\n<\/ul>\n<p><strong>Ingrediente:<\/strong>curcan (18%), orez, gluten de porumb, concentrat de proteine \u200b\u200bde maz\u0103re, praf de proteine \u200b\u200bde curcan, gr\u0103sime animal\u0103, praf de ou, amidon de porumb, porumb, minerale, ulei de pe\u0219te, aditiv furajer aromat, drojdie<\/p>\n<p><strong>Aditivi<\/strong>: Vitamina A: 23000 U \/ kg Vitamina D3: 1700 U \/ kg Vitamina E (\u03b1 tocoferol): 550 mg \/ kg Vitamina C (acid ascorbic): 70 mg \/ kg<\/p>\n<p><strong>Analiz\u0103 garantat\u0103:<\/strong><strong>\u00a0<\/strong>Proteine \u200b\u200b40,0% Gr\u0103simi 18,0% Cenu\u0219\u0103 7,0% Fibre 1,0% Umiditate 7,5% Calciu 1,0% Fosfor 0,9% Acid linoleic 2,3% Taurin\u0103.<\/p>\n<p><strong>Ghid de hr\u0103nire:<\/strong><\/p>\n<table>\n<tbody>\n<tr>\n<td><strong>Greutate corporal\u0103 (kg)<\/strong><\/td>\n<td><strong>Cantitatea zilnic\u0103 de furaje (g)<\/strong><\/td>\n<\/tr>\n<tr>\n<td>2 \u2013 4<\/td>\n<td>30 \u2013 60<\/td>\n<\/tr>\n<tr>\n<td>4 \u2013 6<\/td>\n<td>60 \u2013 90<\/td>\n<\/tr>\n<tr>\n<td>6 \u2013 8<\/td>\n<td>90 \u2013 120<\/td>\n<\/tr>\n<\/tbody>\n<\/table>\n<p>Recomand\u0103rile de hr\u0103nire pentru a v\u0103 ajuta s\u0103 v\u0103 men\u021bine\u021bi forma ideal\u0103 pot varia \u00een func\u021bie de v\u00e2rsta, activitatea \u0219i condi\u021biile de mediu ale animalului. Monitoriza\u021bi greutatea pisicii dvs. \u0219i ajusta\u021bi cantitatea de hran\u0103 dat\u0103. Asigura\u021bi-v\u0103 c\u0103 pisica dvs. are \u00eentotdeauna ap\u0103 potabil\u0103 curat\u0103 \u0219i proasp\u0103t\u0103. Pentru s\u0103n\u0103tatea pisicii dvs., consulta\u021bi medicul veterinar \u00een mod regulat.<\/p>","protected":false},"excerpt":{"rendered":"<p>Pentru pisicile adulte cu un sistem digestiv sensibil sau alimente agitate. PRO PLAN Delicate este un aliment echilibrat pentru pisici care combin\u0103 to\u021bi nutrien\u021bii esen\u021biali, inclusiv vitaminele \u0219i mineralele.<\/p>","protected":false},"featured_media":12399,"template":"","meta":[],"product_cat":[68,111],"product_tag":[],"_links":{"self":[{"href":"https:\/\/onlinezooshop.md\/ro\/wp-json\/wp\/v2\/product\/9943"}],"collection":[{"href":"https:\/\/onlinezooshop.md\/ro\/wp-json\/wp\/v2\/product"}],"about":[{"href":"https:\/\/onlinezooshop.md\/ro\/wp-json\/wp\/v2\/types\/product"}],"wp:featuredmedia":[{"embeddable":true,"href":"https:\/\/onlinezooshop.md\/ro\/wp-json\/wp\/v2\/media\/12399"}],"wp:attachment":[{"href":"https:\/\/onlinezooshop.md\/ro\/wp-json\/wp\/v2\/media?parent=9943"}],"wp:term":[{"taxonomy":"product_cat","embeddable":true,"href":"https:\/\/onlinezooshop.md\/ro\/wp-json\/wp\/v2\/product_cat?post=9943"},{"taxonomy":"product_tag","embeddable":true,"href":"https:\/\/onlinezooshop.md\/ro\/wp-json\/wp\/v2\/product_tag?post=9943"}],"curies":[{"name":"wp","href":"https:\/\/api.w.org\/{rel}","templated":true}]}}