{"id":9951,"date":"2020-11-23T13:58:49","date_gmt":"2020-11-23T10:58:49","guid":{"rendered":"https:\/\/onlinezooshop.md\/?post_type=product&#038;p=9951"},"modified":"2025-12-05T15:04:34","modified_gmt":"2025-12-05T12:04:34","slug":"cat-chow-govyadina-i-baklazhany-85gr24sht","status":"publish","type":"product","link":"https:\/\/onlinezooshop.md\/ro\/magazin\/cat-chow-govyadina-i-baklazhany-85gr24sht\/","title":{"rendered":"Cat Chow \u0433\u043e\u0432\u044f\u0434\u0438\u043d\u0430 \u0438 \u0431\u0430\u043a\u043b\u0430\u0436\u0430\u043d\u044b, 85\u0433*24\u0448\u0442."},"content":{"rendered":"<p><strong>Con\u021binut:\u00a0<\/strong>carne \u0219i produse din carne procesate (din care carne de vit\u0103 4%), extracte de proteine \u200b\u200bvegetale, pe\u0219te \u0219i produse de prelucrare a pe\u0219telui, minerale, aminoacizi, agen\u021bi de \u00eengro\u0219are, legume (inclusiv 0,8% vinete uscate, echivalent cu 7% vinete), zah\u0103r, drojdie, vitamine.<\/p>\n<p><strong>Microelemente:<\/strong>\u00a0vitamina A: 580; vitamina D3: 89; vitamina E: 13; mg \/ kg: taurin\u0103: 360; fier: 6,7; iod: 0,16; cupru: 0,58; mangan: 1,3; zinc: 12,1.<\/p>","protected":false},"excerpt":{"rendered":"<p><strong>Cat Chow cu vit\u0103 \u0219i vinete \u00een jeleu<\/strong>\u00a0con\u021bine o combina\u021bie de ingrediente special\u0103, elaborat\u0103 cu ajutorul oamenilor de \u0219tiin\u021b\u0103\u00a0<strong>pentru men\u021binerea s\u0103n\u0103t\u0103\u021bii pisicii\u00a0<\/strong>pentru o perioad\u0103 lung\u0103 de timp.<\/p>","protected":false},"featured_media":12340,"template":"","meta":[],"product_cat":[68,112],"product_tag":[],"_links":{"self":[{"href":"https:\/\/onlinezooshop.md\/ro\/wp-json\/wp\/v2\/product\/9951"}],"collection":[{"href":"https:\/\/onlinezooshop.md\/ro\/wp-json\/wp\/v2\/product"}],"about":[{"href":"https:\/\/onlinezooshop.md\/ro\/wp-json\/wp\/v2\/types\/product"}],"wp:featuredmedia":[{"embeddable":true,"href":"https:\/\/onlinezooshop.md\/ro\/wp-json\/wp\/v2\/media\/12340"}],"wp:attachment":[{"href":"https:\/\/onlinezooshop.md\/ro\/wp-json\/wp\/v2\/media?parent=9951"}],"wp:term":[{"taxonomy":"product_cat","embeddable":true,"href":"https:\/\/onlinezooshop.md\/ro\/wp-json\/wp\/v2\/product_cat?post=9951"},{"taxonomy":"product_tag","embeddable":true,"href":"https:\/\/onlinezooshop.md\/ro\/wp-json\/wp\/v2\/product_tag?post=9951"}],"curies":[{"name":"wp","href":"https:\/\/api.w.org\/{rel}","templated":true}]}}