{"id":9955,"date":"2020-11-23T14:11:33","date_gmt":"2020-11-23T11:11:33","guid":{"rendered":"https:\/\/onlinezooshop.md\/?post_type=product&#038;p=9955"},"modified":"2025-12-05T15:03:52","modified_gmt":"2025-12-05T12:03:52","slug":"cat-chow-yagnenok-i-fasol-85gr24sht","status":"publish","type":"product","link":"https:\/\/onlinezooshop.md\/ro\/magazin\/cat-chow-yagnenok-i-fasol-85gr24sht\/","title":{"rendered":"Cat Chow \u044f\u0433\u043d\u0435\u043d\u043e\u043a \u0438 \u0444\u0430\u0441\u043e\u043b\u044c, 85\u0433*24\u0448\u0442."},"content":{"rendered":"<p><strong>Con\u021binut:\u00a0<\/strong>carne \u0219i produse din carne procesate (din care miel * min.4%), extract de proteine \u200b\u200bvegetale, pe\u0219te \u0219i produse prelucrate din pe\u0219te *, minerale, aminoacizi, \u00eengro\u0219\u0103tori, legume * (inclusiv 0,8% fasole verde uscat\u0103, echivalent cu 7 % fasole verde), zah\u0103r, drojdie *, vitamine.\n * Ingrediente naturale<\/p>\n<p><strong>Microelemente:<\/strong>\u00a0substan\u021be ad\u0103ugate: UI \/ kg: vitamina A: 580; vitamina D3: 89; vitamina E: 13; mg \/ kg: taurin\u0103: 360; fier: 6,7; iod: 0,16; cupru: 0,58; mangan: 1,3; zinc: 12,1<\/p>\n<p>&nbsp;<\/p>","protected":false},"excerpt":{"rendered":"<p>\u0421\u043e\u0441\u0442\u0430\u0432:\u00a0\u043c\u044f\u0441\u043e \u0438 \u043f\u0440\u043e\u0434\u0443\u043a\u0442\u044b \u043f\u0435\u0440\u0435\u0440\u0430\u0431\u043e\u0442\u043a\u0438 \u043c\u044f\u0441\u0430 (\u0438\u0437 \u043a\u043e\u0442\u043e\u0440\u044b\u0445 \u044f\u0433\u043d\u0435\u043d\u043e\u043a* \u043c\u0438\u043d. 4%), \u044d\u043a\u0441\u0442\u0440\u0430\u043a\u0442 \u0440\u0430\u0441\u0442\u0438\u0442\u0435\u043b\u044c\u043d\u043e\u0433\u043e \u0431\u0435\u043b\u043a\u0430, \u0440\u044b\u0431\u0430 \u0438 \u043f\u0440\u043e\u0434\u0443\u043a\u0442\u044b \u043f\u0435\u0440\u0435\u0440\u0430\u0431\u043e\u0442\u043a\u0438 \u0440\u044b\u0431\u044b*, \u043c\u0438\u043d\u0435\u0440\u0430\u043b\u044c\u043d\u044b\u0435 \u0432\u0435\u0449\u0435\u0441\u0442\u0432\u0430,<\/p>","protected":false},"featured_media":12338,"template":"","meta":[],"product_cat":[68,112],"product_tag":[],"_links":{"self":[{"href":"https:\/\/onlinezooshop.md\/ro\/wp-json\/wp\/v2\/product\/9955"}],"collection":[{"href":"https:\/\/onlinezooshop.md\/ro\/wp-json\/wp\/v2\/product"}],"about":[{"href":"https:\/\/onlinezooshop.md\/ro\/wp-json\/wp\/v2\/types\/product"}],"wp:featuredmedia":[{"embeddable":true,"href":"https:\/\/onlinezooshop.md\/ro\/wp-json\/wp\/v2\/media\/12338"}],"wp:attachment":[{"href":"https:\/\/onlinezooshop.md\/ro\/wp-json\/wp\/v2\/media?parent=9955"}],"wp:term":[{"taxonomy":"product_cat","embeddable":true,"href":"https:\/\/onlinezooshop.md\/ro\/wp-json\/wp\/v2\/product_cat?post=9955"},{"taxonomy":"product_tag","embeddable":true,"href":"https:\/\/onlinezooshop.md\/ro\/wp-json\/wp\/v2\/product_tag?post=9955"}],"curies":[{"name":"wp","href":"https:\/\/api.w.org\/{rel}","templated":true}]}}