{"id":9959,"date":"2020-11-23T14:20:09","date_gmt":"2020-11-23T11:20:09","guid":{"rendered":"https:\/\/onlinezooshop.md\/?post_type=product&#038;p=9959"},"modified":"2025-12-05T15:07:55","modified_gmt":"2025-12-05T12:07:55","slug":"cat-chow-kitten-indejka-i-kabachki-85gr24sht","status":"publish","type":"product","link":"https:\/\/onlinezooshop.md\/ro\/magazin\/cat-chow-kitten-indejka-i-kabachki-85gr24sht\/","title":{"rendered":"Cat Chow Kitten \u0438\u043d\u0434\u0435\u0439\u043a\u0430 \u0438 \u043a\u0430\u0431\u0430\u0447\u043a\u0438, 85\u0433*24\u0448\u0442."},"content":{"rendered":"<p><strong>Con\u021binut:<\/strong>\u00a0carne \u0219i produse de prelucrare (din care curcan * min.4%), extracte de proteine \u200b\u200bvegetale, pe\u0219te \u0219i produse de prelucrare a pe\u0219telui *, produse prelucrate din materii prime vegetale, minerale, aminoacizi, legume * (0,9% dovlecei usca\u021bi este echivalent cu 8% dovlecei), agen\u021bi de \u00eengro\u0219are, vitamine, zaharuri, drojdie *.<\/p>\n<p><strong>Substan\u021be ad\u0103ugate:\u00a0<\/strong>UI \/ kg: vitamina A: 1500; vitamina D3: 210; vitamina E: 230; mg \/ kg: taurin\u0103: 680; fier: 18; iod: 0,53; cupru: 1,3; mangan: 2,5; zinc: 35.<\/p>\n<p><strong>Indicatori de umiditate garantat\u0103:<\/strong>\u00a076%, proteine: 14,5%, con\u021binut de gr\u0103simi: 3,5%, cenu\u0219\u0103 brut\u0103: 2,4%, fibre brute: 0,8%.<\/p>","protected":false},"excerpt":{"rendered":"<p>Pentru pisoi de la 6 la 12 s\u0103pt\u0103m\u00e2ni, se recomand\u0103 1 p\u00e2n\u0103 la 4 plicuri de alimente pe zi; de la 12 la 24 de s\u0103pt\u0103m\u00e2ni - 2 p\u00e2n\u0103 la 5 plicuri pe zi; de la 24 la 48 de s\u0103pt\u0103m\u00e2ni - 5 p\u00e2n\u0103 la 2 plicuri pe zi, \u00eemp\u0103r\u021bite \u00een dou\u0103 hr\u0103niri sau dup\u0103 dorin\u021b\u0103<\/p>","protected":false},"featured_media":12335,"template":"","meta":[],"product_cat":[68,112],"product_tag":[],"_links":{"self":[{"href":"https:\/\/onlinezooshop.md\/ro\/wp-json\/wp\/v2\/product\/9959"}],"collection":[{"href":"https:\/\/onlinezooshop.md\/ro\/wp-json\/wp\/v2\/product"}],"about":[{"href":"https:\/\/onlinezooshop.md\/ro\/wp-json\/wp\/v2\/types\/product"}],"wp:featuredmedia":[{"embeddable":true,"href":"https:\/\/onlinezooshop.md\/ro\/wp-json\/wp\/v2\/media\/12335"}],"wp:attachment":[{"href":"https:\/\/onlinezooshop.md\/ro\/wp-json\/wp\/v2\/media?parent=9959"}],"wp:term":[{"taxonomy":"product_cat","embeddable":true,"href":"https:\/\/onlinezooshop.md\/ro\/wp-json\/wp\/v2\/product_cat?post=9959"},{"taxonomy":"product_tag","embeddable":true,"href":"https:\/\/onlinezooshop.md\/ro\/wp-json\/wp\/v2\/product_tag?post=9959"}],"curies":[{"name":"wp","href":"https:\/\/api.w.org\/{rel}","templated":true}]}}