{"id":9961,"date":"2020-11-23T14:25:58","date_gmt":"2020-11-23T11:25:58","guid":{"rendered":"https:\/\/onlinezooshop.md\/?post_type=product&#038;p=9961"},"modified":"2025-12-05T15:04:59","modified_gmt":"2025-12-05T12:04:59","slug":"cat-chow-sterilised-kurica-i-baklazhan-85gr24sht","status":"publish","type":"product","link":"https:\/\/onlinezooshop.md\/ro\/magazin\/cat-chow-sterilised-kurica-i-baklazhan-85gr24sht\/","title":{"rendered":"Cat Chow Sterilised \u043a\u0443\u0440\u0438\u0446\u0430 \u0438 \u0431\u0430\u043a\u043b\u0430\u0436\u0430\u043d, 85\u0433*24\u0448\u0442."},"content":{"rendered":"<p><strong>Con\u021binut:\u00a0<\/strong>carne \u0219i produse de prelucrare (din care pui 4%), extracte de proteine \u200b\u200bvegetale, pe\u0219te \u0219i produse de prelucrare, minerale, aminoacizi, legume * (0,9% vinete uscate echivaleaz\u0103 cu 8% vinete), produse procesate din materii prime vegetale, agen\u021bi de \u00eengro\u0219are, zaharuri, vitamine, drojdie *.<\/p>\n<p><strong>Microelemente:<\/strong>\u00a0vitamina A: 580; vitamina D3: 89; vitamina E: 13; mg \/ kg: taurin\u0103: 360; fier: 6,7; iod: 0,16; cupru: 0,58; mangan: 1,3; zinc: 12,1.<\/p>","protected":false},"excerpt":{"rendered":"<p><strong>Cat Chow Sterilised buc\u0103\u021bi \u00een sos cu pui \u0219i vinete\u00a0<\/strong>special conceput pentru a men\u021bine un metabolism s\u0103n\u0103tos dup\u0103 sterilizare<\/p>","protected":false},"featured_media":12334,"template":"","meta":[],"product_cat":[68,112],"product_tag":[],"_links":{"self":[{"href":"https:\/\/onlinezooshop.md\/ro\/wp-json\/wp\/v2\/product\/9961"}],"collection":[{"href":"https:\/\/onlinezooshop.md\/ro\/wp-json\/wp\/v2\/product"}],"about":[{"href":"https:\/\/onlinezooshop.md\/ro\/wp-json\/wp\/v2\/types\/product"}],"wp:featuredmedia":[{"embeddable":true,"href":"https:\/\/onlinezooshop.md\/ro\/wp-json\/wp\/v2\/media\/12334"}],"wp:attachment":[{"href":"https:\/\/onlinezooshop.md\/ro\/wp-json\/wp\/v2\/media?parent=9961"}],"wp:term":[{"taxonomy":"product_cat","embeddable":true,"href":"https:\/\/onlinezooshop.md\/ro\/wp-json\/wp\/v2\/product_cat?post=9961"},{"taxonomy":"product_tag","embeddable":true,"href":"https:\/\/onlinezooshop.md\/ro\/wp-json\/wp\/v2\/product_tag?post=9961"}],"curies":[{"name":"wp","href":"https:\/\/api.w.org\/{rel}","templated":true}]}}