{"id":9963,"date":"2020-11-23T14:36:28","date_gmt":"2020-11-23T11:36:28","guid":{"rendered":"https:\/\/onlinezooshop.md\/?post_type=product&#038;p=9963"},"modified":"2025-12-03T15:51:02","modified_gmt":"2025-12-03T12:51:02","slug":"cat-chow-3-in-1-15kg","status":"publish","type":"product","link":"https:\/\/onlinezooshop.md\/ro\/magazin\/cat-chow-3-in-1-15kg\/","title":{"rendered":"Cat Chow 3 in 1, 15kg."},"content":{"rendered":"<p><strong>Con\u021binut:<\/strong><span class=\"Apple-converted-space\">\u00a0<\/span>cereale (cereale integrale *), carne \u0219i produse din carne procesate (20%, echivalent cu 40% din carne rehidratat\u0103 \u0219i produse din carne procesate, cel pu\u021bin 14% din p\u0103s\u0103ri de curte \u0219i 4% din curcan), produse vegetale (5,4% din pulp\u0103 de sfecl\u0103 uscat\u0103) ; 0,07% patrunjel uscat, echivalent cu 0,4% patrunjel *), gr\u0103simi vegetale \u0219i animale, extracte de proteine \u200b\u200bvegetale, legume * (r\u0103d\u0103cin\u0103 uscat\u0103 de cicoare; morcovi usca\u021bi; spanac uscat), conservan\u021bi, minerale, drojdie *, vitamine , antioxidan\u021bi.\u00a0<span class=\"Apple-converted-space\">\u00a0<\/span><br \/>\n*Ingrediente naturale.<span class=\"Apple-converted-space\">\u00a0<\/span><\/p>\n<p><strong>Aditivi:<\/strong><span class=\"Apple-converted-space\">\u00a0<\/span>UI \/ kg: vitamina A: 14.000; vitamina D3: 1150; vitamina E: 100; mg \/ kg: vitamine B: 125; fier: 50; iod: 1,7; cupru: 10; mangan: 5,7; zinc: 70; seleniu: 0,12.<span class=\"Apple-converted-space\">\u00a0<\/span><\/p>\n<p><strong>Analiz\u0103 garantat\u0103:<span class=\"Apple-converted-space\">\u00a0<\/span><\/strong>proteine: 32,0% gr\u0103simi: 11,0% cenu\u0219\u0103 brut\u0103: 7,5% fibre brute: 5,5%.<span class=\"Apple-converted-space\">\u00a0<\/span><\/p>\n<p><strong>Norma recomandat\u0103 de hr\u0103nire gr\/zi:<\/strong><\/p>\n<table width=\"80%\">\n<tbody>\n<tr>\n<td>Masa pisicii<\/td>\n<td>Cantitatea gr\/zi<\/td>\n<\/tr>\n<tr>\n<td>2 &#8212; 4 kg<\/td>\n<td>35 &#8212; 70 g<\/td>\n<\/tr>\n<tr>\n<td>4 &#8212; 6 kg<\/td>\n<td>70 &#8212; 100 g<\/td>\n<\/tr>\n<\/tbody>\n<\/table>\n<p>Norma de hr\u0103nire este pentru pisicile moderate la temperaturi ambientale normale. Nevoile individuale pot varia \u0219i hr\u0103nirea trebuie ajustat\u0103 pentru a men\u021bine pisica la greutatea optim\u0103. Asigura\u021bi-v\u0103 c\u0103 pisica dvs. are \u00eentotdeauna ap\u0103 potabil\u0103 curat\u0103 \u0219i proasp\u0103t\u0103.<\/p>","protected":false},"excerpt":{"rendered":"<p>Formula de ac\u021biune tripl\u0103 ajut\u0103<span class=\"Apple-converted-space\">\u00a0<\/span><strong>la protejarea din\u021bilor<\/strong><span class=\"Apple-converted-space\">\u00a0<\/span>de formarea pl\u0103cii \u0219i tartrului, con\u021bine minerale\u00a0<strong>pentru s\u0103n\u0103tatea sistemului urinar<\/strong><span class=\"Apple-converted-space\">\u00a0<\/span>\u0219i surse de fibre<strong><span class=\"Apple-converted-space\">\u00a0<\/span>pentru a controla formarea bilelor de p\u0103r<\/strong><span class=\"Apple-converted-space\">\u00a0<\/span>\u00een tractul gastro-intestinal.<\/p>","protected":false},"featured_media":12332,"template":"","meta":[],"product_cat":[68,112],"product_tag":[],"_links":{"self":[{"href":"https:\/\/onlinezooshop.md\/ro\/wp-json\/wp\/v2\/product\/9963"}],"collection":[{"href":"https:\/\/onlinezooshop.md\/ro\/wp-json\/wp\/v2\/product"}],"about":[{"href":"https:\/\/onlinezooshop.md\/ro\/wp-json\/wp\/v2\/types\/product"}],"wp:featuredmedia":[{"embeddable":true,"href":"https:\/\/onlinezooshop.md\/ro\/wp-json\/wp\/v2\/media\/12332"}],"wp:attachment":[{"href":"https:\/\/onlinezooshop.md\/ro\/wp-json\/wp\/v2\/media?parent=9963"}],"wp:term":[{"taxonomy":"product_cat","embeddable":true,"href":"https:\/\/onlinezooshop.md\/ro\/wp-json\/wp\/v2\/product_cat?post=9963"},{"taxonomy":"product_tag","embeddable":true,"href":"https:\/\/onlinezooshop.md\/ro\/wp-json\/wp\/v2\/product_tag?post=9963"}],"curies":[{"name":"wp","href":"https:\/\/api.w.org\/{rel}","templated":true}]}}